{"id":1171,"date":"2024-10-25T15:12:19","date_gmt":"2024-10-25T08:12:19","guid":{"rendered":"https:\/\/nge.123websitedev.com\/san-pham\/nhua-in-3d-esun-epla-silk-cao-cap-mau-bong-nhu-lua-1kg-cuon\/"},"modified":"2025-12-16T14:10:38","modified_gmt":"2025-12-16T07:10:38","slug":"nhua-in-3d-esun-epla-silk-cao-cap-mau-bong-nhu-lua-1kg-cuon","status":"publish","type":"product","link":"https:\/\/nge.vn\/en\/product\/nhua-in-3d-esun-epla-silk-cao-cap-mau-bong-nhu-lua-1kg-cuon\/","title":{"rendered":"Nh\u1ef1a in 3d eSun ePLA-Silk cao c\u1ea5p m\u00e0u b\u00f3ng nh\u01b0 l\u1ee5a 1kg\/Cu\u1ed9n"},"content":{"rendered":"<p>Nh\u1ef1a in 3d eSun ePLA-Silk cao c\u1ea5p m\u00e0u b\u00f3ng nh\u01b0 l\u1ee5a 1kg\/Cu\u1ed9n<br \/>\n_M\u1eabu in b\u1eb1ng s\u1ee3i nh\u1ef1a ePLA-Silk c\u00f3 k\u1ebft c\u1ea5u s\u00e1ng b\u00f3ng v\u00e0 b\u00f3ng nh\u01b0 l\u1ee5a.<br \/>\n_B\u1ec1 m\u1eb7t in c\u1ee7a s\u1ee3i nh\u1ef1a ePLA-Silk m\u1ecbn kh\u00f4ng c\u00f3 hoa v\u0103n l\u1edbp.<br \/>\n_S\u1ee3i nh\u1ef1a PLA Silk \u0111\u01b0\u1ee3c c\u1ea3i ti\u1ebfn t\u1eeb ch\u1ea5t li\u1ec7u PLA, d\u1ec5 in nh\u01b0 PLA.<br \/>\n_\u0110\u1ed9 d\u1ebbo dai cao l\u00e0 m\u1ed9t trong nh\u1eefng \u01b0u \u0111i\u1ec3m c\u1ee7a s\u1ee3i nh\u1ef1a PLA silk.<br \/>\n+K\u1ebft c\u1ea5u \u00e1nh l\u1ee5a v\u00e0 s\u00e1ng b\u00f3ng,<br \/>\n+B\u1ec1 m\u1eb7t m\u1ecbn.<br \/>\n+D\u1ec5 d\u00e0ng in d\u01b0\u1edbi d\u1ea1ng PLA.<br \/>\n+\u0110\u1ed9 d\u1ebbo dai cao<br \/>\n_\u1ee8ng d\u1ee5ng: Trang tr\u00ed, \u0111\u1ed3 ch\u01a1i.<\/p>\n<p>_Filament Properties Table<br \/>\n+3D PRINTING FILAMENT : ePLA-Silk<br \/>\n+Density(g\/cm3) : 1.21<br \/>\n+Heat Distortion Temp (\u00b0C,0.45MPa) : 50<br \/>\n+Melt Flow Index(g\/10min) : 4.8 (190\u00b0C\/2.16kg)<br \/>\n+Tensile Strength(MPa) : 52<br \/>\n+Elongation at Break(%) : 14.4<br \/>\n+Flexural Strength(MPa) : 65<br \/>\n+Flexural Modulus (MPa) : 1447<br \/>\n+IZOD Impact Strength(kJ\/m2) : 5.86<br \/>\n+Durability : 4\/10<br \/>\n+Printability : 9\/10<\/p>\n<p>_Recommended printing parameters<br \/>\n+Extruder Temperature(\u00b0C) : 190-230\u00b0C Recommended temperature\uff1a210\u2103<br \/>\n+Bed temperature (\u00b0C) : 45-60\u00b0C<br \/>\n+Fan Speed : 100%<br \/>\n+Printing Speed : 40-100mm\/s<br \/>\n+Heated Bed: Optional<br \/>\n+Recommended Build Surfaces : Masking paper, PVP solid glue, PEI<\/p>\n<p>**\u0110\u1ec3 \u0111\u01b0\u1ee3c nh\u1eadn h\u1ed9 tr\u1ee3 th\u00eam v\u1ec1 Gi\u00e1 v\u00e0 Th\u00f4ng tin c\u1ee7a s\u1ea3n ph\u1ea9m, vui l\u00f2ng li\u00ean h\u1ec7:<br \/>\n0913.939.775 &#8211; 0934.156.173 g\u1eb7p A. Qu\u00e2n (for English)<br \/>\n094.144.0951 contact A.Quynh<br \/>\n**Selling price does not include VAT (+10% if VAT invoice is issued)<\/p>","protected":false},"excerpt":{"rendered":"<p>Nh\u1ef1a in 3d eSun ePLA-Silk cao c\u1ea5p m\u00e0u b\u00f3ng nh\u01b0 l\u1ee5a 1kg\/Cu\u1ed9n<\/p>","protected":false},"featured_media":1163,"comment_status":"open","ping_status":"closed","template":"","meta":{"inline_featured_image":false},"product_brand":[],"product_cat":[43],"product_tag":[],"class_list":{"0":"post-1171","1":"product","2":"type-product","3":"status-publish","4":"has-post-thumbnail","6":"product_cat-nhua-in-3d-resin","8":"first","9":"instock","10":"sale","11":"taxable","12":"shipping-taxable","13":"purchasable","14":"product-type-variable"},"yoast_head":"<!-- This site is optimized with the Yoast SEO Premium plugin v22.8 (Yoast SEO v26.9) - https:\/\/yoast.com\/product\/yoast-seo-premium-wordpress\/ -->\n<title>Nh\u1ef1a in 3d eSun ePLA-Silk cao c\u1ea5p m\u00e0u b\u00f3ng nh\u01b0 l\u1ee5a 1kg\/Cu\u1ed9n - NGE 3D Printers Services<\/title>\n<meta name=\"robots\" content=\"index, follow, max-snippet:-1, max-image-preview:large, max-video-preview:-1\" \/>\n<link rel=\"canonical\" href=\"https:\/\/nge.vn\/en\/product\/nhua-in-3d-esun-epla-silk-cao-cap-mau-bong-nhu-lua-1kg-cuon\/\" \/>\n<meta property=\"og:locale\" content=\"en_US\" \/>\n<meta property=\"og:type\" content=\"article\" \/>\n<meta property=\"og:title\" content=\"Nh\u1ef1a in 3d eSun ePLA-Silk cao c\u1ea5p m\u00e0u b\u00f3ng nh\u01b0 l\u1ee5a 1kg\/Cu\u1ed9n\" \/>\n<meta property=\"og:description\" content=\"Nh\u1ef1a in 3d eSun ePLA-Silk cao c\u1ea5p m\u00e0u b\u00f3ng nh\u01b0 l\u1ee5a 1kg\/Cu\u1ed9n\" \/>\n<meta property=\"og:url\" content=\"https:\/\/nge.vn\/en\/product\/nhua-in-3d-esun-epla-silk-cao-cap-mau-bong-nhu-lua-1kg-cuon\/\" \/>\n<meta property=\"og:site_name\" content=\"NGE 3D Printers Services\" \/>\n<meta property=\"article:modified_time\" content=\"2025-12-16T07:10:38+00:00\" \/>\n<meta property=\"og:image\" content=\"https:\/\/nge.vn\/wp-content\/uploads\/2024\/10\/images-upload-woo2F660a0bc3b4481de17b3256aa0c45517d.jpg\" \/>\n\t<meta property=\"og:image:width\" content=\"640\" \/>\n\t<meta property=\"og:image:height\" content=\"640\" \/>\n\t<meta property=\"og:image:type\" content=\"image\/jpeg\" \/>\n<meta name=\"twitter:card\" content=\"summary_large_image\" \/>\n<meta name=\"twitter:label1\" content=\"Est. reading time\" \/>\n\t<meta name=\"twitter:data1\" content=\"2 minutes\" \/>\n<script type=\"application\/ld+json\" class=\"yoast-schema-graph\">{\"@context\":\"https:\/\/schema.org\",\"@graph\":[{\"@type\":\"WebPage\",\"@id\":\"https:\/\/nge.vn\/san-pham\/nhua-in-3d-esun-epla-silk-cao-cap-mau-bong-nhu-lua-1kg-cuon\/\",\"url\":\"https:\/\/nge.vn\/san-pham\/nhua-in-3d-esun-epla-silk-cao-cap-mau-bong-nhu-lua-1kg-cuon\/\",\"name\":\"Nh\u1ef1a in 3d eSun ePLA-Silk cao c\u1ea5p m\u00e0u b\u00f3ng nh\u01b0 l\u1ee5a 1kg\/Cu\u1ed9n - NGE 3D Printers Services\",\"isPartOf\":{\"@id\":\"https:\/\/nge.vn\/#website\"},\"primaryImageOfPage\":{\"@id\":\"https:\/\/nge.vn\/san-pham\/nhua-in-3d-esun-epla-silk-cao-cap-mau-bong-nhu-lua-1kg-cuon\/#primaryimage\"},\"image\":{\"@id\":\"https:\/\/nge.vn\/san-pham\/nhua-in-3d-esun-epla-silk-cao-cap-mau-bong-nhu-lua-1kg-cuon\/#primaryimage\"},\"thumbnailUrl\":\"https:\/\/nge.vn\/wp-content\/uploads\/2024\/10\/images-upload-woo2F660a0bc3b4481de17b3256aa0c45517d.jpg\",\"datePublished\":\"2024-10-25T08:12:19+00:00\",\"dateModified\":\"2025-12-16T07:10:38+00:00\",\"breadcrumb\":{\"@id\":\"https:\/\/nge.vn\/san-pham\/nhua-in-3d-esun-epla-silk-cao-cap-mau-bong-nhu-lua-1kg-cuon\/#breadcrumb\"},\"inLanguage\":\"en-US\",\"potentialAction\":[{\"@type\":\"ReadAction\",\"target\":[\"https:\/\/nge.vn\/san-pham\/nhua-in-3d-esun-epla-silk-cao-cap-mau-bong-nhu-lua-1kg-cuon\/\"]}]},{\"@type\":\"ImageObject\",\"inLanguage\":\"en-US\",\"@id\":\"https:\/\/nge.vn\/san-pham\/nhua-in-3d-esun-epla-silk-cao-cap-mau-bong-nhu-lua-1kg-cuon\/#primaryimage\",\"url\":\"https:\/\/nge.vn\/wp-content\/uploads\/2024\/10\/images-upload-woo2F660a0bc3b4481de17b3256aa0c45517d.jpg\",\"contentUrl\":\"https:\/\/nge.vn\/wp-content\/uploads\/2024\/10\/images-upload-woo2F660a0bc3b4481de17b3256aa0c45517d.jpg\",\"width\":640,\"height\":640},{\"@type\":\"BreadcrumbList\",\"@id\":\"https:\/\/nge.vn\/san-pham\/nhua-in-3d-esun-epla-silk-cao-cap-mau-bong-nhu-lua-1kg-cuon\/#breadcrumb\",\"itemListElement\":[{\"@type\":\"ListItem\",\"position\":1,\"name\":\"Trang ch\u1ee7\",\"item\":\"https:\/\/nge.vn\/\"},{\"@type\":\"ListItem\",\"position\":2,\"name\":\"S\u1ea3n ph\u1ea9m\",\"item\":\"https:\/\/nge.vn\/san-pham\/\"},{\"@type\":\"ListItem\",\"position\":3,\"name\":\"Nh\u1ef1a in 3d eSun ePLA-Silk cao c\u1ea5p m\u00e0u b\u00f3ng nh\u01b0 l\u1ee5a 1kg\/Cu\u1ed9n\"}]},{\"@type\":\"WebSite\",\"@id\":\"https:\/\/nge.vn\/#website\",\"url\":\"https:\/\/nge.vn\/\",\"name\":\"NGE 3D Printers Services\",\"description\":\"\",\"potentialAction\":[{\"@type\":\"SearchAction\",\"target\":{\"@type\":\"EntryPoint\",\"urlTemplate\":\"https:\/\/nge.vn\/?s={search_term_string}\"},\"query-input\":{\"@type\":\"PropertyValueSpecification\",\"valueRequired\":true,\"valueName\":\"search_term_string\"}}],\"inLanguage\":\"en-US\"}]}<\/script>\n<!-- \/ Yoast SEO Premium plugin. -->","yoast_head_json":{"title":"Nh\u1ef1a in 3d eSun ePLA-Silk cao c\u1ea5p m\u00e0u b\u00f3ng nh\u01b0 l\u1ee5a 1kg\/Cu\u1ed9n - NGE 3D Printers Services","robots":{"index":"index","follow":"follow","max-snippet":"max-snippet:-1","max-image-preview":"max-image-preview:large","max-video-preview":"max-video-preview:-1"},"canonical":"https:\/\/nge.vn\/en\/product\/nhua-in-3d-esun-epla-silk-cao-cap-mau-bong-nhu-lua-1kg-cuon\/","og_locale":"en_US","og_type":"article","og_title":"Nh\u1ef1a in 3d eSun ePLA-Silk cao c\u1ea5p m\u00e0u b\u00f3ng nh\u01b0 l\u1ee5a 1kg\/Cu\u1ed9n","og_description":"Nh\u1ef1a in 3d eSun ePLA-Silk cao c\u1ea5p m\u00e0u b\u00f3ng nh\u01b0 l\u1ee5a 1kg\/Cu\u1ed9n","og_url":"https:\/\/nge.vn\/en\/product\/nhua-in-3d-esun-epla-silk-cao-cap-mau-bong-nhu-lua-1kg-cuon\/","og_site_name":"NGE 3D Printers Services","article_modified_time":"2025-12-16T07:10:38+00:00","og_image":[{"width":640,"height":640,"url":"https:\/\/nge.vn\/wp-content\/uploads\/2024\/10\/images-upload-woo2F660a0bc3b4481de17b3256aa0c45517d.jpg","type":"image\/jpeg"}],"twitter_card":"summary_large_image","twitter_misc":{"Est. reading time":"2 minutes"},"schema":{"@context":"https:\/\/schema.org","@graph":[{"@type":"WebPage","@id":"https:\/\/nge.vn\/san-pham\/nhua-in-3d-esun-epla-silk-cao-cap-mau-bong-nhu-lua-1kg-cuon\/","url":"https:\/\/nge.vn\/san-pham\/nhua-in-3d-esun-epla-silk-cao-cap-mau-bong-nhu-lua-1kg-cuon\/","name":"Nh\u1ef1a in 3d eSun ePLA-Silk cao c\u1ea5p m\u00e0u b\u00f3ng nh\u01b0 l\u1ee5a 1kg\/Cu\u1ed9n - NGE 3D Printers Services","isPartOf":{"@id":"https:\/\/nge.vn\/#website"},"primaryImageOfPage":{"@id":"https:\/\/nge.vn\/san-pham\/nhua-in-3d-esun-epla-silk-cao-cap-mau-bong-nhu-lua-1kg-cuon\/#primaryimage"},"image":{"@id":"https:\/\/nge.vn\/san-pham\/nhua-in-3d-esun-epla-silk-cao-cap-mau-bong-nhu-lua-1kg-cuon\/#primaryimage"},"thumbnailUrl":"https:\/\/nge.vn\/wp-content\/uploads\/2024\/10\/images-upload-woo2F660a0bc3b4481de17b3256aa0c45517d.jpg","datePublished":"2024-10-25T08:12:19+00:00","dateModified":"2025-12-16T07:10:38+00:00","breadcrumb":{"@id":"https:\/\/nge.vn\/san-pham\/nhua-in-3d-esun-epla-silk-cao-cap-mau-bong-nhu-lua-1kg-cuon\/#breadcrumb"},"inLanguage":"en-US","potentialAction":[{"@type":"ReadAction","target":["https:\/\/nge.vn\/san-pham\/nhua-in-3d-esun-epla-silk-cao-cap-mau-bong-nhu-lua-1kg-cuon\/"]}]},{"@type":"ImageObject","inLanguage":"en-US","@id":"https:\/\/nge.vn\/san-pham\/nhua-in-3d-esun-epla-silk-cao-cap-mau-bong-nhu-lua-1kg-cuon\/#primaryimage","url":"https:\/\/nge.vn\/wp-content\/uploads\/2024\/10\/images-upload-woo2F660a0bc3b4481de17b3256aa0c45517d.jpg","contentUrl":"https:\/\/nge.vn\/wp-content\/uploads\/2024\/10\/images-upload-woo2F660a0bc3b4481de17b3256aa0c45517d.jpg","width":640,"height":640},{"@type":"BreadcrumbList","@id":"https:\/\/nge.vn\/san-pham\/nhua-in-3d-esun-epla-silk-cao-cap-mau-bong-nhu-lua-1kg-cuon\/#breadcrumb","itemListElement":[{"@type":"ListItem","position":1,"name":"Trang ch\u1ee7","item":"https:\/\/nge.vn\/"},{"@type":"ListItem","position":2,"name":"S\u1ea3n ph\u1ea9m","item":"https:\/\/nge.vn\/san-pham\/"},{"@type":"ListItem","position":3,"name":"Nh\u1ef1a in 3d eSun ePLA-Silk cao c\u1ea5p m\u00e0u b\u00f3ng nh\u01b0 l\u1ee5a 1kg\/Cu\u1ed9n"}]},{"@type":"WebSite","@id":"https:\/\/nge.vn\/#website","url":"https:\/\/nge.vn\/","name":"NGE 3D Printers Services","description":"","potentialAction":[{"@type":"SearchAction","target":{"@type":"EntryPoint","urlTemplate":"https:\/\/nge.vn\/?s={search_term_string}"},"query-input":{"@type":"PropertyValueSpecification","valueRequired":true,"valueName":"search_term_string"}}],"inLanguage":"en-US"}]}},"_links":{"self":[{"href":"https:\/\/nge.vn\/en\/wp-json\/wp\/v2\/product\/1171","targetHints":{"allow":["GET"]}}],"collection":[{"href":"https:\/\/nge.vn\/en\/wp-json\/wp\/v2\/product"}],"about":[{"href":"https:\/\/nge.vn\/en\/wp-json\/wp\/v2\/types\/product"}],"replies":[{"embeddable":true,"href":"https:\/\/nge.vn\/en\/wp-json\/wp\/v2\/comments?post=1171"}],"wp:featuredmedia":[{"embeddable":true,"href":"https:\/\/nge.vn\/en\/wp-json\/wp\/v2\/media\/1163"}],"wp:attachment":[{"href":"https:\/\/nge.vn\/en\/wp-json\/wp\/v2\/media?parent=1171"}],"wp:term":[{"taxonomy":"product_brand","embeddable":true,"href":"https:\/\/nge.vn\/en\/wp-json\/wp\/v2\/product_brand?post=1171"},{"taxonomy":"product_cat","embeddable":true,"href":"https:\/\/nge.vn\/en\/wp-json\/wp\/v2\/product_cat?post=1171"},{"taxonomy":"product_tag","embeddable":true,"href":"https:\/\/nge.vn\/en\/wp-json\/wp\/v2\/product_tag?post=1171"}],"curies":[{"name":"wp","href":"https:\/\/api.w.org\/{rel}","templated":true}]}}