{"id":1162,"date":"2024-10-25T15:09:00","date_gmt":"2024-10-25T08:09:00","guid":{"rendered":"https:\/\/nge.123websitedev.com\/san-pham\/tam-mat-ban-thep-tu-tinh-linh-hoat-cho-may-in-3d-resin-saturn-ld-006-halot-lite-halot-sky-size-196x126mm\/"},"modified":"2024-10-29T17:13:22","modified_gmt":"2024-10-29T10:13:22","slug":"tam-mat-ban-thep-tu-tinh-linh-hoat-cho-may-in-3d-resin-saturn-ld-006-halot-lite-halot-sky-size-196x126mm","status":"publish","type":"product","link":"https:\/\/nge.vn\/en\/product\/tam-mat-ban-thep-tu-tinh-linh-hoat-cho-may-in-3d-resin-saturn-ld-006-halot-lite-halot-sky-size-196x126mm\/","title":{"rendered":"T\u1ea5m m\u1eb7t b\u00e0n th\u00e9p t\u1eeb t\u00ednh linh ho\u1ea1t cho m\u00e1y in 3d Resin Saturn, LD-006, Halot Lite, Halot Sky size 196x126mm"},"content":{"rendered":"<p>T\u1ea5m m\u1eb7t b\u00e0n b\u1eb1ng th\u00e9p c\u00f3 t\u1eeb t\u00ednh linh ho\u1ea1t cho m\u00e1y in 3d Resin Saturn, LD-006, Halot Lite, Halot Ray, Halot Sky size 196x126mm<br \/>\n1_D\u1ec5 x\u1eed l\u00fd lau ch\u00f9i b\u1ec1 m\u1eb7t;<br \/>\n2_D\u1ec5 d\u00e0ng th\u00e1o g\u1ee1 m\u00f4 h\u00ecnh;<br \/>\n3_Kh\u00f4ng ph\u1ea3i th\u00e1o khu\u00f4n in v\u00e0 gi\u00fap m\u00f4 h\u00ecnh v\u1eefng ch\u1eafc ch\u1eafn khi in<br \/>\n_M\u00f4 h\u00ecnh in g\u1ea7n v\u1edbi t\u1ea5m h\u01a1n, kh\u00f4ng ph\u1ea3i th\u00e1o khu\u00f4n in.<\/p>\n<p>_Kim lo\u1ea1i c\u00f3 \u0111\u1ed9 co gi\u00e3n \u0111\u00e0n h\u1ed3i:<br \/>\n  +D\u1ec5 d\u00e0ng lo\u1ea1i b\u1ecf th\u00e1o g\u1ee1 m\u00f4 h\u00ecnh;<br \/>\n_T\u1ea5m th\u00e9p m\u1ec1m ch\u1ea5t l\u01b0\u1ee3ng c\u00f3 t\u1eeb t\u00ednh ch\u1ed1ng m\u00e0i m\u00f2n:<br \/>\n  +Th\u00e9p t\u1ea5m l\u00f2 xo h\u1ee3p kim, ch\u1ed1ng m\u00e0i m\u00f2n \/ tr\u1ea7y, b\u1ec1n h\u01a1n.<br \/>\n  +\u0110\u01b0\u1ee3c l\u00e0m b\u1eb1ng th\u00e9p t\u1ea5m l\u00f2 xo ch\u1ea5t l\u01b0\u1ee3ng, d\u1ec5 d\u00e0ng ph\u1ee5c h\u1ed3i sau khi bi\u1ebfn d\u1ea1ng th\u1ee7 c\u00f4ng.<br \/>\n  +Nam ch\u00e2m si\u00eau d\u00e0y c\u00f3 c\u00e1c d\u00e3y c\u1ef1c xen k\u1ebd, lu\u00f4n c\u00f3 l\u1ef1c h\u00fat t\u1eeb m\u1ea1nh.<br \/>\n_Tay c\u1ea7m \u0111\u00f4i \u0111\u1eb7t ph\u00eda tr\u01b0\u1edbc:<br \/>\n  +D\u1ec5 d\u00e0ng v\u00e0 thu\u1eadn ti\u1ec7n \u0111\u1ec3 l\u1ea5y c\u00e1c t\u1ea5m th\u00e9p l\u00ean.<br \/>\n  +Th\u1eadt thu\u1eadn ti\u1ec7n \u0111\u1ec3 k\u00e9o t\u1ea5m x\u00e2y d\u1ef1ng l\u00ean<br \/>\n_Bao b\u00ec ch\u1ec9 l\u00e0 tham kh\u1ea3o, c\u00f3 th\u1ec3 c\u00f3 s\u1ef1 kh\u00e1c bi\u1ec7t trong c\u00e1c l\u00f4 kh\u00e1c nhau, vui l\u00f2ng tham kh\u1ea3o s\u1ea3n ph\u1ea9m th\u1ef1c t\u1ebf.<\/p>\n<p>_Product Parameter:<br \/>\n+T\u00ean S\u1ea3n Ph\u1ea9m: LCD Flexible Steel Plate Kits<br \/>\n+K\u00edch th\u01b0\u1edbc s\u1ea3n ph\u1ea9m: 196*126*2mm<br \/>\n+S\u1eed d\u1ee5ng cho m\u00e1y: LD-006 &amp; Halot Lite &amp; Halot Ray &amp; Halot Sky &amp; Saturn<br \/>\n+Ch\u1ea5t li\u1ec7u s\u1ea3n ph\u1ea9m:  Stainless spring steel (Soft magnetic stick);<br \/>\n                                    Rubber soft magnetic + 3M-9448A glue (Flexible steel plate)<br \/>\n+Kh\u1ed1i l\u01b0\u1ee3ng: ~235g<br \/>\n+K\u00edch  th\u01b0\u1edbc g\u00f3i: 253*175*55mm<br \/>\n+Kh\u1ed1i l\u01b0\u1ee3ng \u0111\u00f3ng g\u00f3i: 305g<br \/>\n+C\u00e0i \u0111\u1eb7t: C\u00e0i \u0111\u1eb7t th\u1ee7 c\u00f4ng.<\/p>\n<p>**\u0110\u1ec3 \u0111\u01b0\u1ee3c nh\u1eadn h\u1ed9 tr\u1ee3 th\u00eam v\u1ec1 Gi\u00e1 v\u00e0 Th\u00f4ng tin c\u1ee7a s\u1ea3n ph\u1ea9m, vui l\u00f2ng li\u00ean h\u1ec7:<br \/>\n    0913.939.775 g\u1eb7p A. Qu\u00e2n (for English)<br \/>\n    094.144.0951 contact A.Quynh<br \/>\n**Selling price does not include VAT (+10% if VAT invoice is issued)<\/p>","protected":false},"excerpt":{"rendered":"<p>T\u1ea5m m\u1eb7t b\u00e0n th\u00e9p t\u1eeb t\u00ednh linh ho\u1ea1t cho m\u00e1y in 3d Resin Saturn, LD-006, Halot Lite, Halot Sky size 196x126mm<\/p>","protected":false},"featured_media":1155,"comment_status":"open","ping_status":"closed","template":"","meta":{"inline_featured_image":false},"product_brand":[],"product_cat":[462,40],"product_tag":[],"class_list":{"0":"post-1162","1":"product","2":"type-product","3":"status-publish","4":"has-post-thumbnail","6":"product_cat-board-va-man-hinh-dieu-khien","7":"product_cat-linh-kien-va-phu-kien","9":"first","10":"instock","11":"taxable","12":"shipping-taxable","13":"purchasable","14":"product-type-simple"},"yoast_head":"<!-- This site is optimized with the Yoast SEO Premium plugin v22.8 (Yoast SEO v26.9) - https:\/\/yoast.com\/product\/yoast-seo-premium-wordpress\/ -->\n<title>T\u1ea5m m\u1eb7t b\u00e0n th\u00e9p t\u1eeb t\u00ednh linh ho\u1ea1t cho m\u00e1y in 3d Resin Saturn, LD-006, Halot Lite, Halot Sky size 196x126mm - NGE 3D Printers Services<\/title>\n<meta name=\"robots\" content=\"index, follow, max-snippet:-1, max-image-preview:large, max-video-preview:-1\" \/>\n<link rel=\"canonical\" href=\"https:\/\/nge.vn\/en\/product\/tam-mat-ban-thep-tu-tinh-linh-hoat-cho-may-in-3d-resin-saturn-ld-006-halot-lite-halot-sky-size-196x126mm\/\" \/>\n<meta property=\"og:locale\" content=\"en_US\" \/>\n<meta property=\"og:type\" content=\"article\" \/>\n<meta property=\"og:title\" content=\"T\u1ea5m m\u1eb7t b\u00e0n th\u00e9p t\u1eeb t\u00ednh linh ho\u1ea1t cho m\u00e1y in 3d Resin Saturn, LD-006, Halot Lite, Halot Sky size 196x126mm\" \/>\n<meta property=\"og:description\" content=\"T\u1ea5m m\u1eb7t b\u00e0n th\u00e9p t\u1eeb t\u00ednh linh ho\u1ea1t cho m\u00e1y in 3d Resin Saturn, LD-006, Halot Lite, Halot Sky size 196x126mm\" \/>\n<meta property=\"og:url\" content=\"https:\/\/nge.vn\/en\/product\/tam-mat-ban-thep-tu-tinh-linh-hoat-cho-may-in-3d-resin-saturn-ld-006-halot-lite-halot-sky-size-196x126mm\/\" \/>\n<meta property=\"og:site_name\" content=\"NGE 3D Printers Services\" \/>\n<meta property=\"article:modified_time\" content=\"2024-10-29T10:13:22+00:00\" \/>\n<meta property=\"og:image\" content=\"https:\/\/nge.vn\/wp-content\/uploads\/2024\/10\/images-upload-woo2Fc968a422a1f4526a988fb9205263e5d9.jpg\" \/>\n\t<meta property=\"og:image:width\" content=\"742\" \/>\n\t<meta property=\"og:image:height\" content=\"742\" \/>\n\t<meta property=\"og:image:type\" content=\"image\/jpeg\" \/>\n<meta name=\"twitter:card\" content=\"summary_large_image\" \/>\n<meta name=\"twitter:label1\" content=\"Est. reading time\" \/>\n\t<meta name=\"twitter:data1\" content=\"2 minutes\" \/>\n<script type=\"application\/ld+json\" class=\"yoast-schema-graph\">{\"@context\":\"https:\/\/schema.org\",\"@graph\":[{\"@type\":\"WebPage\",\"@id\":\"https:\/\/nge.vn\/san-pham\/tam-mat-ban-thep-tu-tinh-linh-hoat-cho-may-in-3d-resin-saturn-ld-006-halot-lite-halot-sky-size-196x126mm\/\",\"url\":\"https:\/\/nge.vn\/san-pham\/tam-mat-ban-thep-tu-tinh-linh-hoat-cho-may-in-3d-resin-saturn-ld-006-halot-lite-halot-sky-size-196x126mm\/\",\"name\":\"T\u1ea5m m\u1eb7t b\u00e0n th\u00e9p t\u1eeb t\u00ednh linh ho\u1ea1t cho m\u00e1y in 3d Resin Saturn, LD-006, Halot Lite, Halot Sky size 196x126mm - NGE 3D Printers Services\",\"isPartOf\":{\"@id\":\"https:\/\/nge.vn\/#website\"},\"primaryImageOfPage\":{\"@id\":\"https:\/\/nge.vn\/san-pham\/tam-mat-ban-thep-tu-tinh-linh-hoat-cho-may-in-3d-resin-saturn-ld-006-halot-lite-halot-sky-size-196x126mm\/#primaryimage\"},\"image\":{\"@id\":\"https:\/\/nge.vn\/san-pham\/tam-mat-ban-thep-tu-tinh-linh-hoat-cho-may-in-3d-resin-saturn-ld-006-halot-lite-halot-sky-size-196x126mm\/#primaryimage\"},\"thumbnailUrl\":\"https:\/\/nge.vn\/wp-content\/uploads\/2024\/10\/images-upload-woo2Fc968a422a1f4526a988fb9205263e5d9.jpg\",\"datePublished\":\"2024-10-25T08:09:00+00:00\",\"dateModified\":\"2024-10-29T10:13:22+00:00\",\"breadcrumb\":{\"@id\":\"https:\/\/nge.vn\/san-pham\/tam-mat-ban-thep-tu-tinh-linh-hoat-cho-may-in-3d-resin-saturn-ld-006-halot-lite-halot-sky-size-196x126mm\/#breadcrumb\"},\"inLanguage\":\"en-US\",\"potentialAction\":[{\"@type\":\"ReadAction\",\"target\":[\"https:\/\/nge.vn\/san-pham\/tam-mat-ban-thep-tu-tinh-linh-hoat-cho-may-in-3d-resin-saturn-ld-006-halot-lite-halot-sky-size-196x126mm\/\"]}]},{\"@type\":\"ImageObject\",\"inLanguage\":\"en-US\",\"@id\":\"https:\/\/nge.vn\/san-pham\/tam-mat-ban-thep-tu-tinh-linh-hoat-cho-may-in-3d-resin-saturn-ld-006-halot-lite-halot-sky-size-196x126mm\/#primaryimage\",\"url\":\"https:\/\/nge.vn\/wp-content\/uploads\/2024\/10\/images-upload-woo2Fc968a422a1f4526a988fb9205263e5d9.jpg\",\"contentUrl\":\"https:\/\/nge.vn\/wp-content\/uploads\/2024\/10\/images-upload-woo2Fc968a422a1f4526a988fb9205263e5d9.jpg\",\"width\":742,\"height\":742},{\"@type\":\"BreadcrumbList\",\"@id\":\"https:\/\/nge.vn\/san-pham\/tam-mat-ban-thep-tu-tinh-linh-hoat-cho-may-in-3d-resin-saturn-ld-006-halot-lite-halot-sky-size-196x126mm\/#breadcrumb\",\"itemListElement\":[{\"@type\":\"ListItem\",\"position\":1,\"name\":\"Trang ch\u1ee7\",\"item\":\"https:\/\/nge.vn\/\"},{\"@type\":\"ListItem\",\"position\":2,\"name\":\"S\u1ea3n ph\u1ea9m\",\"item\":\"https:\/\/nge.vn\/san-pham\/\"},{\"@type\":\"ListItem\",\"position\":3,\"name\":\"T\u1ea5m m\u1eb7t b\u00e0n th\u00e9p t\u1eeb t\u00ednh linh ho\u1ea1t cho m\u00e1y in 3d Resin Saturn, LD-006, Halot Lite, Halot Sky size 196x126mm\"}]},{\"@type\":\"WebSite\",\"@id\":\"https:\/\/nge.vn\/#website\",\"url\":\"https:\/\/nge.vn\/\",\"name\":\"NGE 3D Printers Services\",\"description\":\"\",\"potentialAction\":[{\"@type\":\"SearchAction\",\"target\":{\"@type\":\"EntryPoint\",\"urlTemplate\":\"https:\/\/nge.vn\/?s={search_term_string}\"},\"query-input\":{\"@type\":\"PropertyValueSpecification\",\"valueRequired\":true,\"valueName\":\"search_term_string\"}}],\"inLanguage\":\"en-US\"}]}<\/script>\n<!-- \/ Yoast SEO Premium plugin. -->","yoast_head_json":{"title":"T\u1ea5m m\u1eb7t b\u00e0n th\u00e9p t\u1eeb t\u00ednh linh ho\u1ea1t cho m\u00e1y in 3d Resin Saturn, LD-006, Halot Lite, Halot Sky size 196x126mm - NGE 3D Printers Services","robots":{"index":"index","follow":"follow","max-snippet":"max-snippet:-1","max-image-preview":"max-image-preview:large","max-video-preview":"max-video-preview:-1"},"canonical":"https:\/\/nge.vn\/en\/product\/tam-mat-ban-thep-tu-tinh-linh-hoat-cho-may-in-3d-resin-saturn-ld-006-halot-lite-halot-sky-size-196x126mm\/","og_locale":"en_US","og_type":"article","og_title":"T\u1ea5m m\u1eb7t b\u00e0n th\u00e9p t\u1eeb t\u00ednh linh ho\u1ea1t cho m\u00e1y in 3d Resin Saturn, LD-006, Halot Lite, Halot Sky size 196x126mm","og_description":"T\u1ea5m m\u1eb7t b\u00e0n th\u00e9p t\u1eeb t\u00ednh linh ho\u1ea1t cho m\u00e1y in 3d Resin Saturn, LD-006, Halot Lite, Halot Sky size 196x126mm","og_url":"https:\/\/nge.vn\/en\/product\/tam-mat-ban-thep-tu-tinh-linh-hoat-cho-may-in-3d-resin-saturn-ld-006-halot-lite-halot-sky-size-196x126mm\/","og_site_name":"NGE 3D Printers Services","article_modified_time":"2024-10-29T10:13:22+00:00","og_image":[{"width":742,"height":742,"url":"https:\/\/nge.vn\/wp-content\/uploads\/2024\/10\/images-upload-woo2Fc968a422a1f4526a988fb9205263e5d9.jpg","type":"image\/jpeg"}],"twitter_card":"summary_large_image","twitter_misc":{"Est. reading time":"2 minutes"},"schema":{"@context":"https:\/\/schema.org","@graph":[{"@type":"WebPage","@id":"https:\/\/nge.vn\/san-pham\/tam-mat-ban-thep-tu-tinh-linh-hoat-cho-may-in-3d-resin-saturn-ld-006-halot-lite-halot-sky-size-196x126mm\/","url":"https:\/\/nge.vn\/san-pham\/tam-mat-ban-thep-tu-tinh-linh-hoat-cho-may-in-3d-resin-saturn-ld-006-halot-lite-halot-sky-size-196x126mm\/","name":"T\u1ea5m m\u1eb7t b\u00e0n th\u00e9p t\u1eeb t\u00ednh linh ho\u1ea1t cho m\u00e1y in 3d Resin Saturn, LD-006, Halot Lite, Halot Sky size 196x126mm - NGE 3D Printers Services","isPartOf":{"@id":"https:\/\/nge.vn\/#website"},"primaryImageOfPage":{"@id":"https:\/\/nge.vn\/san-pham\/tam-mat-ban-thep-tu-tinh-linh-hoat-cho-may-in-3d-resin-saturn-ld-006-halot-lite-halot-sky-size-196x126mm\/#primaryimage"},"image":{"@id":"https:\/\/nge.vn\/san-pham\/tam-mat-ban-thep-tu-tinh-linh-hoat-cho-may-in-3d-resin-saturn-ld-006-halot-lite-halot-sky-size-196x126mm\/#primaryimage"},"thumbnailUrl":"https:\/\/nge.vn\/wp-content\/uploads\/2024\/10\/images-upload-woo2Fc968a422a1f4526a988fb9205263e5d9.jpg","datePublished":"2024-10-25T08:09:00+00:00","dateModified":"2024-10-29T10:13:22+00:00","breadcrumb":{"@id":"https:\/\/nge.vn\/san-pham\/tam-mat-ban-thep-tu-tinh-linh-hoat-cho-may-in-3d-resin-saturn-ld-006-halot-lite-halot-sky-size-196x126mm\/#breadcrumb"},"inLanguage":"en-US","potentialAction":[{"@type":"ReadAction","target":["https:\/\/nge.vn\/san-pham\/tam-mat-ban-thep-tu-tinh-linh-hoat-cho-may-in-3d-resin-saturn-ld-006-halot-lite-halot-sky-size-196x126mm\/"]}]},{"@type":"ImageObject","inLanguage":"en-US","@id":"https:\/\/nge.vn\/san-pham\/tam-mat-ban-thep-tu-tinh-linh-hoat-cho-may-in-3d-resin-saturn-ld-006-halot-lite-halot-sky-size-196x126mm\/#primaryimage","url":"https:\/\/nge.vn\/wp-content\/uploads\/2024\/10\/images-upload-woo2Fc968a422a1f4526a988fb9205263e5d9.jpg","contentUrl":"https:\/\/nge.vn\/wp-content\/uploads\/2024\/10\/images-upload-woo2Fc968a422a1f4526a988fb9205263e5d9.jpg","width":742,"height":742},{"@type":"BreadcrumbList","@id":"https:\/\/nge.vn\/san-pham\/tam-mat-ban-thep-tu-tinh-linh-hoat-cho-may-in-3d-resin-saturn-ld-006-halot-lite-halot-sky-size-196x126mm\/#breadcrumb","itemListElement":[{"@type":"ListItem","position":1,"name":"Trang ch\u1ee7","item":"https:\/\/nge.vn\/"},{"@type":"ListItem","position":2,"name":"S\u1ea3n ph\u1ea9m","item":"https:\/\/nge.vn\/san-pham\/"},{"@type":"ListItem","position":3,"name":"T\u1ea5m m\u1eb7t b\u00e0n th\u00e9p t\u1eeb t\u00ednh linh ho\u1ea1t cho m\u00e1y in 3d Resin Saturn, LD-006, Halot Lite, Halot Sky size 196x126mm"}]},{"@type":"WebSite","@id":"https:\/\/nge.vn\/#website","url":"https:\/\/nge.vn\/","name":"NGE 3D Printers Services","description":"","potentialAction":[{"@type":"SearchAction","target":{"@type":"EntryPoint","urlTemplate":"https:\/\/nge.vn\/?s={search_term_string}"},"query-input":{"@type":"PropertyValueSpecification","valueRequired":true,"valueName":"search_term_string"}}],"inLanguage":"en-US"}]}},"_links":{"self":[{"href":"https:\/\/nge.vn\/en\/wp-json\/wp\/v2\/product\/1162","targetHints":{"allow":["GET"]}}],"collection":[{"href":"https:\/\/nge.vn\/en\/wp-json\/wp\/v2\/product"}],"about":[{"href":"https:\/\/nge.vn\/en\/wp-json\/wp\/v2\/types\/product"}],"replies":[{"embeddable":true,"href":"https:\/\/nge.vn\/en\/wp-json\/wp\/v2\/comments?post=1162"}],"wp:featuredmedia":[{"embeddable":true,"href":"https:\/\/nge.vn\/en\/wp-json\/wp\/v2\/media\/1155"}],"wp:attachment":[{"href":"https:\/\/nge.vn\/en\/wp-json\/wp\/v2\/media?parent=1162"}],"wp:term":[{"taxonomy":"product_brand","embeddable":true,"href":"https:\/\/nge.vn\/en\/wp-json\/wp\/v2\/product_brand?post=1162"},{"taxonomy":"product_cat","embeddable":true,"href":"https:\/\/nge.vn\/en\/wp-json\/wp\/v2\/product_cat?post=1162"},{"taxonomy":"product_tag","embeddable":true,"href":"https:\/\/nge.vn\/en\/wp-json\/wp\/v2\/product_tag?post=1162"}],"curies":[{"name":"wp","href":"https:\/\/api.w.org\/{rel}","templated":true}]}}