{"id":115,"date":"2024-10-15T18:32:06","date_gmt":"2024-10-15T11:32:06","guid":{"rendered":"https:\/\/nge.123websitedev.com\/san-pham\/board-dieu-khien-may-in-3d-motherboard-creality-v2-4-cho-cr-10s-pro-va-cr-10-max\/"},"modified":"2024-10-29T14:24:42","modified_gmt":"2024-10-29T07:24:42","slug":"board-dieu-khien-may-in-3d-motherboard-creality-v2-4-cho-cr-10s-pro-va-cr-10-max","status":"publish","type":"product","link":"https:\/\/nge.vn\/en\/product\/board-dieu-khien-may-in-3d-motherboard-creality-v2-4-cho-cr-10s-pro-va-cr-10-max\/","title":{"rendered":"Board \u0111i\u1ec1u khi\u1ec3n m\u00e1y in 3d Motherboard Creality V2.4 cho CR-10S Pro v\u00e0 CR-10 Max"},"content":{"rendered":"<p>Board \u0111i\u1ec1u khi\u1ec3n m\u00e1y in 3d Motherboard Creality V2.4 cho  CR-10S Pro v\u00e0 CR-10 Max<br \/>\n_T\u0103ng \u0111\u1ed9 \u1ed5n \u0111\u1ecbnh v\u00e0 \u0111\u1ed9 tin c\u1eady cho hi\u1ec7u su\u1ea5t c\u1ee7a m\u00e1y in, c\u0169ng c\u00f3 tr\u00ecnh \u0111i\u1ec1u khi\u1ec3n TMC cung c\u1ea5p ho\u1ea1t \u0111\u1ed9ng kh\u00f4ng \u1ed3n \u00e0o c\u0169ng nh\u01b0 lo\u1ea1i b\u1ecf hi\u1ec7u \u1ee9ng da c\u00e1 h\u1ed3i tr\u00ean k\u1ebft qu\u1ea3 in<br \/>\n_M\u1ea1ch t\u1ed1i \u01b0u h\u00f3a m\u1ea1ch, cho ph\u00e9p b\u1ea3o v\u1ec7 tho\u00e1t nhi\u1ec7t, gi\u1ea3i quy\u1ebft hi\u1ec7u qu\u1ea3 v\u1ea5n \u0111\u1ec1 n\u00f3ng. V\u1edbi giao di\u1ec7n USB, th\u00eam b\u1ed9 n\u1ea1p kh\u1edfi \u0111\u1ed9ng.<br \/>\n_S\u1eed d\u1ee5ng chip ngu\u1ed3n \u0111\u1eb7c bi\u1ec7t, h\u1ed7 tr\u1ee3 \u0111i\u1ec7n \u00e1p \u0111\u1ea7u v\u00e0o 24V.<br \/>\n_B\u1ea3ng m\u1ea1ch \u0111\u01b0\u1ee3c t\u1ed1i \u01b0u h\u00f3a b\u1eb1ng m\u1ea1ch, gi\u1ea3i quy\u1ebft hi\u1ec7u qu\u1ea3 v\u1ea5n \u0111\u1ec1 n\u00f3ng m\u00e1y<br \/>\n_V2.4 Bo m\u1ea1ch ch\u1ee7 th\u00f4ng th\u01b0\u1eddng, kh\u00f4ng ph\u1ea3i l\u00e0 m\u1ed9t bo m\u1ea1ch im l\u1eb7ng.<br \/>\n_Ph\u1ea7n s\u1ee5n c\u00f3 th\u1ec3 \u0111\u01b0\u1ee3c s\u1eeda \u0111\u1ed5i b\u1eb1ng c\u00e1p USB.<br \/>\n_\u0110\u01b0\u1ee3c s\u1eed d\u1ee5ng cho c\u00e1c m\u00e1y in 3D Creality CR-10 Max, CR-10S Pro, CR-10S Pro V2<\/p>\n<p>**Th\u00f4ng s\u1ed1 k\u1ef9 thu\u1eadt:<br \/>\n+Brand Name:\tCreality<br \/>\n+Ean:\t6259329814711<br \/>\n+Material:\tPCB<br \/>\n+Number of Items:\t1<br \/>\n+Part Number:\tPQ283744PQRM272<br \/>\n+UNSPSC Code:\t40000000<br \/>\n+Package Dimensions : 15.2*11.5*4,5cm<br \/>\n+Package Weight: 130g<\/p>\n<p>**\u0110\u1ec3 \u0111\u01b0\u1ee3c nh\u1eadn h\u1ed9 tr\u1ee3 th\u00eam v\u1ec1 Gi\u00e1 v\u00e0 Th\u00f4ng tin c\u1ee7a s\u1ea3n ph\u1ea9m, vui l\u00f2ng li\u00ean h\u1ec7:<br \/>\n          0913.939.775 g\u1eb7p A. Qu\u00e2n (for English)<br \/>\n          094.144.0951 contact A.Quynh<br \/>\n**Selling price does not include VAT (+10% if VAT invoice is issued)<\/p>","protected":false},"excerpt":{"rendered":"<p>Board \u0111i\u1ec1u khi\u1ec3n m\u00e1y in 3d Motherboard Creality V2.4 cho CR-10S Pro v\u00e0 CR-10 Max<\/p>","protected":false},"featured_media":106,"comment_status":"open","ping_status":"closed","template":"","meta":{"inline_featured_image":false},"product_brand":[],"product_cat":[462,40,56],"product_tag":[],"class_list":{"0":"post-115","1":"product","2":"type-product","3":"status-publish","4":"has-post-thumbnail","6":"product_cat-board-va-man-hinh-dieu-khien","7":"product_cat-linh-kien-va-phu-kien","8":"product_cat-linh-phu-kien-may-in-3d-creality","10":"first","11":"instock","12":"taxable","13":"shipping-taxable","14":"purchasable","15":"product-type-simple"},"yoast_head":"<!-- This site is optimized with the Yoast SEO Premium plugin v22.8 (Yoast SEO v26.9) - https:\/\/yoast.com\/product\/yoast-seo-premium-wordpress\/ -->\n<title>Board \u0111i\u1ec1u khi\u1ec3n m\u00e1y in 3d Motherboard Creality V2.4 cho CR-10S Pro v\u00e0 CR-10 Max - NGE 3D Printers Services<\/title>\n<meta name=\"robots\" content=\"index, follow, max-snippet:-1, max-image-preview:large, max-video-preview:-1\" \/>\n<link rel=\"canonical\" href=\"https:\/\/nge.vn\/en\/product\/board-dieu-khien-may-in-3d-motherboard-creality-v2-4-cho-cr-10s-pro-va-cr-10-max\/\" \/>\n<meta property=\"og:locale\" content=\"en_US\" \/>\n<meta property=\"og:type\" content=\"article\" \/>\n<meta property=\"og:title\" content=\"Board \u0111i\u1ec1u khi\u1ec3n m\u00e1y in 3d Motherboard Creality V2.4 cho CR-10S Pro v\u00e0 CR-10 Max\" \/>\n<meta property=\"og:description\" content=\"Board \u0111i\u1ec1u khi\u1ec3n m\u00e1y in 3d Motherboard Creality V2.4 cho CR-10S Pro v\u00e0 CR-10 Max\" \/>\n<meta property=\"og:url\" content=\"https:\/\/nge.vn\/en\/product\/board-dieu-khien-may-in-3d-motherboard-creality-v2-4-cho-cr-10s-pro-va-cr-10-max\/\" \/>\n<meta property=\"og:site_name\" content=\"NGE 3D Printers Services\" \/>\n<meta property=\"article:modified_time\" content=\"2024-10-29T07:24:42+00:00\" \/>\n<meta property=\"og:image\" content=\"https:\/\/nge.vn\/wp-content\/uploads\/2024\/10\/images-upload-woo2F2219b37d0912a4b535e4f724eff50d2c.jpg\" \/>\n\t<meta property=\"og:image:width\" content=\"1024\" \/>\n\t<meta property=\"og:image:height\" content=\"1024\" \/>\n\t<meta property=\"og:image:type\" content=\"image\/jpeg\" \/>\n<meta name=\"twitter:card\" content=\"summary_large_image\" \/>\n<meta name=\"twitter:label1\" content=\"Est. reading time\" \/>\n\t<meta name=\"twitter:data1\" content=\"2 minutes\" \/>\n<script type=\"application\/ld+json\" class=\"yoast-schema-graph\">{\"@context\":\"https:\/\/schema.org\",\"@graph\":[{\"@type\":\"WebPage\",\"@id\":\"https:\/\/nge.vn\/san-pham\/board-dieu-khien-may-in-3d-motherboard-creality-v2-4-cho-cr-10s-pro-va-cr-10-max\/\",\"url\":\"https:\/\/nge.vn\/san-pham\/board-dieu-khien-may-in-3d-motherboard-creality-v2-4-cho-cr-10s-pro-va-cr-10-max\/\",\"name\":\"Board \u0111i\u1ec1u khi\u1ec3n m\u00e1y in 3d Motherboard Creality V2.4 cho CR-10S Pro v\u00e0 CR-10 Max - NGE 3D Printers Services\",\"isPartOf\":{\"@id\":\"https:\/\/nge.vn\/#website\"},\"primaryImageOfPage\":{\"@id\":\"https:\/\/nge.vn\/san-pham\/board-dieu-khien-may-in-3d-motherboard-creality-v2-4-cho-cr-10s-pro-va-cr-10-max\/#primaryimage\"},\"image\":{\"@id\":\"https:\/\/nge.vn\/san-pham\/board-dieu-khien-may-in-3d-motherboard-creality-v2-4-cho-cr-10s-pro-va-cr-10-max\/#primaryimage\"},\"thumbnailUrl\":\"https:\/\/nge.vn\/wp-content\/uploads\/2024\/10\/images-upload-woo2F2219b37d0912a4b535e4f724eff50d2c.jpg\",\"datePublished\":\"2024-10-15T11:32:06+00:00\",\"dateModified\":\"2024-10-29T07:24:42+00:00\",\"breadcrumb\":{\"@id\":\"https:\/\/nge.vn\/san-pham\/board-dieu-khien-may-in-3d-motherboard-creality-v2-4-cho-cr-10s-pro-va-cr-10-max\/#breadcrumb\"},\"inLanguage\":\"en-US\",\"potentialAction\":[{\"@type\":\"ReadAction\",\"target\":[\"https:\/\/nge.vn\/san-pham\/board-dieu-khien-may-in-3d-motherboard-creality-v2-4-cho-cr-10s-pro-va-cr-10-max\/\"]}]},{\"@type\":\"ImageObject\",\"inLanguage\":\"en-US\",\"@id\":\"https:\/\/nge.vn\/san-pham\/board-dieu-khien-may-in-3d-motherboard-creality-v2-4-cho-cr-10s-pro-va-cr-10-max\/#primaryimage\",\"url\":\"https:\/\/nge.vn\/wp-content\/uploads\/2024\/10\/images-upload-woo2F2219b37d0912a4b535e4f724eff50d2c.jpg\",\"contentUrl\":\"https:\/\/nge.vn\/wp-content\/uploads\/2024\/10\/images-upload-woo2F2219b37d0912a4b535e4f724eff50d2c.jpg\",\"width\":1024,\"height\":1024},{\"@type\":\"BreadcrumbList\",\"@id\":\"https:\/\/nge.vn\/san-pham\/board-dieu-khien-may-in-3d-motherboard-creality-v2-4-cho-cr-10s-pro-va-cr-10-max\/#breadcrumb\",\"itemListElement\":[{\"@type\":\"ListItem\",\"position\":1,\"name\":\"Trang ch\u1ee7\",\"item\":\"https:\/\/nge.vn\/\"},{\"@type\":\"ListItem\",\"position\":2,\"name\":\"S\u1ea3n ph\u1ea9m\",\"item\":\"https:\/\/nge.vn\/san-pham\/\"},{\"@type\":\"ListItem\",\"position\":3,\"name\":\"Board \u0111i\u1ec1u khi\u1ec3n m\u00e1y in 3d Motherboard Creality V2.4 cho CR-10S Pro v\u00e0 CR-10 Max\"}]},{\"@type\":\"WebSite\",\"@id\":\"https:\/\/nge.vn\/#website\",\"url\":\"https:\/\/nge.vn\/\",\"name\":\"NGE 3D Printers Services\",\"description\":\"\",\"potentialAction\":[{\"@type\":\"SearchAction\",\"target\":{\"@type\":\"EntryPoint\",\"urlTemplate\":\"https:\/\/nge.vn\/?s={search_term_string}\"},\"query-input\":{\"@type\":\"PropertyValueSpecification\",\"valueRequired\":true,\"valueName\":\"search_term_string\"}}],\"inLanguage\":\"en-US\"}]}<\/script>\n<!-- \/ Yoast SEO Premium plugin. -->","yoast_head_json":{"title":"Board \u0111i\u1ec1u khi\u1ec3n m\u00e1y in 3d Motherboard Creality V2.4 cho CR-10S Pro v\u00e0 CR-10 Max - NGE 3D Printers Services","robots":{"index":"index","follow":"follow","max-snippet":"max-snippet:-1","max-image-preview":"max-image-preview:large","max-video-preview":"max-video-preview:-1"},"canonical":"https:\/\/nge.vn\/en\/product\/board-dieu-khien-may-in-3d-motherboard-creality-v2-4-cho-cr-10s-pro-va-cr-10-max\/","og_locale":"en_US","og_type":"article","og_title":"Board \u0111i\u1ec1u khi\u1ec3n m\u00e1y in 3d Motherboard Creality V2.4 cho CR-10S Pro v\u00e0 CR-10 Max","og_description":"Board \u0111i\u1ec1u khi\u1ec3n m\u00e1y in 3d Motherboard Creality V2.4 cho CR-10S Pro v\u00e0 CR-10 Max","og_url":"https:\/\/nge.vn\/en\/product\/board-dieu-khien-may-in-3d-motherboard-creality-v2-4-cho-cr-10s-pro-va-cr-10-max\/","og_site_name":"NGE 3D Printers Services","article_modified_time":"2024-10-29T07:24:42+00:00","og_image":[{"width":1024,"height":1024,"url":"https:\/\/nge.vn\/wp-content\/uploads\/2024\/10\/images-upload-woo2F2219b37d0912a4b535e4f724eff50d2c.jpg","type":"image\/jpeg"}],"twitter_card":"summary_large_image","twitter_misc":{"Est. reading time":"2 minutes"},"schema":{"@context":"https:\/\/schema.org","@graph":[{"@type":"WebPage","@id":"https:\/\/nge.vn\/san-pham\/board-dieu-khien-may-in-3d-motherboard-creality-v2-4-cho-cr-10s-pro-va-cr-10-max\/","url":"https:\/\/nge.vn\/san-pham\/board-dieu-khien-may-in-3d-motherboard-creality-v2-4-cho-cr-10s-pro-va-cr-10-max\/","name":"Board \u0111i\u1ec1u khi\u1ec3n m\u00e1y in 3d Motherboard Creality V2.4 cho CR-10S Pro v\u00e0 CR-10 Max - NGE 3D Printers Services","isPartOf":{"@id":"https:\/\/nge.vn\/#website"},"primaryImageOfPage":{"@id":"https:\/\/nge.vn\/san-pham\/board-dieu-khien-may-in-3d-motherboard-creality-v2-4-cho-cr-10s-pro-va-cr-10-max\/#primaryimage"},"image":{"@id":"https:\/\/nge.vn\/san-pham\/board-dieu-khien-may-in-3d-motherboard-creality-v2-4-cho-cr-10s-pro-va-cr-10-max\/#primaryimage"},"thumbnailUrl":"https:\/\/nge.vn\/wp-content\/uploads\/2024\/10\/images-upload-woo2F2219b37d0912a4b535e4f724eff50d2c.jpg","datePublished":"2024-10-15T11:32:06+00:00","dateModified":"2024-10-29T07:24:42+00:00","breadcrumb":{"@id":"https:\/\/nge.vn\/san-pham\/board-dieu-khien-may-in-3d-motherboard-creality-v2-4-cho-cr-10s-pro-va-cr-10-max\/#breadcrumb"},"inLanguage":"en-US","potentialAction":[{"@type":"ReadAction","target":["https:\/\/nge.vn\/san-pham\/board-dieu-khien-may-in-3d-motherboard-creality-v2-4-cho-cr-10s-pro-va-cr-10-max\/"]}]},{"@type":"ImageObject","inLanguage":"en-US","@id":"https:\/\/nge.vn\/san-pham\/board-dieu-khien-may-in-3d-motherboard-creality-v2-4-cho-cr-10s-pro-va-cr-10-max\/#primaryimage","url":"https:\/\/nge.vn\/wp-content\/uploads\/2024\/10\/images-upload-woo2F2219b37d0912a4b535e4f724eff50d2c.jpg","contentUrl":"https:\/\/nge.vn\/wp-content\/uploads\/2024\/10\/images-upload-woo2F2219b37d0912a4b535e4f724eff50d2c.jpg","width":1024,"height":1024},{"@type":"BreadcrumbList","@id":"https:\/\/nge.vn\/san-pham\/board-dieu-khien-may-in-3d-motherboard-creality-v2-4-cho-cr-10s-pro-va-cr-10-max\/#breadcrumb","itemListElement":[{"@type":"ListItem","position":1,"name":"Trang ch\u1ee7","item":"https:\/\/nge.vn\/"},{"@type":"ListItem","position":2,"name":"S\u1ea3n ph\u1ea9m","item":"https:\/\/nge.vn\/san-pham\/"},{"@type":"ListItem","position":3,"name":"Board \u0111i\u1ec1u khi\u1ec3n m\u00e1y in 3d Motherboard Creality V2.4 cho CR-10S Pro v\u00e0 CR-10 Max"}]},{"@type":"WebSite","@id":"https:\/\/nge.vn\/#website","url":"https:\/\/nge.vn\/","name":"NGE 3D Printers Services","description":"","potentialAction":[{"@type":"SearchAction","target":{"@type":"EntryPoint","urlTemplate":"https:\/\/nge.vn\/?s={search_term_string}"},"query-input":{"@type":"PropertyValueSpecification","valueRequired":true,"valueName":"search_term_string"}}],"inLanguage":"en-US"}]}},"_links":{"self":[{"href":"https:\/\/nge.vn\/en\/wp-json\/wp\/v2\/product\/115","targetHints":{"allow":["GET"]}}],"collection":[{"href":"https:\/\/nge.vn\/en\/wp-json\/wp\/v2\/product"}],"about":[{"href":"https:\/\/nge.vn\/en\/wp-json\/wp\/v2\/types\/product"}],"replies":[{"embeddable":true,"href":"https:\/\/nge.vn\/en\/wp-json\/wp\/v2\/comments?post=115"}],"wp:featuredmedia":[{"embeddable":true,"href":"https:\/\/nge.vn\/en\/wp-json\/wp\/v2\/media\/106"}],"wp:attachment":[{"href":"https:\/\/nge.vn\/en\/wp-json\/wp\/v2\/media?parent=115"}],"wp:term":[{"taxonomy":"product_brand","embeddable":true,"href":"https:\/\/nge.vn\/en\/wp-json\/wp\/v2\/product_brand?post=115"},{"taxonomy":"product_cat","embeddable":true,"href":"https:\/\/nge.vn\/en\/wp-json\/wp\/v2\/product_cat?post=115"},{"taxonomy":"product_tag","embeddable":true,"href":"https:\/\/nge.vn\/en\/wp-json\/wp\/v2\/product_tag?post=115"}],"curies":[{"name":"wp","href":"https:\/\/api.w.org\/{rel}","templated":true}]}}