{"id":1148,"date":"2024-10-25T15:07:41","date_gmt":"2024-10-25T08:07:41","guid":{"rendered":"https:\/\/nge.123websitedev.com\/san-pham\/cam-bien-tu-can-bang-creality-bl-touch-self-leveling-sensor-32-bit-cho-may-in-3d-dong-ender-cr\/"},"modified":"2024-10-29T14:57:20","modified_gmt":"2024-10-29T07:57:20","slug":"cam-bien-tu-can-bang-creality-bl-touch-self-leveling-sensor-32-bit-cho-may-in-3d-dong-ender-cr","status":"publish","type":"product","link":"https:\/\/nge.vn\/en\/product\/cam-bien-tu-can-bang-creality-bl-touch-self-leveling-sensor-32-bit-cho-may-in-3d-dong-ender-cr\/","title":{"rendered":"C\u1ea3m bi\u1ebfn t\u1ef1 c\u00e2n b\u1eb1ng Creality BL-Touch Self Leveling Sensor 32 Bit cho m\u00e1y in 3d d\u00f2ng Ender\/CR"},"content":{"rendered":"<p>C\u1ea3m bi\u1ebfn t\u1ef1 c\u00e2n b\u1eb1ng BL-Touch Self Leveling Sensor 32 Bit<br \/>\n_BLTouch l\u00e0 m\u1ed9t lo\u1ea1i c\u1ea3m bi\u1ebfn h\u1ed9i tr\u01b0\u1eddng b\u00e1n d\u1eabn v\u00e0 l\u00e0 m\u1ed9t th\u00e0nh ph\u1ea7n \u0111i\u1ec7n t\u1eed cho M\u00e1y in 3D. m\u1ed9t \u0111o ch\u00ednh x\u00e1c \u0111\u1ed9 nghi\u00eang c\u1ee7a m\u1eb7t lu\u1ed1ng. N\u00f3 c\u00f3 th\u1ec3 ho\u1ea1t \u0111\u1ed9ng v\u1edbi b\u1ea5t k\u1ef3 lo\u1ea1i v\u1eadt li\u1ec7u b\u00e0n in n\u00e0o, nh\u01b0 k\u00ednh, g\u1ed7, kim lo\u1ea1i, v.v.<br \/>\n_BLTouch \u0111\u01b0\u1ee3c ho\u00e0n thi\u1ec7n v\u1edbi c\u1ea5u tr\u00fac \u0111\u01a1n gi\u1ea3n v\u00e0 \u0111\u1ed9 ch\u00ednh x\u00e1c cao b\u1eb1ng c\u00e1ch s\u1eed d\u1ee5ng c\u1ea3m bi\u1ebfn \u0111i\u1ec7n t\u1eeb v\u00e0 c\u1ea3m bi\u1ebfn s\u1ea3nh \u0111\u01b0\u1ee3c thi\u1ebft k\u1ebf ti\u00ean ti\u1ebfn. N\u00f3 h\u01b0\u1edbng \u0111\u1ebfn s\u1ef1 ti\u1ec7n l\u1ee3i cho ng\u01b0\u1eddi d\u00f9ng v\u00e0 in \u1ea5n th\u00fa v\u1ecb b\u1eb1ng c\u00e1ch b\u1ed5 sung nhi\u1ec1u ch\u1ee9c n\u0103ng th\u00f4ng minh, ch\u1eb3ng h\u1ea1n nh\u01b0 t\u1ef1 ki\u1ec3m tra, b\u00e1o \u0111\u1ed9ng, ph\u00e1t h\u00e0nh c\u1ea3nh b\u00e1o &amp; ch\u1ebf \u0111\u1ed9 C\u00f4ng t\u1eafc c\u1ea3m \u1ee9ng, \u0110\u00e8n LED xanh lam cho t\u00edn hi\u1ec7u servo v\u00e0 Ki\u1ec3m tra \u0111\u1ea7u d\u00f2 Z (Zmin).<\/p>\n<p>**T\u00ednh n\u0103ng:<br \/>\n_C\u00e1c ch\u1ee9c n\u0103ng v\u00e0 \u0111i\u1ec1u khi\u1ec3n ch\u00ednh c\u1ee7a BLTouch gi\u1ed1ng nh\u01b0 c\u1ea3m bi\u1ebfn c\u00e2n b\u1eb1ng t\u1ea7ng t\u1ef1 \u0111\u1ed9ng th\u00f4ng th\u01b0\u1eddng, bao g\u1ed3m m\u1ed9t servo RC v\u00e0 microwitch. V\u00ec v\u1eady, BLTouch c\u00f3 th\u1ec3 \u0111\u01b0\u1ee3c \u00e1p d\u1ee5ng tr\u00ean h\u1ea7u h\u1ebft m\u1ecdi b\u1ea3ng<br \/>\n+T\u1ef1 ki\u1ec3m tra: Ch\u1ed1t \u0111\u1ea9y ho\u1ea1t \u0111\u1ed9ng hai l\u1ea7n trong m\u1ed9t th\u1eed nghi\u1ec7m khi b\u1eadt ngu\u1ed3n<br \/>\n+B\u00e1o \u0111\u1ed9ng: \u0110\u00e8n LED nh\u1ea5p nh\u00e1y n\u1ebfu ph\u00e1t hi\u1ec7n c\u00f3 v\u1ea5n \u0111\u1ec1 trong qu\u00e1 tr\u00ecnh t\u1ef1 ki\u1ec3m tra ho\u1eb7c trong khi v\u1eadn h\u00e0nh \u0110\u00e8n<br \/>\n+B\u00e1o l\u1ed7i d\u00e2y \u0111i\u1ec7n: \u0110\u00e8n LED m\u00e0u xanh lam v\u00e0 m\u00e0u \u0111\u1ecf \u0111\u1ec3 ch\u1ec9 ra l\u1ed7i h\u1ec7 th\u1ed1ng d\u00e2y \u0111i\u1ec7n<br \/>\n_D\u1ec5 s\u1eed d\u1ee5ng: C\u1ea3m bi\u1ebfn c\u00e2n b\u1eb1ng gi\u01b0\u1eddng t\u1ef1 \u0111\u1ed9ng n\u00e0y gi\u00fap d\u1ec5 d\u00e0ng c\u00e2n b\u1eb1ng gi\u01b0\u1eddng, c\u00f3 th\u1ec3 \u0111o ch\u00ednh x\u00e1c \u0111\u1ed9 nghi\u00eang c\u1ee7a b\u1ec1 m\u1eb7t gi\u01b0\u1eddng. San l\u1ea5p m\u1eb7t b\u1eb1ng gi\u01b0\u1eddng kh\u00f4ng ph\u1ea3i l\u00e0 m\u1ed9t v\u1ea5n \u0111\u1ec1 n\u1eefa<br \/>\n_T\u1ef1 ki\u1ec3m tra v\u00e0 c\u1ea3nh b\u00e1o th\u00f4ng minh: Ch\u1ee9c n\u0103ng t\u1ef1 \u0111\u1ed9ng san l\u1ea5p m\u1eb7t b\u1eb1ng \u0111\u01b0\u1ee3c s\u1eed d\u1ee5ng \u0111\u1ec3 d\u1ec5 s\u1eed d\u1ee5ng h\u01a1n v\u00e0 t\u0103ng t\u1ef7 l\u1ec7 t\u1ea1o h\u00ecnh th\u00e0nh c\u00f4ng<\/p>\n<p>**Th\u00f4ng s\u1ed1 k\u1ef9 thu\u1eadt:<br \/>\n+Ch\u1ea5t li\u1ec7u: PC<br \/>\n+\u0110i\u1ec7n \u00e1p: 5V<br \/>\n+D\u00f2ng \u0111i\u1ec7n: 15mA<br \/>\n+D\u00f2ng \u0111i\u1ec7n c\u1ef1c \u0111\u1ea1i: 300mA<br \/>\n+Chi\u1ec1u d\u00e0i d\u00e2y: 150mm<br \/>\n+Tr\u1ecdng l\u01b0\u1ee3ng s\u1ea3n ph\u1ea9m: 100g<br \/>\n+K\u00edch th\u01b0\u1edbc g\u00f3i: 14*14*5cm<br \/>\n+Tr\u1ecdng l\u01b0\u1ee3ng g\u00f3i: 120g<\/p>\n<p>**\u0110\u00f3ng g\u00f3i:<br \/>\n1*BLTouch<br \/>\n1*BLTouch-SM<br \/>\n1*C\u00e1p k\u1ebft n\u1ed1i (\u0111\u1ea7u k\u1ebft n\u1ed1i motherboard l\u00e0 Jack XH2.54 lo\u1ea1i 5 pin)<br \/>\n5*D\u00e2y r\u00fat<br \/>\n1*Part g\u1eafn cho m\u00e1y (t\u00f9y ch\u1ecdn)<br \/>\n2*\u1ed0c M3X8<br \/>\n2*\u1ed0c M3X6<\/p>\n<p>**Part Ender 3 V2: g\u1eafn cho m\u00e1y Ender 3 v2<br \/>\n**Part Ender 3 Max &amp; CR-10 V2: g\u1eafn cho m\u00e1y Ender 3 Max, CR-10 V2, CR-10 V3, CR-X Pro<br \/>\n**Part Series Ender &amp; CR: g\u1eafn cho m\u00e1y Ender 3, Ender 3 Pro, Ender 5, CR-10, CR-10 S5, CR-10S, CR-10 Mini, CR-20, CR-10 S4<\/p>\n<p>**Firmware c\u1ee7a BL-Touch 32 bit cho t\u1ea5t c\u1ea3 c\u00e1c m\u00e1y H\u00e3ng Creality, \u0111\u1ec3 t\u01b0\u01a1ng th\u00edch v\u1edbi c\u00e1c Motherboard 32Bit Version 4.2.2 v\u00e0 Motherboard 32-Bit Version 4.2.7 tr\u00ean website c\u1ee7a Creality:<br \/>\nhttps:\/\/www.creality.com\/blog-detail\/creality-bl-touch-notice<br \/>\n**Firmware cho c\u00e1c m\u00e1y Ender-3(Pro)\/Ender-5(pro)\/CR-10\/Ender 3v2 d\u00f9ng BLTouch 32bit tr\u00ean Google Drive:<br \/>\nhttps:\/\/drive.google.com\/open?id=1lXXDpAtkGP2KVKi4O1yqBInqunWGrWvN<br \/>\n**Firmware cho m\u00e1y CR-10 V2 BL-Touch Firmware1.1.6<br \/>\nhttps:\/\/drive.google.com\/file\/d\/1o3X-9Ut1j8BFGGw8x-uslF19ZYMb9DOG\/edit<\/p>\n<p>**Video c\u00e0i \u0111\u1eb7t Ender-3 V2 BL-Touch Self Leveling Sensor 32 Bit: https:\/\/www.youtube.com\/watch?v=r_mboxnkXfI<\/p>\n<p>**\u0110\u1ec3 \u0111\u01b0\u1ee3c nh\u1eadn h\u1ed9 tr\u1ee3 th\u00eam v\u1ec1 Gi\u00e1 v\u00e0 Th\u00f4ng tin c\u1ee7a s\u1ea3n ph\u1ea9m, vui l\u00f2ng li\u00ean h\u1ec7:<br \/>\n0913.939.775 contact A.Quan (for English)<br \/>\n094.144.0951 contact A.Quynh<br \/>\n**Selling price does not include VAT (+10% if VAT invoice is issued)<\/p>","protected":false},"excerpt":{"rendered":"<p>C\u1ea3m bi\u1ebfn t\u1ef1 c\u00e2n b\u1eb1ng Creality BL-Touch Self Leveling Sensor 32 Bit cho m\u00e1y in 3d d\u00f2ng Ender\/CR<\/p>","protected":false},"featured_media":1139,"comment_status":"open","ping_status":"closed","template":"","meta":{"inline_featured_image":false},"product_brand":[],"product_cat":[40,56],"product_tag":[],"class_list":{"0":"post-1148","1":"product","2":"type-product","3":"status-publish","4":"has-post-thumbnail","6":"product_cat-linh-kien-va-phu-kien","7":"product_cat-linh-phu-kien-may-in-3d-creality","9":"first","10":"instock","11":"taxable","12":"shipping-taxable","13":"purchasable","14":"product-type-variable"},"yoast_head":"<!-- This site is optimized with the Yoast SEO Premium plugin v22.8 (Yoast SEO v26.9) - https:\/\/yoast.com\/product\/yoast-seo-premium-wordpress\/ -->\n<title>C\u1ea3m bi\u1ebfn t\u1ef1 c\u00e2n b\u1eb1ng Creality BL-Touch Self Leveling Sensor 32 Bit cho m\u00e1y in 3d d\u00f2ng Ender\/CR - NGE 3D Printers Services<\/title>\n<meta name=\"robots\" content=\"index, follow, max-snippet:-1, max-image-preview:large, max-video-preview:-1\" \/>\n<link rel=\"canonical\" href=\"https:\/\/nge.vn\/en\/product\/cam-bien-tu-can-bang-creality-bl-touch-self-leveling-sensor-32-bit-cho-may-in-3d-dong-ender-cr\/\" \/>\n<meta property=\"og:locale\" content=\"en_US\" \/>\n<meta property=\"og:type\" content=\"article\" \/>\n<meta property=\"og:title\" content=\"C\u1ea3m bi\u1ebfn t\u1ef1 c\u00e2n b\u1eb1ng Creality BL-Touch Self Leveling Sensor 32 Bit cho m\u00e1y in 3d d\u00f2ng Ender\/CR\" \/>\n<meta property=\"og:description\" content=\"C\u1ea3m bi\u1ebfn t\u1ef1 c\u00e2n b\u1eb1ng Creality BL-Touch Self Leveling Sensor 32 Bit cho m\u00e1y in 3d d\u00f2ng Ender\/CR\" \/>\n<meta property=\"og:url\" content=\"https:\/\/nge.vn\/en\/product\/cam-bien-tu-can-bang-creality-bl-touch-self-leveling-sensor-32-bit-cho-may-in-3d-dong-ender-cr\/\" \/>\n<meta property=\"og:site_name\" content=\"NGE 3D Printers Services\" \/>\n<meta property=\"article:modified_time\" content=\"2024-10-29T07:57:20+00:00\" \/>\n<meta property=\"og:image\" content=\"https:\/\/nge.vn\/wp-content\/uploads\/2024\/10\/images-upload-woo2F5e09ef43e0c2cc356fc131204a207b5d.jpg\" \/>\n\t<meta property=\"og:image:width\" content=\"1000\" \/>\n\t<meta property=\"og:image:height\" content=\"1000\" \/>\n\t<meta property=\"og:image:type\" content=\"image\/jpeg\" \/>\n<meta name=\"twitter:card\" content=\"summary_large_image\" \/>\n<meta name=\"twitter:label1\" content=\"Est. reading time\" \/>\n\t<meta name=\"twitter:data1\" content=\"4 minutes\" \/>\n<script type=\"application\/ld+json\" class=\"yoast-schema-graph\">{\"@context\":\"https:\/\/schema.org\",\"@graph\":[{\"@type\":\"WebPage\",\"@id\":\"https:\/\/nge.vn\/san-pham\/cam-bien-tu-can-bang-creality-bl-touch-self-leveling-sensor-32-bit-cho-may-in-3d-dong-ender-cr\/\",\"url\":\"https:\/\/nge.vn\/san-pham\/cam-bien-tu-can-bang-creality-bl-touch-self-leveling-sensor-32-bit-cho-may-in-3d-dong-ender-cr\/\",\"name\":\"C\u1ea3m bi\u1ebfn t\u1ef1 c\u00e2n b\u1eb1ng Creality BL-Touch Self Leveling Sensor 32 Bit cho m\u00e1y in 3d d\u00f2ng Ender\/CR - NGE 3D Printers Services\",\"isPartOf\":{\"@id\":\"https:\/\/nge.vn\/#website\"},\"primaryImageOfPage\":{\"@id\":\"https:\/\/nge.vn\/san-pham\/cam-bien-tu-can-bang-creality-bl-touch-self-leveling-sensor-32-bit-cho-may-in-3d-dong-ender-cr\/#primaryimage\"},\"image\":{\"@id\":\"https:\/\/nge.vn\/san-pham\/cam-bien-tu-can-bang-creality-bl-touch-self-leveling-sensor-32-bit-cho-may-in-3d-dong-ender-cr\/#primaryimage\"},\"thumbnailUrl\":\"https:\/\/nge.vn\/wp-content\/uploads\/2024\/10\/images-upload-woo2F5e09ef43e0c2cc356fc131204a207b5d.jpg\",\"datePublished\":\"2024-10-25T08:07:41+00:00\",\"dateModified\":\"2024-10-29T07:57:20+00:00\",\"breadcrumb\":{\"@id\":\"https:\/\/nge.vn\/san-pham\/cam-bien-tu-can-bang-creality-bl-touch-self-leveling-sensor-32-bit-cho-may-in-3d-dong-ender-cr\/#breadcrumb\"},\"inLanguage\":\"en-US\",\"potentialAction\":[{\"@type\":\"ReadAction\",\"target\":[\"https:\/\/nge.vn\/san-pham\/cam-bien-tu-can-bang-creality-bl-touch-self-leveling-sensor-32-bit-cho-may-in-3d-dong-ender-cr\/\"]}]},{\"@type\":\"ImageObject\",\"inLanguage\":\"en-US\",\"@id\":\"https:\/\/nge.vn\/san-pham\/cam-bien-tu-can-bang-creality-bl-touch-self-leveling-sensor-32-bit-cho-may-in-3d-dong-ender-cr\/#primaryimage\",\"url\":\"https:\/\/nge.vn\/wp-content\/uploads\/2024\/10\/images-upload-woo2F5e09ef43e0c2cc356fc131204a207b5d.jpg\",\"contentUrl\":\"https:\/\/nge.vn\/wp-content\/uploads\/2024\/10\/images-upload-woo2F5e09ef43e0c2cc356fc131204a207b5d.jpg\",\"width\":1000,\"height\":1000},{\"@type\":\"BreadcrumbList\",\"@id\":\"https:\/\/nge.vn\/san-pham\/cam-bien-tu-can-bang-creality-bl-touch-self-leveling-sensor-32-bit-cho-may-in-3d-dong-ender-cr\/#breadcrumb\",\"itemListElement\":[{\"@type\":\"ListItem\",\"position\":1,\"name\":\"Trang ch\u1ee7\",\"item\":\"https:\/\/nge.vn\/\"},{\"@type\":\"ListItem\",\"position\":2,\"name\":\"S\u1ea3n ph\u1ea9m\",\"item\":\"https:\/\/nge.vn\/san-pham\/\"},{\"@type\":\"ListItem\",\"position\":3,\"name\":\"C\u1ea3m bi\u1ebfn t\u1ef1 c\u00e2n b\u1eb1ng Creality BL-Touch Self Leveling Sensor 32 Bit cho m\u00e1y in 3d d\u00f2ng Ender\/CR\"}]},{\"@type\":\"WebSite\",\"@id\":\"https:\/\/nge.vn\/#website\",\"url\":\"https:\/\/nge.vn\/\",\"name\":\"NGE 3D Printers Services\",\"description\":\"\",\"potentialAction\":[{\"@type\":\"SearchAction\",\"target\":{\"@type\":\"EntryPoint\",\"urlTemplate\":\"https:\/\/nge.vn\/?s={search_term_string}\"},\"query-input\":{\"@type\":\"PropertyValueSpecification\",\"valueRequired\":true,\"valueName\":\"search_term_string\"}}],\"inLanguage\":\"en-US\"}]}<\/script>\n<!-- \/ Yoast SEO Premium plugin. -->","yoast_head_json":{"title":"C\u1ea3m bi\u1ebfn t\u1ef1 c\u00e2n b\u1eb1ng Creality BL-Touch Self Leveling Sensor 32 Bit cho m\u00e1y in 3d d\u00f2ng Ender\/CR - NGE 3D Printers Services","robots":{"index":"index","follow":"follow","max-snippet":"max-snippet:-1","max-image-preview":"max-image-preview:large","max-video-preview":"max-video-preview:-1"},"canonical":"https:\/\/nge.vn\/en\/product\/cam-bien-tu-can-bang-creality-bl-touch-self-leveling-sensor-32-bit-cho-may-in-3d-dong-ender-cr\/","og_locale":"en_US","og_type":"article","og_title":"C\u1ea3m bi\u1ebfn t\u1ef1 c\u00e2n b\u1eb1ng Creality BL-Touch Self Leveling Sensor 32 Bit cho m\u00e1y in 3d d\u00f2ng Ender\/CR","og_description":"C\u1ea3m bi\u1ebfn t\u1ef1 c\u00e2n b\u1eb1ng Creality BL-Touch Self Leveling Sensor 32 Bit cho m\u00e1y in 3d d\u00f2ng Ender\/CR","og_url":"https:\/\/nge.vn\/en\/product\/cam-bien-tu-can-bang-creality-bl-touch-self-leveling-sensor-32-bit-cho-may-in-3d-dong-ender-cr\/","og_site_name":"NGE 3D Printers Services","article_modified_time":"2024-10-29T07:57:20+00:00","og_image":[{"width":1000,"height":1000,"url":"https:\/\/nge.vn\/wp-content\/uploads\/2024\/10\/images-upload-woo2F5e09ef43e0c2cc356fc131204a207b5d.jpg","type":"image\/jpeg"}],"twitter_card":"summary_large_image","twitter_misc":{"Est. reading time":"4 minutes"},"schema":{"@context":"https:\/\/schema.org","@graph":[{"@type":"WebPage","@id":"https:\/\/nge.vn\/san-pham\/cam-bien-tu-can-bang-creality-bl-touch-self-leveling-sensor-32-bit-cho-may-in-3d-dong-ender-cr\/","url":"https:\/\/nge.vn\/san-pham\/cam-bien-tu-can-bang-creality-bl-touch-self-leveling-sensor-32-bit-cho-may-in-3d-dong-ender-cr\/","name":"C\u1ea3m bi\u1ebfn t\u1ef1 c\u00e2n b\u1eb1ng Creality BL-Touch Self Leveling Sensor 32 Bit cho m\u00e1y in 3d d\u00f2ng Ender\/CR - NGE 3D Printers Services","isPartOf":{"@id":"https:\/\/nge.vn\/#website"},"primaryImageOfPage":{"@id":"https:\/\/nge.vn\/san-pham\/cam-bien-tu-can-bang-creality-bl-touch-self-leveling-sensor-32-bit-cho-may-in-3d-dong-ender-cr\/#primaryimage"},"image":{"@id":"https:\/\/nge.vn\/san-pham\/cam-bien-tu-can-bang-creality-bl-touch-self-leveling-sensor-32-bit-cho-may-in-3d-dong-ender-cr\/#primaryimage"},"thumbnailUrl":"https:\/\/nge.vn\/wp-content\/uploads\/2024\/10\/images-upload-woo2F5e09ef43e0c2cc356fc131204a207b5d.jpg","datePublished":"2024-10-25T08:07:41+00:00","dateModified":"2024-10-29T07:57:20+00:00","breadcrumb":{"@id":"https:\/\/nge.vn\/san-pham\/cam-bien-tu-can-bang-creality-bl-touch-self-leveling-sensor-32-bit-cho-may-in-3d-dong-ender-cr\/#breadcrumb"},"inLanguage":"en-US","potentialAction":[{"@type":"ReadAction","target":["https:\/\/nge.vn\/san-pham\/cam-bien-tu-can-bang-creality-bl-touch-self-leveling-sensor-32-bit-cho-may-in-3d-dong-ender-cr\/"]}]},{"@type":"ImageObject","inLanguage":"en-US","@id":"https:\/\/nge.vn\/san-pham\/cam-bien-tu-can-bang-creality-bl-touch-self-leveling-sensor-32-bit-cho-may-in-3d-dong-ender-cr\/#primaryimage","url":"https:\/\/nge.vn\/wp-content\/uploads\/2024\/10\/images-upload-woo2F5e09ef43e0c2cc356fc131204a207b5d.jpg","contentUrl":"https:\/\/nge.vn\/wp-content\/uploads\/2024\/10\/images-upload-woo2F5e09ef43e0c2cc356fc131204a207b5d.jpg","width":1000,"height":1000},{"@type":"BreadcrumbList","@id":"https:\/\/nge.vn\/san-pham\/cam-bien-tu-can-bang-creality-bl-touch-self-leveling-sensor-32-bit-cho-may-in-3d-dong-ender-cr\/#breadcrumb","itemListElement":[{"@type":"ListItem","position":1,"name":"Trang ch\u1ee7","item":"https:\/\/nge.vn\/"},{"@type":"ListItem","position":2,"name":"S\u1ea3n ph\u1ea9m","item":"https:\/\/nge.vn\/san-pham\/"},{"@type":"ListItem","position":3,"name":"C\u1ea3m bi\u1ebfn t\u1ef1 c\u00e2n b\u1eb1ng Creality BL-Touch Self Leveling Sensor 32 Bit cho m\u00e1y in 3d d\u00f2ng Ender\/CR"}]},{"@type":"WebSite","@id":"https:\/\/nge.vn\/#website","url":"https:\/\/nge.vn\/","name":"NGE 3D Printers Services","description":"","potentialAction":[{"@type":"SearchAction","target":{"@type":"EntryPoint","urlTemplate":"https:\/\/nge.vn\/?s={search_term_string}"},"query-input":{"@type":"PropertyValueSpecification","valueRequired":true,"valueName":"search_term_string"}}],"inLanguage":"en-US"}]}},"_links":{"self":[{"href":"https:\/\/nge.vn\/en\/wp-json\/wp\/v2\/product\/1148","targetHints":{"allow":["GET"]}}],"collection":[{"href":"https:\/\/nge.vn\/en\/wp-json\/wp\/v2\/product"}],"about":[{"href":"https:\/\/nge.vn\/en\/wp-json\/wp\/v2\/types\/product"}],"replies":[{"embeddable":true,"href":"https:\/\/nge.vn\/en\/wp-json\/wp\/v2\/comments?post=1148"}],"wp:featuredmedia":[{"embeddable":true,"href":"https:\/\/nge.vn\/en\/wp-json\/wp\/v2\/media\/1139"}],"wp:attachment":[{"href":"https:\/\/nge.vn\/en\/wp-json\/wp\/v2\/media?parent=1148"}],"wp:term":[{"taxonomy":"product_brand","embeddable":true,"href":"https:\/\/nge.vn\/en\/wp-json\/wp\/v2\/product_brand?post=1148"},{"taxonomy":"product_cat","embeddable":true,"href":"https:\/\/nge.vn\/en\/wp-json\/wp\/v2\/product_cat?post=1148"},{"taxonomy":"product_tag","embeddable":true,"href":"https:\/\/nge.vn\/en\/wp-json\/wp\/v2\/product_tag?post=1148"}],"curies":[{"name":"wp","href":"https:\/\/api.w.org\/{rel}","templated":true}]}}