{"id":1137,"date":"2024-10-25T15:04:32","date_gmt":"2024-10-25T08:04:32","guid":{"rendered":"https:\/\/nge.123websitedev.com\/san-pham\/may-rua-sieu-am-untrasonic-cleaner-2l\/"},"modified":"2024-10-29T17:27:41","modified_gmt":"2024-10-29T10:27:41","slug":"may-rua-sieu-am-untrasonic-cleaner-2l","status":"publish","type":"product","link":"https:\/\/nge.vn\/en\/product\/may-rua-sieu-am-untrasonic-cleaner-2l\/","title":{"rendered":"M\u00e1y r\u1eeda si\u00eau \u00e2m Untrasonic Cleaner 2L"},"content":{"rendered":"<p>M\u00e1y r\u1eeda si\u00eau \u00e2m Untrasonic Cleaner 2L<br \/>\n_GTSONIC l\u00e0 th\u01b0\u01a1ng hi\u1ec7u chuy\u00ean s\u1ea3n xu\u1ea5t m\u00e1y t\u1ea9y r\u1eeda si\u00eau \u00e2m. V\u1edbi R&amp;D chuy\u00ean nghi\u1ec7p, c\u00f3 s\u1eb5n ch\u1ea5t t\u1ea9y r\u1eeda si\u00eau \u00e2m \u0111\u1ec3 s\u1eed d\u1ee5ng trong gia \u0111\u00ecnh, s\u1eed d\u1ee5ng trong nh\u00e0 m\u00e1y, s\u1eed d\u1ee5ng th\u01b0\u01a1ng m\u1ea1i v\u00e0 s\u1eed d\u1ee5ng c\u00f4ng nghi\u1ec7p. L\u00e0 c\u00f4ng ty \u0111i \u0111\u1ea7u trong ng\u00e0nh c\u00f4ng nghi\u1ec7p t\u1ea9y r\u1eeda si\u00eau \u00e2m v\u1edbi c\u00f4ng ngh\u1ec7 ti\u00ean ti\u1ebfn qu\u1ed1c t\u1ebf, GTSONIC s\u1ebd lu\u00f4n cung c\u1ea5p nh\u1eefng s\u1ea3n ph\u1ea9m ch\u1ea5t l\u01b0\u1ee3ng. \u0110\u1eb7c bi\u1ec7t t\u1ea5t c\u1ea3 c\u00e1c s\u1ea3n ph\u1ea9m \u0111\u00e3 th\u00f4ng qua c\u00e1c ch\u1ee9ng ch\u1ec9 CE, FCC, RoHS, PSE, ISO14001 v\u00e0 ISO9001.<br \/>\n_D\u00f2ng GTSONIC QT (S\u01b0\u1edfi \u1ea5m n\u00fam c\u01a1)<br \/>\n_GTSONIC Ultrasonic Cleaner t\u1ea1o ra s\u00f3ng si\u00eau \u00e2m 40kHz t\u1ea1o ra h\u00e0ng tri\u1ec7u bong b\u00f3ng t\u1ea9y r\u1eeda si\u00eau nh\u1ecf. N\u00f3 c\u00f3 th\u1ec3 nh\u1eb9 nh\u00e0ng lo\u1ea1i b\u1ecf b\u1ee5i b\u1ea9n trong v\u00e0i ph\u00fat, gi\u1ea3i ph\u00f3ng b\u00e0n tay c\u1ee7a b\u1ea1n. S\u00f3ng si\u00eau \u00e2m c\u00f3 th\u1ec3 xuy\u00ean qua c\u00e1c khe h\u1edf c\u1ef1c nh\u1ecf v\u00e0 c\u00e1c l\u1ed7 s\u00e2u, n\u00f3 c\u00f3 th\u1ec3 \u0111\u01b0\u1ee3c \u1ee9ng d\u1ee5ng \u0111\u1ec3 l\u00e0m s\u1ea1ch c\u00e1c v\u1eadt c\u00f3 h\u00ecnh d\u1ea1ng ph\u1ee9c t\u1ea1p.<\/p>\n<p>***Th\u1eadn tr\u1ecdng khi s\u1eed d\u1ee5ng:<br \/>\n&#8211; Kh\u00f4ng \u0111\u01b0\u1ee3c ho\u1ea1t \u0111\u1ed9ng trong b\u1ec3 khi thi\u1ebfu n\u01b0\u1edbc (N\u01b0\u1edbc ph\u1ea3i trong b\u1ec3 2\/3).<br \/>\n&#8211; Vui l\u00f2ng kh\u00f4ng \u0111\u1eb7t n\u01a1i tr\u1ebb em c\u00f3 th\u1ec3 v\u1edbi t\u1edbi.<br \/>\n-V\u00ec c\u00f3 nguy c\u01a1 r\u00f2 r\u1ec9 \u0111i\u1ec7n ho\u1eb7c \u0111i\u1ec7n gi\u1eadt, kh\u00f4ng \u0111\u01b0\u1ee3c th\u1ef1c hi\u1ec7n c\u00e1c h\u00e0nh \u0111\u1ed9ng nh\u01b0 ng\u00e2m b\u1ec1 m\u1eb7t th\u00e2n m\u00e1y \/ d\u00e2y \u0111i\u1ec7n trong n\u01b0\u1edbc, thao t\u00e1c b\u1eb1ng tay \u01b0\u1edbt, r\u1eeda th\u00e2n m\u00e1y ch\u00ednh, cho n\u01b0\u1edbc tr\u1ef1c ti\u1ebfp t\u1eeb v\u00f2i v\u00e0o th\u00e2n m\u00e1y.<br \/>\n&#8211; R\u00fat d\u00e2y ngu\u1ed3n n\u1ebfu kh\u00f4ng s\u1eed d\u1ee5ng.<br \/>\n&#8211; Kh\u00f4ng s\u1eed d\u1ee5ng ch\u1ea5t t\u1ea9y r\u1eeda \/ h\u00f3a ch\u1ea5t kh\u00e1c v\u1edbi ch\u1ea5t t\u1ea9y r\u1eeda trung t\u00ednh.<br \/>\n&#8211; S\u1eed d\u1ee5ng trong th\u1eddi gian d\u00e0i v\u01b0\u1ee3t qu\u00e1 m\u1ee9c c\u00e0i \u0111\u1eb7t h\u1eb9n gi\u1edd t\u1ed1i \u0111a.<br \/>\n&#8211; Vui l\u00f2ng kh\u00f4ng s\u1eed d\u1ee5ng li\u00ean t\u1ee5c.<\/p>\n<p>_C\u00e0i \u0111\u1eb7t th\u1eddi gian 0-30 ph\u00fat<br \/>\nC\u00e0i \u0111\u1eb7t th\u1eddi gian l\u00e0m s\u1ea1ch t\u1eeb 0-30 ph\u00fat, t\u00f9y thu\u1ed9c v\u00e0o th\u1eddi gian l\u00e0m s\u1ea1ch m\u00e0 b\u1ea1n y\u00eau c\u1ea7u \u0111\u1ec3 d\u1ec5 d\u00e0ng ki\u1ec3m so\u00e1t ch\u00ednh x\u00e1c.<\/p>\n<p>_C\u00f4ng ngh\u1ec7 \u0111\u1ea7u d\u00f2 ti\u00ean ti\u1ebfn<br \/>\nC\u1ea5u tr\u00fac \u0111\u1ea7u d\u00f2 \u00e1p \u0111i\u1ec7n b\u00e1nh sandwich l\u00e0m s\u1ea1ch hi\u1ec7u qu\u1ea3 v\u1edbi t\u1ea7n s\u1ed1 rung 40000Hz, c\u00f4ng su\u1ea5t m\u1ea1nh nh\u01b0ng l\u00e0m s\u1ea1ch nh\u1eb9 nh\u00e0ng cho \u0111\u1ed3 v\u1eadt.<\/p>\n<p>T\u00e2n s\u00f4 cao 40000Hz<br \/>\nC\u00f4ng su\u1ea5t si\u00eau \u00e2m 60W<\/p>\n<p>M\u00e1y ph\u00e1t \u0111i\u1ec7n si\u00eau \u00e2m b\u1eb1ng g\u1ed1m<\/p>\n<p>_H\u1ec7 th\u1ed1ng nhi\u1ec7t<br \/>\nNhi\u1ec7t \u0111\u1ed9 l\u00e0m n\u00f3ng 20-80 \u0111\u1ed9 C<br \/>\nC\u00f4ng su\u1ea5t s\u01b0\u1edfi 100W<\/p>\n<p>_Bo m\u1ea1ch gia nhi\u1ec7t t\u00edch h\u1ee3p, b\u1ea1n c\u00f3 th\u1ec3 \u0111i\u1ec1u ch\u1ec9nh nhi\u1ec7t \u0111\u1ed9 n\u01b0\u1edbc \u0111un t\u1eeb b\u00ecnh th\u01b0\u1eddng \u0111\u1ebfn 80 \u0111\u1ed9C. N\u00f3 l\u00e0 hi\u1ec7u qu\u1ea3 \u0111\u1ec3 lo\u1ea1i b\u1ecf d\u1ea7u v\u00e0 b\u1ea9n.<\/p>\n<p>Dung t\u00edch th\u1ef1c: 1.6L<br \/>\nC\u00f4ng su\u1ea5t l\u00fd thuy\u1ebft: 2L<\/p>\n<p>***C\u1ea3nh b\u00e1o: kh\u00f4ng s\u1eed d\u1ee5ng axit m\u1ea1nh, ki\u1ec1m, ch\u1ea5t l\u1ecfng d\u1ec5 ch\u00e1y ho\u1eb7c h\u00f3a ch\u1ea5t nguy hi\u1ec3m \u0111\u1ec3 l\u00e0m s\u1ea1ch \u0111\u1ed3 v\u1eadt.<\/p>\n<p>Th\u00f4ng s\u1ed1 s\u1ea3n ph\u1ea9m<br \/>\n+C\u00f3 \u0111\u01b0\u1ee3c k\u1ebft qu\u1ea3 l\u00e0m s\u1ea1ch chuy\u00ean nghi\u1ec7p &amp; Mang l\u1ea1i cho b\u1ea1n cu\u1ed9c s\u1ed1ng t\u1ed1t \u0111\u1eb9p h\u01a1n<br \/>\n+Th\u1ec3 t\u00edch b\u1ec3 2L<br \/>\n+B\u1ed9 h\u1eb9n gi\u1edd: 0 ~ 30M<br \/>\n+C\u00f4ng su\u1ea5t s\u01b0\u1edfi: 100W<br \/>\n+C\u00f4ng su\u1ea5t si\u00eau \u00e2m: 60W<br \/>\n+Ph\u01b0\u01a1ng ph\u00e1p l\u00e0m s\u1ea1ch: Si\u00eau \u00e2m<\/p>\n<p>***G\u00f3i h\u00e0ng bao g\u1ed3m:<br \/>\n1 x H\u01b0\u1edbng d\u1eabn s\u1eed d\u1ee5ng ti\u1ebfng Anh,<br \/>\n1 x M\u00e1y l\u00e0m s\u1ea1ch b\u1eb1ng s\u00f3ng si\u00eau \u00e2m,<br \/>\n1 x R\u1ed5 v\u1ec7 sinh,<br \/>\n1 x d\u00e2y ngu\u1ed3n<\/p>\n<p>**\u0110\u1ec3 \u0111\u01b0\u1ee3c nh\u1eadn \u0111\u01b0\u1ee3c gi\u00e1 \u01b0u \u0111\u00e3i t\u1ed1t nh\u1ea5t vui l\u00f2ng li\u00ean h\u1ec7 mua tr\u1ef1c ti\u1ebfp shop:<br \/>\n     0913.939.775 contact A.Quan (for English)<br \/>\n     094.144.0951 contact A.Quynh<br \/>\n**Selling price does not include VAT (+10% if VAT invoice is issued)<\/p>","protected":false},"excerpt":{"rendered":"<p>M\u00e1y r\u1eeda si\u00eau \u00e2m Untrasonic Cleaner 2L<\/p>","protected":false},"featured_media":1128,"comment_status":"open","ping_status":"closed","template":"","meta":{"inline_featured_image":false},"product_brand":[],"product_cat":[42],"product_tag":[],"class_list":{"0":"post-1137","1":"product","2":"type-product","3":"status-publish","4":"has-post-thumbnail","6":"product_cat-may-rua-va-may-say","8":"first","9":"instock","10":"taxable","11":"shipping-taxable","12":"purchasable","13":"product-type-simple"},"yoast_head":"<!-- This site is optimized with the Yoast SEO Premium plugin v22.8 (Yoast SEO v26.9) - https:\/\/yoast.com\/product\/yoast-seo-premium-wordpress\/ -->\n<title>M\u00e1y r\u1eeda si\u00eau \u00e2m Untrasonic Cleaner 2L - NGE 3D Printers Services<\/title>\n<meta name=\"robots\" content=\"index, follow, max-snippet:-1, max-image-preview:large, max-video-preview:-1\" \/>\n<link rel=\"canonical\" href=\"https:\/\/nge.vn\/en\/product\/may-rua-sieu-am-untrasonic-cleaner-2l\/\" \/>\n<meta property=\"og:locale\" content=\"en_US\" \/>\n<meta property=\"og:type\" content=\"article\" \/>\n<meta property=\"og:title\" content=\"M\u00e1y r\u1eeda si\u00eau \u00e2m Untrasonic Cleaner 2L\" \/>\n<meta property=\"og:description\" content=\"M\u00e1y r\u1eeda si\u00eau \u00e2m Untrasonic Cleaner 2L\" \/>\n<meta property=\"og:url\" content=\"https:\/\/nge.vn\/en\/product\/may-rua-sieu-am-untrasonic-cleaner-2l\/\" \/>\n<meta property=\"og:site_name\" content=\"NGE 3D Printers Services\" \/>\n<meta property=\"article:modified_time\" content=\"2024-10-29T10:27:41+00:00\" \/>\n<meta property=\"og:image\" content=\"https:\/\/nge.vn\/wp-content\/uploads\/2024\/10\/images-upload-woo2F4d777335bf01b699b914678e4aeacd59.jpg\" \/>\n\t<meta property=\"og:image:width\" content=\"673\" \/>\n\t<meta property=\"og:image:height\" content=\"673\" \/>\n\t<meta property=\"og:image:type\" content=\"image\/jpeg\" \/>\n<meta name=\"twitter:card\" content=\"summary_large_image\" \/>\n<meta name=\"twitter:label1\" content=\"Est. reading time\" \/>\n\t<meta name=\"twitter:data1\" content=\"4 minutes\" \/>\n<script type=\"application\/ld+json\" class=\"yoast-schema-graph\">{\"@context\":\"https:\/\/schema.org\",\"@graph\":[{\"@type\":\"WebPage\",\"@id\":\"https:\/\/nge.vn\/san-pham\/may-rua-sieu-am-untrasonic-cleaner-2l\/\",\"url\":\"https:\/\/nge.vn\/san-pham\/may-rua-sieu-am-untrasonic-cleaner-2l\/\",\"name\":\"M\u00e1y r\u1eeda si\u00eau \u00e2m Untrasonic Cleaner 2L - NGE 3D Printers Services\",\"isPartOf\":{\"@id\":\"https:\/\/nge.vn\/#website\"},\"primaryImageOfPage\":{\"@id\":\"https:\/\/nge.vn\/san-pham\/may-rua-sieu-am-untrasonic-cleaner-2l\/#primaryimage\"},\"image\":{\"@id\":\"https:\/\/nge.vn\/san-pham\/may-rua-sieu-am-untrasonic-cleaner-2l\/#primaryimage\"},\"thumbnailUrl\":\"https:\/\/nge.vn\/wp-content\/uploads\/2024\/10\/images-upload-woo2F4d777335bf01b699b914678e4aeacd59.jpg\",\"datePublished\":\"2024-10-25T08:04:32+00:00\",\"dateModified\":\"2024-10-29T10:27:41+00:00\",\"breadcrumb\":{\"@id\":\"https:\/\/nge.vn\/san-pham\/may-rua-sieu-am-untrasonic-cleaner-2l\/#breadcrumb\"},\"inLanguage\":\"en-US\",\"potentialAction\":[{\"@type\":\"ReadAction\",\"target\":[\"https:\/\/nge.vn\/san-pham\/may-rua-sieu-am-untrasonic-cleaner-2l\/\"]}]},{\"@type\":\"ImageObject\",\"inLanguage\":\"en-US\",\"@id\":\"https:\/\/nge.vn\/san-pham\/may-rua-sieu-am-untrasonic-cleaner-2l\/#primaryimage\",\"url\":\"https:\/\/nge.vn\/wp-content\/uploads\/2024\/10\/images-upload-woo2F4d777335bf01b699b914678e4aeacd59.jpg\",\"contentUrl\":\"https:\/\/nge.vn\/wp-content\/uploads\/2024\/10\/images-upload-woo2F4d777335bf01b699b914678e4aeacd59.jpg\",\"width\":673,\"height\":673},{\"@type\":\"BreadcrumbList\",\"@id\":\"https:\/\/nge.vn\/san-pham\/may-rua-sieu-am-untrasonic-cleaner-2l\/#breadcrumb\",\"itemListElement\":[{\"@type\":\"ListItem\",\"position\":1,\"name\":\"Trang ch\u1ee7\",\"item\":\"https:\/\/nge.vn\/\"},{\"@type\":\"ListItem\",\"position\":2,\"name\":\"S\u1ea3n ph\u1ea9m\",\"item\":\"https:\/\/nge.vn\/san-pham\/\"},{\"@type\":\"ListItem\",\"position\":3,\"name\":\"M\u00e1y r\u1eeda si\u00eau \u00e2m Untrasonic Cleaner 2L\"}]},{\"@type\":\"WebSite\",\"@id\":\"https:\/\/nge.vn\/#website\",\"url\":\"https:\/\/nge.vn\/\",\"name\":\"NGE 3D Printers Services\",\"description\":\"\",\"potentialAction\":[{\"@type\":\"SearchAction\",\"target\":{\"@type\":\"EntryPoint\",\"urlTemplate\":\"https:\/\/nge.vn\/?s={search_term_string}\"},\"query-input\":{\"@type\":\"PropertyValueSpecification\",\"valueRequired\":true,\"valueName\":\"search_term_string\"}}],\"inLanguage\":\"en-US\"}]}<\/script>\n<!-- \/ Yoast SEO Premium plugin. -->","yoast_head_json":{"title":"M\u00e1y r\u1eeda si\u00eau \u00e2m Untrasonic Cleaner 2L - NGE 3D Printers Services","robots":{"index":"index","follow":"follow","max-snippet":"max-snippet:-1","max-image-preview":"max-image-preview:large","max-video-preview":"max-video-preview:-1"},"canonical":"https:\/\/nge.vn\/en\/product\/may-rua-sieu-am-untrasonic-cleaner-2l\/","og_locale":"en_US","og_type":"article","og_title":"M\u00e1y r\u1eeda si\u00eau \u00e2m Untrasonic Cleaner 2L","og_description":"M\u00e1y r\u1eeda si\u00eau \u00e2m Untrasonic Cleaner 2L","og_url":"https:\/\/nge.vn\/en\/product\/may-rua-sieu-am-untrasonic-cleaner-2l\/","og_site_name":"NGE 3D Printers Services","article_modified_time":"2024-10-29T10:27:41+00:00","og_image":[{"width":673,"height":673,"url":"https:\/\/nge.vn\/wp-content\/uploads\/2024\/10\/images-upload-woo2F4d777335bf01b699b914678e4aeacd59.jpg","type":"image\/jpeg"}],"twitter_card":"summary_large_image","twitter_misc":{"Est. reading time":"4 minutes"},"schema":{"@context":"https:\/\/schema.org","@graph":[{"@type":"WebPage","@id":"https:\/\/nge.vn\/san-pham\/may-rua-sieu-am-untrasonic-cleaner-2l\/","url":"https:\/\/nge.vn\/san-pham\/may-rua-sieu-am-untrasonic-cleaner-2l\/","name":"M\u00e1y r\u1eeda si\u00eau \u00e2m Untrasonic Cleaner 2L - NGE 3D Printers Services","isPartOf":{"@id":"https:\/\/nge.vn\/#website"},"primaryImageOfPage":{"@id":"https:\/\/nge.vn\/san-pham\/may-rua-sieu-am-untrasonic-cleaner-2l\/#primaryimage"},"image":{"@id":"https:\/\/nge.vn\/san-pham\/may-rua-sieu-am-untrasonic-cleaner-2l\/#primaryimage"},"thumbnailUrl":"https:\/\/nge.vn\/wp-content\/uploads\/2024\/10\/images-upload-woo2F4d777335bf01b699b914678e4aeacd59.jpg","datePublished":"2024-10-25T08:04:32+00:00","dateModified":"2024-10-29T10:27:41+00:00","breadcrumb":{"@id":"https:\/\/nge.vn\/san-pham\/may-rua-sieu-am-untrasonic-cleaner-2l\/#breadcrumb"},"inLanguage":"en-US","potentialAction":[{"@type":"ReadAction","target":["https:\/\/nge.vn\/san-pham\/may-rua-sieu-am-untrasonic-cleaner-2l\/"]}]},{"@type":"ImageObject","inLanguage":"en-US","@id":"https:\/\/nge.vn\/san-pham\/may-rua-sieu-am-untrasonic-cleaner-2l\/#primaryimage","url":"https:\/\/nge.vn\/wp-content\/uploads\/2024\/10\/images-upload-woo2F4d777335bf01b699b914678e4aeacd59.jpg","contentUrl":"https:\/\/nge.vn\/wp-content\/uploads\/2024\/10\/images-upload-woo2F4d777335bf01b699b914678e4aeacd59.jpg","width":673,"height":673},{"@type":"BreadcrumbList","@id":"https:\/\/nge.vn\/san-pham\/may-rua-sieu-am-untrasonic-cleaner-2l\/#breadcrumb","itemListElement":[{"@type":"ListItem","position":1,"name":"Trang ch\u1ee7","item":"https:\/\/nge.vn\/"},{"@type":"ListItem","position":2,"name":"S\u1ea3n ph\u1ea9m","item":"https:\/\/nge.vn\/san-pham\/"},{"@type":"ListItem","position":3,"name":"M\u00e1y r\u1eeda si\u00eau \u00e2m Untrasonic Cleaner 2L"}]},{"@type":"WebSite","@id":"https:\/\/nge.vn\/#website","url":"https:\/\/nge.vn\/","name":"NGE 3D Printers Services","description":"","potentialAction":[{"@type":"SearchAction","target":{"@type":"EntryPoint","urlTemplate":"https:\/\/nge.vn\/?s={search_term_string}"},"query-input":{"@type":"PropertyValueSpecification","valueRequired":true,"valueName":"search_term_string"}}],"inLanguage":"en-US"}]}},"_links":{"self":[{"href":"https:\/\/nge.vn\/en\/wp-json\/wp\/v2\/product\/1137","targetHints":{"allow":["GET"]}}],"collection":[{"href":"https:\/\/nge.vn\/en\/wp-json\/wp\/v2\/product"}],"about":[{"href":"https:\/\/nge.vn\/en\/wp-json\/wp\/v2\/types\/product"}],"replies":[{"embeddable":true,"href":"https:\/\/nge.vn\/en\/wp-json\/wp\/v2\/comments?post=1137"}],"wp:featuredmedia":[{"embeddable":true,"href":"https:\/\/nge.vn\/en\/wp-json\/wp\/v2\/media\/1128"}],"wp:attachment":[{"href":"https:\/\/nge.vn\/en\/wp-json\/wp\/v2\/media?parent=1137"}],"wp:term":[{"taxonomy":"product_brand","embeddable":true,"href":"https:\/\/nge.vn\/en\/wp-json\/wp\/v2\/product_brand?post=1137"},{"taxonomy":"product_cat","embeddable":true,"href":"https:\/\/nge.vn\/en\/wp-json\/wp\/v2\/product_cat?post=1137"},{"taxonomy":"product_tag","embeddable":true,"href":"https:\/\/nge.vn\/en\/wp-json\/wp\/v2\/product_tag?post=1137"}],"curies":[{"name":"wp","href":"https:\/\/api.w.org\/{rel}","templated":true}]}}