{"id":1127,"date":"2024-10-25T15:01:40","date_gmt":"2024-10-25T08:01:40","guid":{"rendered":"https:\/\/nge.123websitedev.com\/san-pham\/mieng-bao-silicone-khoi-gia-nhiet-heating-block-silicone-cover-cho-may-in-3d-creality\/"},"modified":"2024-10-29T17:27:33","modified_gmt":"2024-10-29T10:27:33","slug":"mieng-bao-silicone-khoi-gia-nhiet-heating-block-silicone-cover-cho-may-in-3d-creality","status":"publish","type":"product","link":"https:\/\/nge.vn\/en\/product\/mieng-bao-silicone-khoi-gia-nhiet-heating-block-silicone-cover-cho-may-in-3d-creality\/","title":{"rendered":"Mi\u1ebfng bao silicone kh\u1ed1i gia nhi\u1ec7t Heating Block Silicone Cover cho m\u00e1y in 3d Creality"},"content":{"rendered":"<p>Mi\u1ebfng bao silicone kh\u1ed1i gia nhi\u1ec7t Heating Block Silicone Cover cho m\u00e1y in 3d Creality<br \/>\n_Mi\u1ebfng bao silicone kh\u1ed1i gia nhi\u1ec7t 23\u00d723\u00d717mm silicone ch\u1ed1ng ch\u00e1y \u0111en<br \/>\n_\u0110\u01b0\u1ee3c l\u00e0m b\u1eb1ng silicon c\u00e1ch nhi\u1ec7t, kh\u00f4ng d\u00ednh v\u00e0o c\u00e1c s\u1ee3i kh\u00e1c, ng\u0103n ch\u1eb7n s\u1ef1 m\u00e0i m\u00f2n c\u1ee7a kh\u1ed1i gia nhi\u1ec7t v\u00e0 gi\u1eef cho kh\u1ed1i gia nhi\u1ec7t lu\u00f4n th\u00f4ng tho\u00e1ng<br \/>\n_V\u1ecf silicon kh\u1ed1i gia nhi\u1ec7t d\u00e0nh ri\u00eang cho m\u00e1y in 3d<br \/>\n+C\u00e1ch ly nhi\u1ec7t<br \/>\n+T\u00ednh \u1ed5n \u0111\u1ecbnh nhi\u1ec7t<br \/>\n+M\u1edf r\u1ed9ng quy m\u00f4 ph\u00f2ng ng\u1eeba.<br \/>\n_C\u00e1ch ly nhi\u1ec7t: V\u1ecf silicon \u0111\u1ea9y nhanh qu\u00e1 tr\u00ecnh gia nhi\u1ec7t, tr\u00e1nh t\u1ea3n nhi\u1ec7t \u1edf \u0111\u1ea7u gia nhi\u1ec7t, \u1ed5n \u0111\u1ecbnh nhi\u1ec7t \u0111\u1ed9 cu\u1ed1i gia nhi\u1ec7t, kh\u00f4ng b\u1ecb \u1ea3nh h\u01b0\u1edfng t\u1eeb m\u00f4i tr\u01b0\u1eddng<br \/>\n_B\u1ea3o v\u1ec7 kh\u1ed1i s\u01b0\u1edfi: L\u00e0m b\u1eb1ng silicon c\u00e1ch nhi\u1ec7t, kh\u00f4ng d\u00ednh v\u00e0o c\u00e1c s\u1ee3i kh\u00e1c, ng\u0103n ch\u1eb7n s\u1ef1 m\u00e0i m\u00f2n kh\u1ed1i gia nhi\u1ec7t, gi\u1eef cho kh\u1ed1i gia nhi\u1ec7t lu\u00f4n s\u1ea1ch s\u1ebd<\/p>\n<p>T\u01b0\u01a1ng th\u00edch c\u00e1c m\u00e1y in 3d Creality:  CR-10 Smart, CR-200B, CR-6 SE, CR-6 Max &#8230;.<\/p>\n<p>**\u0110\u1ec3 \u0111\u01b0\u1ee3c h\u1ed9 tr\u1ee3 Gi\u00e1 t\u1ed1t nh\u1ea5t vui l\u00f2ng li\u00ean h\u1ec7 mua tr\u1ef1c ti\u1ebfp v\u1edbi Shop<br \/>\n           0913.939.775 g\u1eb7p A. Qu\u00e2n (for English)<br \/>\n           094.144.0951 contact A.Quynh<br \/>\n**Selling price does not include VAT (+10% if VAT invoice is issued)<\/p>","protected":false},"excerpt":{"rendered":"<p>Mi\u1ebfng bao silicone kh\u1ed1i gia nhi\u1ec7t Heating Block Silicone Cover cho m\u00e1y in 3d Creality<\/p>","protected":false},"featured_media":1120,"comment_status":"open","ping_status":"closed","template":"","meta":{"inline_featured_image":false},"product_brand":[],"product_cat":[458,40],"product_tag":[],"class_list":{"0":"post-1127","1":"product","2":"type-product","3":"status-publish","4":"has-post-thumbnail","6":"product_cat-ban-kinh-carbon-va-pei","7":"product_cat-linh-kien-va-phu-kien","9":"first","10":"instock","11":"taxable","12":"shipping-taxable","13":"purchasable","14":"product-type-simple"},"yoast_head":"<!-- This site is optimized with the Yoast SEO Premium plugin v22.8 (Yoast SEO v26.9) - https:\/\/yoast.com\/product\/yoast-seo-premium-wordpress\/ -->\n<title>Mi\u1ebfng bao silicone kh\u1ed1i gia nhi\u1ec7t Heating Block Silicone Cover cho m\u00e1y in 3d Creality - NGE 3D Printers Services<\/title>\n<meta name=\"robots\" content=\"index, follow, max-snippet:-1, max-image-preview:large, max-video-preview:-1\" \/>\n<link rel=\"canonical\" href=\"https:\/\/nge.vn\/en\/product\/mieng-bao-silicone-khoi-gia-nhiet-heating-block-silicone-cover-cho-may-in-3d-creality\/\" \/>\n<meta property=\"og:locale\" content=\"en_US\" \/>\n<meta property=\"og:type\" content=\"article\" \/>\n<meta property=\"og:title\" content=\"Mi\u1ebfng bao silicone kh\u1ed1i gia nhi\u1ec7t Heating Block Silicone Cover cho m\u00e1y in 3d Creality\" \/>\n<meta property=\"og:description\" content=\"Mi\u1ebfng bao silicone kh\u1ed1i gia nhi\u1ec7t Heating Block Silicone Cover cho m\u00e1y in 3d Creality\" \/>\n<meta property=\"og:url\" content=\"https:\/\/nge.vn\/en\/product\/mieng-bao-silicone-khoi-gia-nhiet-heating-block-silicone-cover-cho-may-in-3d-creality\/\" \/>\n<meta property=\"og:site_name\" content=\"NGE 3D Printers Services\" \/>\n<meta property=\"article:modified_time\" content=\"2024-10-29T10:27:33+00:00\" \/>\n<meta property=\"og:image\" content=\"https:\/\/nge.vn\/wp-content\/uploads\/2024\/10\/images-upload-woo2Fd5f2d1a26cc743d38fc9289c017f38fd.jpg\" \/>\n\t<meta property=\"og:image:width\" content=\"716\" \/>\n\t<meta property=\"og:image:height\" content=\"716\" \/>\n\t<meta property=\"og:image:type\" content=\"image\/jpeg\" \/>\n<meta name=\"twitter:card\" content=\"summary_large_image\" \/>\n<meta name=\"twitter:label1\" content=\"Est. reading time\" \/>\n\t<meta name=\"twitter:data1\" content=\"1 minute\" \/>\n<script type=\"application\/ld+json\" class=\"yoast-schema-graph\">{\"@context\":\"https:\/\/schema.org\",\"@graph\":[{\"@type\":\"WebPage\",\"@id\":\"https:\/\/nge.vn\/san-pham\/mieng-bao-silicone-khoi-gia-nhiet-heating-block-silicone-cover-cho-may-in-3d-creality\/\",\"url\":\"https:\/\/nge.vn\/san-pham\/mieng-bao-silicone-khoi-gia-nhiet-heating-block-silicone-cover-cho-may-in-3d-creality\/\",\"name\":\"Mi\u1ebfng bao silicone kh\u1ed1i gia nhi\u1ec7t Heating Block Silicone Cover cho m\u00e1y in 3d Creality - NGE 3D Printers Services\",\"isPartOf\":{\"@id\":\"https:\/\/nge.vn\/#website\"},\"primaryImageOfPage\":{\"@id\":\"https:\/\/nge.vn\/san-pham\/mieng-bao-silicone-khoi-gia-nhiet-heating-block-silicone-cover-cho-may-in-3d-creality\/#primaryimage\"},\"image\":{\"@id\":\"https:\/\/nge.vn\/san-pham\/mieng-bao-silicone-khoi-gia-nhiet-heating-block-silicone-cover-cho-may-in-3d-creality\/#primaryimage\"},\"thumbnailUrl\":\"https:\/\/nge.vn\/wp-content\/uploads\/2024\/10\/images-upload-woo2Fd5f2d1a26cc743d38fc9289c017f38fd.jpg\",\"datePublished\":\"2024-10-25T08:01:40+00:00\",\"dateModified\":\"2024-10-29T10:27:33+00:00\",\"breadcrumb\":{\"@id\":\"https:\/\/nge.vn\/san-pham\/mieng-bao-silicone-khoi-gia-nhiet-heating-block-silicone-cover-cho-may-in-3d-creality\/#breadcrumb\"},\"inLanguage\":\"en-US\",\"potentialAction\":[{\"@type\":\"ReadAction\",\"target\":[\"https:\/\/nge.vn\/san-pham\/mieng-bao-silicone-khoi-gia-nhiet-heating-block-silicone-cover-cho-may-in-3d-creality\/\"]}]},{\"@type\":\"ImageObject\",\"inLanguage\":\"en-US\",\"@id\":\"https:\/\/nge.vn\/san-pham\/mieng-bao-silicone-khoi-gia-nhiet-heating-block-silicone-cover-cho-may-in-3d-creality\/#primaryimage\",\"url\":\"https:\/\/nge.vn\/wp-content\/uploads\/2024\/10\/images-upload-woo2Fd5f2d1a26cc743d38fc9289c017f38fd.jpg\",\"contentUrl\":\"https:\/\/nge.vn\/wp-content\/uploads\/2024\/10\/images-upload-woo2Fd5f2d1a26cc743d38fc9289c017f38fd.jpg\",\"width\":716,\"height\":716},{\"@type\":\"BreadcrumbList\",\"@id\":\"https:\/\/nge.vn\/san-pham\/mieng-bao-silicone-khoi-gia-nhiet-heating-block-silicone-cover-cho-may-in-3d-creality\/#breadcrumb\",\"itemListElement\":[{\"@type\":\"ListItem\",\"position\":1,\"name\":\"Trang ch\u1ee7\",\"item\":\"https:\/\/nge.vn\/\"},{\"@type\":\"ListItem\",\"position\":2,\"name\":\"S\u1ea3n ph\u1ea9m\",\"item\":\"https:\/\/nge.vn\/san-pham\/\"},{\"@type\":\"ListItem\",\"position\":3,\"name\":\"Mi\u1ebfng bao silicone kh\u1ed1i gia nhi\u1ec7t Heating Block Silicone Cover cho m\u00e1y in 3d Creality\"}]},{\"@type\":\"WebSite\",\"@id\":\"https:\/\/nge.vn\/#website\",\"url\":\"https:\/\/nge.vn\/\",\"name\":\"NGE 3D Printers Services\",\"description\":\"\",\"potentialAction\":[{\"@type\":\"SearchAction\",\"target\":{\"@type\":\"EntryPoint\",\"urlTemplate\":\"https:\/\/nge.vn\/?s={search_term_string}\"},\"query-input\":{\"@type\":\"PropertyValueSpecification\",\"valueRequired\":true,\"valueName\":\"search_term_string\"}}],\"inLanguage\":\"en-US\"}]}<\/script>\n<!-- \/ Yoast SEO Premium plugin. -->","yoast_head_json":{"title":"Mi\u1ebfng bao silicone kh\u1ed1i gia nhi\u1ec7t Heating Block Silicone Cover cho m\u00e1y in 3d Creality - NGE 3D Printers Services","robots":{"index":"index","follow":"follow","max-snippet":"max-snippet:-1","max-image-preview":"max-image-preview:large","max-video-preview":"max-video-preview:-1"},"canonical":"https:\/\/nge.vn\/en\/product\/mieng-bao-silicone-khoi-gia-nhiet-heating-block-silicone-cover-cho-may-in-3d-creality\/","og_locale":"en_US","og_type":"article","og_title":"Mi\u1ebfng bao silicone kh\u1ed1i gia nhi\u1ec7t Heating Block Silicone Cover cho m\u00e1y in 3d Creality","og_description":"Mi\u1ebfng bao silicone kh\u1ed1i gia nhi\u1ec7t Heating Block Silicone Cover cho m\u00e1y in 3d Creality","og_url":"https:\/\/nge.vn\/en\/product\/mieng-bao-silicone-khoi-gia-nhiet-heating-block-silicone-cover-cho-may-in-3d-creality\/","og_site_name":"NGE 3D Printers Services","article_modified_time":"2024-10-29T10:27:33+00:00","og_image":[{"width":716,"height":716,"url":"https:\/\/nge.vn\/wp-content\/uploads\/2024\/10\/images-upload-woo2Fd5f2d1a26cc743d38fc9289c017f38fd.jpg","type":"image\/jpeg"}],"twitter_card":"summary_large_image","twitter_misc":{"Est. reading time":"1 minute"},"schema":{"@context":"https:\/\/schema.org","@graph":[{"@type":"WebPage","@id":"https:\/\/nge.vn\/san-pham\/mieng-bao-silicone-khoi-gia-nhiet-heating-block-silicone-cover-cho-may-in-3d-creality\/","url":"https:\/\/nge.vn\/san-pham\/mieng-bao-silicone-khoi-gia-nhiet-heating-block-silicone-cover-cho-may-in-3d-creality\/","name":"Mi\u1ebfng bao silicone kh\u1ed1i gia nhi\u1ec7t Heating Block Silicone Cover cho m\u00e1y in 3d Creality - NGE 3D Printers Services","isPartOf":{"@id":"https:\/\/nge.vn\/#website"},"primaryImageOfPage":{"@id":"https:\/\/nge.vn\/san-pham\/mieng-bao-silicone-khoi-gia-nhiet-heating-block-silicone-cover-cho-may-in-3d-creality\/#primaryimage"},"image":{"@id":"https:\/\/nge.vn\/san-pham\/mieng-bao-silicone-khoi-gia-nhiet-heating-block-silicone-cover-cho-may-in-3d-creality\/#primaryimage"},"thumbnailUrl":"https:\/\/nge.vn\/wp-content\/uploads\/2024\/10\/images-upload-woo2Fd5f2d1a26cc743d38fc9289c017f38fd.jpg","datePublished":"2024-10-25T08:01:40+00:00","dateModified":"2024-10-29T10:27:33+00:00","breadcrumb":{"@id":"https:\/\/nge.vn\/san-pham\/mieng-bao-silicone-khoi-gia-nhiet-heating-block-silicone-cover-cho-may-in-3d-creality\/#breadcrumb"},"inLanguage":"en-US","potentialAction":[{"@type":"ReadAction","target":["https:\/\/nge.vn\/san-pham\/mieng-bao-silicone-khoi-gia-nhiet-heating-block-silicone-cover-cho-may-in-3d-creality\/"]}]},{"@type":"ImageObject","inLanguage":"en-US","@id":"https:\/\/nge.vn\/san-pham\/mieng-bao-silicone-khoi-gia-nhiet-heating-block-silicone-cover-cho-may-in-3d-creality\/#primaryimage","url":"https:\/\/nge.vn\/wp-content\/uploads\/2024\/10\/images-upload-woo2Fd5f2d1a26cc743d38fc9289c017f38fd.jpg","contentUrl":"https:\/\/nge.vn\/wp-content\/uploads\/2024\/10\/images-upload-woo2Fd5f2d1a26cc743d38fc9289c017f38fd.jpg","width":716,"height":716},{"@type":"BreadcrumbList","@id":"https:\/\/nge.vn\/san-pham\/mieng-bao-silicone-khoi-gia-nhiet-heating-block-silicone-cover-cho-may-in-3d-creality\/#breadcrumb","itemListElement":[{"@type":"ListItem","position":1,"name":"Trang ch\u1ee7","item":"https:\/\/nge.vn\/"},{"@type":"ListItem","position":2,"name":"S\u1ea3n ph\u1ea9m","item":"https:\/\/nge.vn\/san-pham\/"},{"@type":"ListItem","position":3,"name":"Mi\u1ebfng bao silicone kh\u1ed1i gia nhi\u1ec7t Heating Block Silicone Cover cho m\u00e1y in 3d Creality"}]},{"@type":"WebSite","@id":"https:\/\/nge.vn\/#website","url":"https:\/\/nge.vn\/","name":"NGE 3D Printers Services","description":"","potentialAction":[{"@type":"SearchAction","target":{"@type":"EntryPoint","urlTemplate":"https:\/\/nge.vn\/?s={search_term_string}"},"query-input":{"@type":"PropertyValueSpecification","valueRequired":true,"valueName":"search_term_string"}}],"inLanguage":"en-US"}]}},"_links":{"self":[{"href":"https:\/\/nge.vn\/en\/wp-json\/wp\/v2\/product\/1127","targetHints":{"allow":["GET"]}}],"collection":[{"href":"https:\/\/nge.vn\/en\/wp-json\/wp\/v2\/product"}],"about":[{"href":"https:\/\/nge.vn\/en\/wp-json\/wp\/v2\/types\/product"}],"replies":[{"embeddable":true,"href":"https:\/\/nge.vn\/en\/wp-json\/wp\/v2\/comments?post=1127"}],"wp:featuredmedia":[{"embeddable":true,"href":"https:\/\/nge.vn\/en\/wp-json\/wp\/v2\/media\/1120"}],"wp:attachment":[{"href":"https:\/\/nge.vn\/en\/wp-json\/wp\/v2\/media?parent=1127"}],"wp:term":[{"taxonomy":"product_brand","embeddable":true,"href":"https:\/\/nge.vn\/en\/wp-json\/wp\/v2\/product_brand?post=1127"},{"taxonomy":"product_cat","embeddable":true,"href":"https:\/\/nge.vn\/en\/wp-json\/wp\/v2\/product_cat?post=1127"},{"taxonomy":"product_tag","embeddable":true,"href":"https:\/\/nge.vn\/en\/wp-json\/wp\/v2\/product_tag?post=1127"}],"curies":[{"name":"wp","href":"https:\/\/api.w.org\/{rel}","templated":true}]}}