{"id":1109,"date":"2024-10-25T14:57:28","date_gmt":"2024-10-25T07:57:28","guid":{"rendered":"https:\/\/nge.123websitedev.com\/san-pham\/tam-mat-ban-ender-2-pro-frosted-cold-printing-platform-180x170x1mm\/"},"modified":"2024-10-29T17:24:07","modified_gmt":"2024-10-29T10:24:07","slug":"tam-mat-ban-ender-2-pro-frosted-cold-printing-platform-180x170x1mm","status":"publish","type":"product","link":"https:\/\/nge.vn\/en\/product\/tam-mat-ban-ender-2-pro-frosted-cold-printing-platform-180x170x1mm\/","title":{"rendered":"T\u1ea5m m\u1eb7t b\u00e0n Ender-2 Pro Frosted Cold Printing Platform 180\u00d7170\u00d71mm"},"content":{"rendered":"<p>T\u1ea5m m\u1eb7t b\u00e0n Ender-2 Pro Frosted Cold Printing Platform 180\u00d7170\u00d71mm<br \/>\n_Nh\u00e3n d\u00e1n m\u1edd + T\u1ea5m th\u00e9p l\u00f2 xo<br \/>\n_Kh\u00f4ng l\u00e0m n\u00f3ng s\u01a1 b\u1ed9 &#8211; S\u1ef1 s\u00e1ng t\u1ea1o t\u1ee9c th\u00ec<br \/>\n_T\u1ea5m in m\u1edd, kh\u00f4ng c\u1ea7n t\u1ea5m ph\u1ee7 n\u00f3ng \u0111\u01b0\u1ee3c l\u00e0m n\u00f3ng, in nhanh h\u01a1n<\/p>\n<p>_Kh\u00f4ng c\u1ea7n \u0111\u1ec7m n\u00f3ng.<br \/>\n_K\u1ebft d\u00ednh m\u1ea1nh m\u1ebd<br \/>\n_Lo\u1ea1i b\u1ecf c\u00e1c m\u00f4 h\u00ecnh d\u1ec5 d\u00e0ng<br \/>\n_Nh\u1eb9 v\u00e0 m\u1ecfng<\/p>\n<p>_In m\u00e0 kh\u00f4ng l\u00e0m n\u00f3ng gi\u01b0\u1eddng<br \/>\nIn c\u00e1c s\u1ee3i PLA m\u00e0 kh\u00f4ng c\u1ea7n b\u1eadt t\u1ea5m \u0111\u1ec7m. Ti\u1ebft ki\u1ec7m n\u0103ng l\u01b0\u1ee3ng v\u00e0 th\u00e2n thi\u1ec7n v\u1edbi m\u00f4i tr\u01b0\u1eddng, c\u0169ng l\u00e0m gi\u1ea3m nguy c\u01a1 b\u1ecfng.<\/p>\n<p>_Kh\u00f4ng l\u00e0m n\u00f3ng tr\u01b0\u1edbc, t\u1ea1o t\u1ee9c th\u00ec<br \/>\nKh\u00f4ng c\u1ea7n b\u00e0n nhi\u1ec7t tr\u01b0\u1edbc khi in, gi\u1ea3m to\u00e0n b\u1ed9 th\u1eddi gian l\u00e0m n\u00f3ng s\u01a1 b\u1ed9 v\u00e0 gi\u00fap in nhanh h\u01a1n!<\/p>\n<p>_K\u1ebft c\u1ea5u m\u1edd, \u0111\u1ed9 b\u00e1m d\u00ednh m\u1ea1nh<br \/>\nM\u1ed9t c\u1ea3m gi\u00e1c m\u1edd \u0111\u1eb7c bi\u1ec7t \u0111\u01b0\u1ee3c t\u1ea1o ra b\u1edfi b\u1ec1 m\u1eb7t m\u1edd nh\u00e1m \u0111\u1eb7c bi\u1ec7t c\u1ee7a t\u1ea5m. \u0110\u1ed9 b\u00e1m d\u00ednh c\u1ee7a m\u00f4 h\u00ecnh cao h\u01a1n, kh\u00f4ng d\u1ec5 cong v\u00eanh \u0111\u1ed3ng th\u1eddi kh\u00f3a ch\u1eafc ch\u1eafn s\u1ef1 s\u00e1ng t\u1ea1o trong qu\u00e1 tr\u00ecnh in \u1ea5n.<\/p>\n<p>_M\u1ecfng v\u00e0 nh\u1eb9 nh\u01b0 m\u1ed9t t\u1ea5m th\u1ebb<br \/>\n\u0110\u1ed9 d\u00e0y c\u1ee7a t\u1ea5m in m\u1edd 0.3mm, nh\u1eb9 h\u01a1n t\u1ea5m in th\u01b0\u1eddng. Linh ho\u1ea1t h\u01a1n v\u00e0 c\u00f3 kh\u1ea3 n\u0103ng ch\u1ed1ng u\u1ed1n cong. H\u1ea5p ph\u1ee5 t\u1eeb t\u00ednh m\u1ea1nh h\u01a1n v\u1edbi mi\u1ebfng d\u00e1n t\u1eeb t\u00ednh m\u1ec1m.<\/p>\n<p>_Th\u00e1o c\u00e1c m\u00f4 h\u00ecnh trong m\u1ed9t b\u01b0\u1edbc<br \/>\nCh\u1ec9 c\u1ea7n u\u1ed1n cong t\u1ea5m \u0111\u1ec3 th\u00e1o c\u00e1c m\u00f4 h\u00ecnh.<\/p>\n<p>**L\u01b0u \u00fd: \u0111\u1ed1i v\u1edbi d\u00e2y t\u00f3c ABS, khuy\u1ebfn ngh\u1ecb r\u1eb1ng nhi\u1ec7t \u0111\u1ed9 b\u00e0n l\u00e0m n\u00f3ng tr\u00ean 80\u00b0C<\/p>\n<p>***Product Parameter<br \/>\n+Product Name: Frosted printing plate (without heating hotbed)<br \/>\n+Size: 180*170*1mm<br \/>\n+Compatible models: Ender 2 Pro<br \/>\n+Packing Size\uff1a250\u00d7265\u00d78mm<br \/>\n+G.W\uff1a202g<br \/>\n+N.W.\uff1a85g<\/p>\n<p>**\u0110\u1ec3 \u0111\u01b0\u1ee3c nh\u1eadn \u0111\u01b0\u1ee3c gi\u00e1 \u01b0u \u0111\u00e3i t\u1ed1t nh\u1ea5t vui l\u00f2ng li\u00ean h\u1ec7 mua tr\u1ef1c ti\u1ebfp shop:<br \/>\n     0913.939.775 contact A.Quan (for English)<br \/>\n     094.144.0951 contact A.Quynh<br \/>\n**Selling price does not include VAT (+10% if VAT invoice is issued)<\/p>","protected":false},"excerpt":{"rendered":"<p>T\u1ea5m m\u1eb7t b\u00e0n Ender-2 Pro Frosted Cold Printing Platform 180\u00d7170\u00d71mm<\/p>","protected":false},"featured_media":1101,"comment_status":"open","ping_status":"closed","template":"","meta":{"inline_featured_image":false},"product_brand":[],"product_cat":[458,40],"product_tag":[],"class_list":{"0":"post-1109","1":"product","2":"type-product","3":"status-publish","4":"has-post-thumbnail","6":"product_cat-ban-kinh-carbon-va-pei","7":"product_cat-linh-kien-va-phu-kien","9":"first","10":"instock","11":"taxable","12":"shipping-taxable","13":"purchasable","14":"product-type-simple"},"yoast_head":"<!-- This site is optimized with the Yoast SEO Premium plugin v22.8 (Yoast SEO v26.9) - https:\/\/yoast.com\/product\/yoast-seo-premium-wordpress\/ -->\n<title>T\u1ea5m m\u1eb7t b\u00e0n Ender-2 Pro Frosted Cold Printing Platform 180\u00d7170\u00d71mm - NGE 3D Printers Services<\/title>\n<meta name=\"robots\" content=\"index, follow, max-snippet:-1, max-image-preview:large, max-video-preview:-1\" \/>\n<link rel=\"canonical\" href=\"https:\/\/nge.vn\/en\/product\/tam-mat-ban-ender-2-pro-frosted-cold-printing-platform-180x170x1mm\/\" \/>\n<meta property=\"og:locale\" content=\"en_US\" \/>\n<meta property=\"og:type\" content=\"article\" \/>\n<meta property=\"og:title\" content=\"T\u1ea5m m\u1eb7t b\u00e0n Ender-2 Pro Frosted Cold Printing Platform 180\u00d7170\u00d71mm\" \/>\n<meta property=\"og:description\" content=\"T\u1ea5m m\u1eb7t b\u00e0n Ender-2 Pro Frosted Cold Printing Platform 180\u00d7170\u00d71mm\" \/>\n<meta property=\"og:url\" content=\"https:\/\/nge.vn\/en\/product\/tam-mat-ban-ender-2-pro-frosted-cold-printing-platform-180x170x1mm\/\" \/>\n<meta property=\"og:site_name\" content=\"NGE 3D Printers Services\" \/>\n<meta property=\"article:modified_time\" content=\"2024-10-29T10:24:07+00:00\" \/>\n<meta property=\"og:image\" content=\"https:\/\/nge.vn\/wp-content\/uploads\/2024\/10\/images-upload-woo2Fc91849bee1687fc513a25c76a1fceae9.jpg\" \/>\n\t<meta property=\"og:image:width\" content=\"960\" \/>\n\t<meta property=\"og:image:height\" content=\"960\" \/>\n\t<meta property=\"og:image:type\" content=\"image\/jpeg\" \/>\n<meta name=\"twitter:card\" content=\"summary_large_image\" \/>\n<meta name=\"twitter:label1\" content=\"Est. reading time\" \/>\n\t<meta name=\"twitter:data1\" content=\"2 minutes\" \/>\n<script type=\"application\/ld+json\" class=\"yoast-schema-graph\">{\"@context\":\"https:\/\/schema.org\",\"@graph\":[{\"@type\":\"WebPage\",\"@id\":\"https:\/\/nge.vn\/san-pham\/tam-mat-ban-ender-2-pro-frosted-cold-printing-platform-180x170x1mm\/\",\"url\":\"https:\/\/nge.vn\/san-pham\/tam-mat-ban-ender-2-pro-frosted-cold-printing-platform-180x170x1mm\/\",\"name\":\"T\u1ea5m m\u1eb7t b\u00e0n Ender-2 Pro Frosted Cold Printing Platform 180\u00d7170\u00d71mm - NGE 3D Printers Services\",\"isPartOf\":{\"@id\":\"https:\/\/nge.vn\/#website\"},\"primaryImageOfPage\":{\"@id\":\"https:\/\/nge.vn\/san-pham\/tam-mat-ban-ender-2-pro-frosted-cold-printing-platform-180x170x1mm\/#primaryimage\"},\"image\":{\"@id\":\"https:\/\/nge.vn\/san-pham\/tam-mat-ban-ender-2-pro-frosted-cold-printing-platform-180x170x1mm\/#primaryimage\"},\"thumbnailUrl\":\"https:\/\/nge.vn\/wp-content\/uploads\/2024\/10\/images-upload-woo2Fc91849bee1687fc513a25c76a1fceae9.jpg\",\"datePublished\":\"2024-10-25T07:57:28+00:00\",\"dateModified\":\"2024-10-29T10:24:07+00:00\",\"breadcrumb\":{\"@id\":\"https:\/\/nge.vn\/san-pham\/tam-mat-ban-ender-2-pro-frosted-cold-printing-platform-180x170x1mm\/#breadcrumb\"},\"inLanguage\":\"en-US\",\"potentialAction\":[{\"@type\":\"ReadAction\",\"target\":[\"https:\/\/nge.vn\/san-pham\/tam-mat-ban-ender-2-pro-frosted-cold-printing-platform-180x170x1mm\/\"]}]},{\"@type\":\"ImageObject\",\"inLanguage\":\"en-US\",\"@id\":\"https:\/\/nge.vn\/san-pham\/tam-mat-ban-ender-2-pro-frosted-cold-printing-platform-180x170x1mm\/#primaryimage\",\"url\":\"https:\/\/nge.vn\/wp-content\/uploads\/2024\/10\/images-upload-woo2Fc91849bee1687fc513a25c76a1fceae9.jpg\",\"contentUrl\":\"https:\/\/nge.vn\/wp-content\/uploads\/2024\/10\/images-upload-woo2Fc91849bee1687fc513a25c76a1fceae9.jpg\",\"width\":960,\"height\":960},{\"@type\":\"BreadcrumbList\",\"@id\":\"https:\/\/nge.vn\/san-pham\/tam-mat-ban-ender-2-pro-frosted-cold-printing-platform-180x170x1mm\/#breadcrumb\",\"itemListElement\":[{\"@type\":\"ListItem\",\"position\":1,\"name\":\"Trang ch\u1ee7\",\"item\":\"https:\/\/nge.vn\/\"},{\"@type\":\"ListItem\",\"position\":2,\"name\":\"S\u1ea3n ph\u1ea9m\",\"item\":\"https:\/\/nge.vn\/san-pham\/\"},{\"@type\":\"ListItem\",\"position\":3,\"name\":\"T\u1ea5m m\u1eb7t b\u00e0n Ender-2 Pro Frosted Cold Printing Platform 180\u00d7170\u00d71mm\"}]},{\"@type\":\"WebSite\",\"@id\":\"https:\/\/nge.vn\/#website\",\"url\":\"https:\/\/nge.vn\/\",\"name\":\"NGE 3D Printers Services\",\"description\":\"\",\"potentialAction\":[{\"@type\":\"SearchAction\",\"target\":{\"@type\":\"EntryPoint\",\"urlTemplate\":\"https:\/\/nge.vn\/?s={search_term_string}\"},\"query-input\":{\"@type\":\"PropertyValueSpecification\",\"valueRequired\":true,\"valueName\":\"search_term_string\"}}],\"inLanguage\":\"en-US\"}]}<\/script>\n<!-- \/ Yoast SEO Premium plugin. -->","yoast_head_json":{"title":"T\u1ea5m m\u1eb7t b\u00e0n Ender-2 Pro Frosted Cold Printing Platform 180\u00d7170\u00d71mm - NGE 3D Printers Services","robots":{"index":"index","follow":"follow","max-snippet":"max-snippet:-1","max-image-preview":"max-image-preview:large","max-video-preview":"max-video-preview:-1"},"canonical":"https:\/\/nge.vn\/en\/product\/tam-mat-ban-ender-2-pro-frosted-cold-printing-platform-180x170x1mm\/","og_locale":"en_US","og_type":"article","og_title":"T\u1ea5m m\u1eb7t b\u00e0n Ender-2 Pro Frosted Cold Printing Platform 180\u00d7170\u00d71mm","og_description":"T\u1ea5m m\u1eb7t b\u00e0n Ender-2 Pro Frosted Cold Printing Platform 180\u00d7170\u00d71mm","og_url":"https:\/\/nge.vn\/en\/product\/tam-mat-ban-ender-2-pro-frosted-cold-printing-platform-180x170x1mm\/","og_site_name":"NGE 3D Printers Services","article_modified_time":"2024-10-29T10:24:07+00:00","og_image":[{"width":960,"height":960,"url":"https:\/\/nge.vn\/wp-content\/uploads\/2024\/10\/images-upload-woo2Fc91849bee1687fc513a25c76a1fceae9.jpg","type":"image\/jpeg"}],"twitter_card":"summary_large_image","twitter_misc":{"Est. reading time":"2 minutes"},"schema":{"@context":"https:\/\/schema.org","@graph":[{"@type":"WebPage","@id":"https:\/\/nge.vn\/san-pham\/tam-mat-ban-ender-2-pro-frosted-cold-printing-platform-180x170x1mm\/","url":"https:\/\/nge.vn\/san-pham\/tam-mat-ban-ender-2-pro-frosted-cold-printing-platform-180x170x1mm\/","name":"T\u1ea5m m\u1eb7t b\u00e0n Ender-2 Pro Frosted Cold Printing Platform 180\u00d7170\u00d71mm - NGE 3D Printers Services","isPartOf":{"@id":"https:\/\/nge.vn\/#website"},"primaryImageOfPage":{"@id":"https:\/\/nge.vn\/san-pham\/tam-mat-ban-ender-2-pro-frosted-cold-printing-platform-180x170x1mm\/#primaryimage"},"image":{"@id":"https:\/\/nge.vn\/san-pham\/tam-mat-ban-ender-2-pro-frosted-cold-printing-platform-180x170x1mm\/#primaryimage"},"thumbnailUrl":"https:\/\/nge.vn\/wp-content\/uploads\/2024\/10\/images-upload-woo2Fc91849bee1687fc513a25c76a1fceae9.jpg","datePublished":"2024-10-25T07:57:28+00:00","dateModified":"2024-10-29T10:24:07+00:00","breadcrumb":{"@id":"https:\/\/nge.vn\/san-pham\/tam-mat-ban-ender-2-pro-frosted-cold-printing-platform-180x170x1mm\/#breadcrumb"},"inLanguage":"en-US","potentialAction":[{"@type":"ReadAction","target":["https:\/\/nge.vn\/san-pham\/tam-mat-ban-ender-2-pro-frosted-cold-printing-platform-180x170x1mm\/"]}]},{"@type":"ImageObject","inLanguage":"en-US","@id":"https:\/\/nge.vn\/san-pham\/tam-mat-ban-ender-2-pro-frosted-cold-printing-platform-180x170x1mm\/#primaryimage","url":"https:\/\/nge.vn\/wp-content\/uploads\/2024\/10\/images-upload-woo2Fc91849bee1687fc513a25c76a1fceae9.jpg","contentUrl":"https:\/\/nge.vn\/wp-content\/uploads\/2024\/10\/images-upload-woo2Fc91849bee1687fc513a25c76a1fceae9.jpg","width":960,"height":960},{"@type":"BreadcrumbList","@id":"https:\/\/nge.vn\/san-pham\/tam-mat-ban-ender-2-pro-frosted-cold-printing-platform-180x170x1mm\/#breadcrumb","itemListElement":[{"@type":"ListItem","position":1,"name":"Trang ch\u1ee7","item":"https:\/\/nge.vn\/"},{"@type":"ListItem","position":2,"name":"S\u1ea3n ph\u1ea9m","item":"https:\/\/nge.vn\/san-pham\/"},{"@type":"ListItem","position":3,"name":"T\u1ea5m m\u1eb7t b\u00e0n Ender-2 Pro Frosted Cold Printing Platform 180\u00d7170\u00d71mm"}]},{"@type":"WebSite","@id":"https:\/\/nge.vn\/#website","url":"https:\/\/nge.vn\/","name":"NGE 3D Printers Services","description":"","potentialAction":[{"@type":"SearchAction","target":{"@type":"EntryPoint","urlTemplate":"https:\/\/nge.vn\/?s={search_term_string}"},"query-input":{"@type":"PropertyValueSpecification","valueRequired":true,"valueName":"search_term_string"}}],"inLanguage":"en-US"}]}},"_links":{"self":[{"href":"https:\/\/nge.vn\/en\/wp-json\/wp\/v2\/product\/1109","targetHints":{"allow":["GET"]}}],"collection":[{"href":"https:\/\/nge.vn\/en\/wp-json\/wp\/v2\/product"}],"about":[{"href":"https:\/\/nge.vn\/en\/wp-json\/wp\/v2\/types\/product"}],"replies":[{"embeddable":true,"href":"https:\/\/nge.vn\/en\/wp-json\/wp\/v2\/comments?post=1109"}],"wp:featuredmedia":[{"embeddable":true,"href":"https:\/\/nge.vn\/en\/wp-json\/wp\/v2\/media\/1101"}],"wp:attachment":[{"href":"https:\/\/nge.vn\/en\/wp-json\/wp\/v2\/media?parent=1109"}],"wp:term":[{"taxonomy":"product_brand","embeddable":true,"href":"https:\/\/nge.vn\/en\/wp-json\/wp\/v2\/product_brand?post=1109"},{"taxonomy":"product_cat","embeddable":true,"href":"https:\/\/nge.vn\/en\/wp-json\/wp\/v2\/product_cat?post=1109"},{"taxonomy":"product_tag","embeddable":true,"href":"https:\/\/nge.vn\/en\/wp-json\/wp\/v2\/product_tag?post=1109"}],"curies":[{"name":"wp","href":"https:\/\/api.w.org\/{rel}","templated":true}]}}