{"id":1090,"date":"2024-10-25T14:52:33","date_gmt":"2024-10-25T07:52:33","guid":{"rendered":"https:\/\/nge.123websitedev.com\/san-pham\/bo-khoi-gia-nhiet-heating-block-kit-high-temperature-pro-nhiet-do-cao-300%e2%84%83-cho-may-in-3d-ender-3-s1-pro-plus\/"},"modified":"2024-10-29T17:26:46","modified_gmt":"2024-10-29T10:26:46","slug":"bo-khoi-gia-nhiet-heating-block-kit-high-temperature-pro-nhiet-do-cao-300%e2%84%83-cho-may-in-3d-ender-3-s1-pro-plus","status":"publish","type":"product","link":"https:\/\/nge.vn\/en\/product\/bo-khoi-gia-nhiet-heating-block-kit-high-temperature-pro-nhiet-do-cao-300%e2%84%83-cho-may-in-3d-ender-3-s1-pro-plus\/","title":{"rendered":"B\u1ed9 kh\u1ed1i gia nhi\u1ec7t Heating Block Kit-High Temperature Pro Nhi\u1ec7t \u0111\u1ed9 cao 300\u2103 cho m\u00e1y in 3d Ender-3 S1\/ Pro\/ Plus&#8230;"},"content":{"rendered":"<p>B\u1ed9 kh\u1ed1i gia nhi\u1ec7t Heating Block Kit-High Temperature Pro Nhi\u1ec7t \u0111\u1ed9 cao 300\u2103<br \/>\nB\u1ed9 kh\u1ed1i gia nhi\u1ec7t-Nhi\u1ec7t \u0111\u1ed9 cao Pro (300\u2103)<br \/>\n_Ch\u1ea5t li\u1ec7u \u1ed1ng d\u1eabn (Throat tube material): \u0110\u1ed3ng Chrome + H\u1ee3p kim Titan<br \/>\n_In \u1edf nhi\u1ec7t \u0111\u1ed9 cao d\u01b0\u1edbi 300\u2103, h\u1ee3p kim titan c\u00f3 th\u1ec3 gi\u1ea3m d\u1eabn nhi\u1ec7t l\u00ean tr\u00ean v\u00e0 \u0111\u1ed3ng chrome c\u00f3 hi\u1ec7u su\u1ea5t t\u1ed5ng th\u1ec3 t\u1ed1t h\u01a1n v\u1edbi t\u00ednh n\u0103ng t\u0103ng t\u1ed1c \u0111\u1ed9 t\u1ea3n nhi\u1ec7t.<br \/>\n_T\u00f9y ch\u1ec9nh cho m\u00e1y in FDM \u0111\u01b0\u1ee3c trang b\u1ecb Sprite Extruder<\/p>\n<p>+Packing Size\uff1a190\u00d780\u00d720mm<br \/>\n+G.W\uff1a22g<br \/>\n+N.W.\uff1a19g<br \/>\n+T\u01b0\u01a1ng th\u00edch c\u00e1c m\u00e1y: Ender-3 S1; Ender-3 S1 Pro, Ender-3 S1 Plus; CR-10 Smart Pro; Sermoon V1; Sermoon V1 Pro&#8230;<\/p>\n<p>**\u0110\u1ec3 \u0111\u01b0\u1ee3c nh\u1eadn h\u1ed9 tr\u1ee3 th\u00eam v\u1ec1 Gi\u00e1 v\u00e0 Th\u00f4ng tin c\u1ee7a s\u1ea3n ph\u1ea9m, vui l\u00f2ng li\u00ean h\u1ec7:<br \/>\n     0913.939.775 contact A.Quan (for English)<br \/>\n     094.144.0951 contact A.Quynh<br \/>\n**Selling price does not include VAT (+10% if VAT invoice is issued)<\/p>\n<p>***T\u1ea5t c\u1ea3 s\u1ea3n ph\u1ea9m linh ph\u1ee5 ki\u1ec7n kh\u00f4ng b\u1ea3o h\u00e0nh (c\u00e1c b\u1ea1n c\u00f3 th\u1ec3 li\u00ean h\u1ec7 h\u00e3ng h\u1ed9 tr\u1ee3 th\u00eam)<\/p>","protected":false},"excerpt":{"rendered":"<p>B\u1ed9 kh\u1ed1i gia nhi\u1ec7t Heating Block Kit-High Temperature Pro Nhi\u1ec7t \u0111\u1ed9 cao 300\u2103 cho m\u00e1y in 3d Ender-3 S1\/ Pro\/ Plus&#8230;<\/p>","protected":false},"featured_media":1081,"comment_status":"open","ping_status":"closed","template":"","meta":{"inline_featured_image":false},"product_brand":[],"product_cat":[40],"product_tag":[],"class_list":{"0":"post-1090","1":"product","2":"type-product","3":"status-publish","4":"has-post-thumbnail","6":"product_cat-linh-kien-va-phu-kien","8":"first","9":"instock","10":"taxable","11":"shipping-taxable","12":"purchasable","13":"product-type-simple"},"yoast_head":"<!-- This site is optimized with the Yoast SEO Premium plugin v22.8 (Yoast SEO v26.9) - https:\/\/yoast.com\/product\/yoast-seo-premium-wordpress\/ -->\n<title>B\u1ed9 kh\u1ed1i gia nhi\u1ec7t Heating Block Kit-High Temperature Pro Nhi\u1ec7t \u0111\u1ed9 cao 300\u2103 cho m\u00e1y in 3d Ender-3 S1\/ Pro\/ Plus... - NGE 3D Printers Services<\/title>\n<meta name=\"robots\" content=\"index, follow, max-snippet:-1, max-image-preview:large, max-video-preview:-1\" \/>\n<link rel=\"canonical\" href=\"https:\/\/nge.vn\/en\/product\/bo-khoi-gia-nhiet-heating-block-kit-high-temperature-pro-nhiet-do-cao-300\u2103-cho-may-in-3d-ender-3-s1-pro-plus\/\" \/>\n<meta property=\"og:locale\" content=\"en_US\" \/>\n<meta property=\"og:type\" content=\"article\" \/>\n<meta property=\"og:title\" content=\"B\u1ed9 kh\u1ed1i gia nhi\u1ec7t Heating Block Kit-High Temperature Pro Nhi\u1ec7t \u0111\u1ed9 cao 300\u2103 cho m\u00e1y in 3d Ender-3 S1\/ Pro\/ Plus...\" \/>\n<meta property=\"og:description\" content=\"B\u1ed9 kh\u1ed1i gia nhi\u1ec7t Heating Block Kit-High Temperature Pro Nhi\u1ec7t \u0111\u1ed9 cao 300\u2103 cho m\u00e1y in 3d Ender-3 S1\/ Pro\/ Plus...\" \/>\n<meta property=\"og:url\" content=\"https:\/\/nge.vn\/en\/product\/bo-khoi-gia-nhiet-heating-block-kit-high-temperature-pro-nhiet-do-cao-300\u2103-cho-may-in-3d-ender-3-s1-pro-plus\/\" \/>\n<meta property=\"og:site_name\" content=\"NGE 3D Printers Services\" \/>\n<meta property=\"article:modified_time\" content=\"2024-10-29T10:26:46+00:00\" \/>\n<meta property=\"og:image\" content=\"https:\/\/nge.vn\/wp-content\/uploads\/2024\/10\/images-upload-woo2F16fd397da4c2fb0483a9c72192032f28.jpg\" \/>\n\t<meta property=\"og:image:width\" content=\"1000\" \/>\n\t<meta property=\"og:image:height\" content=\"1000\" \/>\n\t<meta property=\"og:image:type\" content=\"image\/jpeg\" \/>\n<meta name=\"twitter:card\" content=\"summary_large_image\" \/>\n<meta name=\"twitter:label1\" content=\"Est. reading time\" \/>\n\t<meta name=\"twitter:data1\" content=\"1 minute\" \/>\n<script type=\"application\/ld+json\" class=\"yoast-schema-graph\">{\"@context\":\"https:\/\/schema.org\",\"@graph\":[{\"@type\":\"WebPage\",\"@id\":\"https:\/\/nge.vn\/san-pham\/bo-khoi-gia-nhiet-heating-block-kit-high-temperature-pro-nhiet-do-cao-300%e2%84%83-cho-may-in-3d-ender-3-s1-pro-plus\/\",\"url\":\"https:\/\/nge.vn\/san-pham\/bo-khoi-gia-nhiet-heating-block-kit-high-temperature-pro-nhiet-do-cao-300%e2%84%83-cho-may-in-3d-ender-3-s1-pro-plus\/\",\"name\":\"B\u1ed9 kh\u1ed1i gia nhi\u1ec7t Heating Block Kit-High Temperature Pro Nhi\u1ec7t \u0111\u1ed9 cao 300\u2103 cho m\u00e1y in 3d Ender-3 S1\/ Pro\/ Plus... - NGE 3D Printers Services\",\"isPartOf\":{\"@id\":\"https:\/\/nge.vn\/#website\"},\"primaryImageOfPage\":{\"@id\":\"https:\/\/nge.vn\/san-pham\/bo-khoi-gia-nhiet-heating-block-kit-high-temperature-pro-nhiet-do-cao-300%e2%84%83-cho-may-in-3d-ender-3-s1-pro-plus\/#primaryimage\"},\"image\":{\"@id\":\"https:\/\/nge.vn\/san-pham\/bo-khoi-gia-nhiet-heating-block-kit-high-temperature-pro-nhiet-do-cao-300%e2%84%83-cho-may-in-3d-ender-3-s1-pro-plus\/#primaryimage\"},\"thumbnailUrl\":\"https:\/\/nge.vn\/wp-content\/uploads\/2024\/10\/images-upload-woo2F16fd397da4c2fb0483a9c72192032f28.jpg\",\"datePublished\":\"2024-10-25T07:52:33+00:00\",\"dateModified\":\"2024-10-29T10:26:46+00:00\",\"breadcrumb\":{\"@id\":\"https:\/\/nge.vn\/san-pham\/bo-khoi-gia-nhiet-heating-block-kit-high-temperature-pro-nhiet-do-cao-300%e2%84%83-cho-may-in-3d-ender-3-s1-pro-plus\/#breadcrumb\"},\"inLanguage\":\"en-US\",\"potentialAction\":[{\"@type\":\"ReadAction\",\"target\":[\"https:\/\/nge.vn\/san-pham\/bo-khoi-gia-nhiet-heating-block-kit-high-temperature-pro-nhiet-do-cao-300%e2%84%83-cho-may-in-3d-ender-3-s1-pro-plus\/\"]}]},{\"@type\":\"ImageObject\",\"inLanguage\":\"en-US\",\"@id\":\"https:\/\/nge.vn\/san-pham\/bo-khoi-gia-nhiet-heating-block-kit-high-temperature-pro-nhiet-do-cao-300%e2%84%83-cho-may-in-3d-ender-3-s1-pro-plus\/#primaryimage\",\"url\":\"https:\/\/nge.vn\/wp-content\/uploads\/2024\/10\/images-upload-woo2F16fd397da4c2fb0483a9c72192032f28.jpg\",\"contentUrl\":\"https:\/\/nge.vn\/wp-content\/uploads\/2024\/10\/images-upload-woo2F16fd397da4c2fb0483a9c72192032f28.jpg\",\"width\":1000,\"height\":1000},{\"@type\":\"BreadcrumbList\",\"@id\":\"https:\/\/nge.vn\/san-pham\/bo-khoi-gia-nhiet-heating-block-kit-high-temperature-pro-nhiet-do-cao-300%e2%84%83-cho-may-in-3d-ender-3-s1-pro-plus\/#breadcrumb\",\"itemListElement\":[{\"@type\":\"ListItem\",\"position\":1,\"name\":\"Trang ch\u1ee7\",\"item\":\"https:\/\/nge.vn\/\"},{\"@type\":\"ListItem\",\"position\":2,\"name\":\"S\u1ea3n ph\u1ea9m\",\"item\":\"https:\/\/nge.vn\/san-pham\/\"},{\"@type\":\"ListItem\",\"position\":3,\"name\":\"B\u1ed9 kh\u1ed1i gia nhi\u1ec7t Heating Block Kit-High Temperature Pro Nhi\u1ec7t \u0111\u1ed9 cao 300\u2103 cho m\u00e1y in 3d Ender-3 S1\/ Pro\/ Plus&#8230;\"}]},{\"@type\":\"WebSite\",\"@id\":\"https:\/\/nge.vn\/#website\",\"url\":\"https:\/\/nge.vn\/\",\"name\":\"NGE 3D Printers Services\",\"description\":\"\",\"potentialAction\":[{\"@type\":\"SearchAction\",\"target\":{\"@type\":\"EntryPoint\",\"urlTemplate\":\"https:\/\/nge.vn\/?s={search_term_string}\"},\"query-input\":{\"@type\":\"PropertyValueSpecification\",\"valueRequired\":true,\"valueName\":\"search_term_string\"}}],\"inLanguage\":\"en-US\"}]}<\/script>\n<!-- \/ Yoast SEO Premium plugin. -->","yoast_head_json":{"title":"B\u1ed9 kh\u1ed1i gia nhi\u1ec7t Heating Block Kit-High Temperature Pro Nhi\u1ec7t \u0111\u1ed9 cao 300\u2103 cho m\u00e1y in 3d Ender-3 S1\/ Pro\/ Plus... - NGE 3D Printers Services","robots":{"index":"index","follow":"follow","max-snippet":"max-snippet:-1","max-image-preview":"max-image-preview:large","max-video-preview":"max-video-preview:-1"},"canonical":"https:\/\/nge.vn\/en\/product\/bo-khoi-gia-nhiet-heating-block-kit-high-temperature-pro-nhiet-do-cao-300\u2103-cho-may-in-3d-ender-3-s1-pro-plus\/","og_locale":"en_US","og_type":"article","og_title":"B\u1ed9 kh\u1ed1i gia nhi\u1ec7t Heating Block Kit-High Temperature Pro Nhi\u1ec7t \u0111\u1ed9 cao 300\u2103 cho m\u00e1y in 3d Ender-3 S1\/ Pro\/ Plus...","og_description":"B\u1ed9 kh\u1ed1i gia nhi\u1ec7t Heating Block Kit-High Temperature Pro Nhi\u1ec7t \u0111\u1ed9 cao 300\u2103 cho m\u00e1y in 3d Ender-3 S1\/ Pro\/ Plus...","og_url":"https:\/\/nge.vn\/en\/product\/bo-khoi-gia-nhiet-heating-block-kit-high-temperature-pro-nhiet-do-cao-300\u2103-cho-may-in-3d-ender-3-s1-pro-plus\/","og_site_name":"NGE 3D Printers Services","article_modified_time":"2024-10-29T10:26:46+00:00","og_image":[{"width":1000,"height":1000,"url":"https:\/\/nge.vn\/wp-content\/uploads\/2024\/10\/images-upload-woo2F16fd397da4c2fb0483a9c72192032f28.jpg","type":"image\/jpeg"}],"twitter_card":"summary_large_image","twitter_misc":{"Est. reading time":"1 minute"},"schema":{"@context":"https:\/\/schema.org","@graph":[{"@type":"WebPage","@id":"https:\/\/nge.vn\/san-pham\/bo-khoi-gia-nhiet-heating-block-kit-high-temperature-pro-nhiet-do-cao-300%e2%84%83-cho-may-in-3d-ender-3-s1-pro-plus\/","url":"https:\/\/nge.vn\/san-pham\/bo-khoi-gia-nhiet-heating-block-kit-high-temperature-pro-nhiet-do-cao-300%e2%84%83-cho-may-in-3d-ender-3-s1-pro-plus\/","name":"B\u1ed9 kh\u1ed1i gia nhi\u1ec7t Heating Block Kit-High Temperature Pro Nhi\u1ec7t \u0111\u1ed9 cao 300\u2103 cho m\u00e1y in 3d Ender-3 S1\/ Pro\/ Plus... - NGE 3D Printers Services","isPartOf":{"@id":"https:\/\/nge.vn\/#website"},"primaryImageOfPage":{"@id":"https:\/\/nge.vn\/san-pham\/bo-khoi-gia-nhiet-heating-block-kit-high-temperature-pro-nhiet-do-cao-300%e2%84%83-cho-may-in-3d-ender-3-s1-pro-plus\/#primaryimage"},"image":{"@id":"https:\/\/nge.vn\/san-pham\/bo-khoi-gia-nhiet-heating-block-kit-high-temperature-pro-nhiet-do-cao-300%e2%84%83-cho-may-in-3d-ender-3-s1-pro-plus\/#primaryimage"},"thumbnailUrl":"https:\/\/nge.vn\/wp-content\/uploads\/2024\/10\/images-upload-woo2F16fd397da4c2fb0483a9c72192032f28.jpg","datePublished":"2024-10-25T07:52:33+00:00","dateModified":"2024-10-29T10:26:46+00:00","breadcrumb":{"@id":"https:\/\/nge.vn\/san-pham\/bo-khoi-gia-nhiet-heating-block-kit-high-temperature-pro-nhiet-do-cao-300%e2%84%83-cho-may-in-3d-ender-3-s1-pro-plus\/#breadcrumb"},"inLanguage":"en-US","potentialAction":[{"@type":"ReadAction","target":["https:\/\/nge.vn\/san-pham\/bo-khoi-gia-nhiet-heating-block-kit-high-temperature-pro-nhiet-do-cao-300%e2%84%83-cho-may-in-3d-ender-3-s1-pro-plus\/"]}]},{"@type":"ImageObject","inLanguage":"en-US","@id":"https:\/\/nge.vn\/san-pham\/bo-khoi-gia-nhiet-heating-block-kit-high-temperature-pro-nhiet-do-cao-300%e2%84%83-cho-may-in-3d-ender-3-s1-pro-plus\/#primaryimage","url":"https:\/\/nge.vn\/wp-content\/uploads\/2024\/10\/images-upload-woo2F16fd397da4c2fb0483a9c72192032f28.jpg","contentUrl":"https:\/\/nge.vn\/wp-content\/uploads\/2024\/10\/images-upload-woo2F16fd397da4c2fb0483a9c72192032f28.jpg","width":1000,"height":1000},{"@type":"BreadcrumbList","@id":"https:\/\/nge.vn\/san-pham\/bo-khoi-gia-nhiet-heating-block-kit-high-temperature-pro-nhiet-do-cao-300%e2%84%83-cho-may-in-3d-ender-3-s1-pro-plus\/#breadcrumb","itemListElement":[{"@type":"ListItem","position":1,"name":"Trang ch\u1ee7","item":"https:\/\/nge.vn\/"},{"@type":"ListItem","position":2,"name":"S\u1ea3n ph\u1ea9m","item":"https:\/\/nge.vn\/san-pham\/"},{"@type":"ListItem","position":3,"name":"B\u1ed9 kh\u1ed1i gia nhi\u1ec7t Heating Block Kit-High Temperature Pro Nhi\u1ec7t \u0111\u1ed9 cao 300\u2103 cho m\u00e1y in 3d Ender-3 S1\/ Pro\/ Plus&#8230;"}]},{"@type":"WebSite","@id":"https:\/\/nge.vn\/#website","url":"https:\/\/nge.vn\/","name":"NGE 3D Printers Services","description":"","potentialAction":[{"@type":"SearchAction","target":{"@type":"EntryPoint","urlTemplate":"https:\/\/nge.vn\/?s={search_term_string}"},"query-input":{"@type":"PropertyValueSpecification","valueRequired":true,"valueName":"search_term_string"}}],"inLanguage":"en-US"}]}},"_links":{"self":[{"href":"https:\/\/nge.vn\/en\/wp-json\/wp\/v2\/product\/1090","targetHints":{"allow":["GET"]}}],"collection":[{"href":"https:\/\/nge.vn\/en\/wp-json\/wp\/v2\/product"}],"about":[{"href":"https:\/\/nge.vn\/en\/wp-json\/wp\/v2\/types\/product"}],"replies":[{"embeddable":true,"href":"https:\/\/nge.vn\/en\/wp-json\/wp\/v2\/comments?post=1090"}],"wp:featuredmedia":[{"embeddable":true,"href":"https:\/\/nge.vn\/en\/wp-json\/wp\/v2\/media\/1081"}],"wp:attachment":[{"href":"https:\/\/nge.vn\/en\/wp-json\/wp\/v2\/media?parent=1090"}],"wp:term":[{"taxonomy":"product_brand","embeddable":true,"href":"https:\/\/nge.vn\/en\/wp-json\/wp\/v2\/product_brand?post=1090"},{"taxonomy":"product_cat","embeddable":true,"href":"https:\/\/nge.vn\/en\/wp-json\/wp\/v2\/product_cat?post=1090"},{"taxonomy":"product_tag","embeddable":true,"href":"https:\/\/nge.vn\/en\/wp-json\/wp\/v2\/product_tag?post=1090"}],"curies":[{"name":"wp","href":"https:\/\/api.w.org\/{rel}","templated":true}]}}