{"id":1080,"date":"2024-10-25T14:50:56","date_gmt":"2024-10-25T07:50:56","guid":{"rendered":"https:\/\/nge.123websitedev.com\/san-pham\/khoi-nhom-gia-nhiet-heating-block-cho-cum-dun-may-in-3d-cr-10-smart-cr-6-se-cr-6-max\/"},"modified":"2024-10-29T17:28:12","modified_gmt":"2024-10-29T10:28:12","slug":"khoi-nhom-gia-nhiet-heating-block-cho-cum-dun-may-in-3d-cr-10-smart-cr-6-se-cr-6-max","status":"publish","type":"product","link":"https:\/\/nge.vn\/en\/product\/khoi-nhom-gia-nhiet-heating-block-cho-cum-dun-may-in-3d-cr-10-smart-cr-6-se-cr-6-max\/","title":{"rendered":"Kh\u1ed1i nh\u00f4m gia nhi\u1ec7t Heating Block cho c\u1ee5m \u0111\u00f9n m\u00e1y in 3d CR-10 Smart &amp; CR-6 SE &amp; CR-6 Max"},"content":{"rendered":"<p>Kh\u1ed1i nh\u00f4m gia nhi\u1ec7t Heating Block cho c\u1ee5m \u0111\u00f9n m\u00e1y in 3d CR-10 Smart &amp; CR-6 SE &amp; CR-6 Max<br \/>\n_\u0110\u01b0\u1ee3c l\u00e0m b\u1eb1ng ch\u1ea5t li\u1ec7u nh\u00f4m nguy\u00ean kh\u1ed1i 6061, s\u1eed d\u1ee5ng l\u00e2u b\u1ec1n<br \/>\n_N\u00f3 ho\u1ea1t \u0111\u1ed9ng ho\u00e0n h\u1ea3o cho v\u00f2i phun CR-6 SE v\u00e0 CR-6 Max v\u00e0 t\u1ea3n nhi\u1ec7t<\/p>\n<p>+Tr\u1ecdng l\u01b0\u1ee3ng nh\u1eb9<br \/>\n+C\u1ee9ng c\u00e1p<br \/>\n+Ch\u1ea5t li\u1ec7u b\u1ec1n s\u1eed d\u1ee5ng l\u00e2u d\u00e0i<br \/>\n+\u0110\u1ed9 ch\u00ednh x\u00e1c cao<br \/>\n+Ch\u1ea5t l\u01b0\u1ee3ng cao<br \/>\n+Size: 20\u00d720\u00d710mm<\/p>\n<p>**\u0110\u1ec3 \u0111\u01b0\u1ee3c nh\u1eadn h\u1ed9 tr\u1ee3 th\u00eam v\u1ec1 Gi\u00e1 v\u00e0 Th\u00f4ng tin c\u1ee7a s\u1ea3n ph\u1ea9m, vui l\u00f2ng li\u00ean h\u1ec7:<br \/>\n     0913.939.775 contact A.Quan (for English)<br \/>\n     094.144.0951 contact A.Quynh<br \/>\n**Selling price does not include VAT (+10% if VAT invoice is issued)<\/p>","protected":false},"excerpt":{"rendered":"<p>Kh\u1ed1i nh\u00f4m gia nhi\u1ec7t Heating Block cho c\u1ee5m \u0111\u00f9n m\u00e1y in 3d CR-10 Smart &amp; CR-6 SE &amp; CR-6 Max<\/p>","protected":false},"featured_media":1071,"comment_status":"open","ping_status":"closed","template":"","meta":{"inline_featured_image":false},"product_brand":[],"product_cat":[461,40],"product_tag":[],"class_list":{"0":"post-1080","1":"product","2":"type-product","3":"status-publish","4":"has-post-thumbnail","6":"product_cat-linh-kien-cum-dun-va-cam-bien","7":"product_cat-linh-kien-va-phu-kien","9":"first","10":"instock","11":"taxable","12":"shipping-taxable","13":"purchasable","14":"product-type-simple"},"yoast_head":"<!-- This site is optimized with the Yoast SEO Premium plugin v22.8 (Yoast SEO v26.9) - https:\/\/yoast.com\/product\/yoast-seo-premium-wordpress\/ -->\n<title>Kh\u1ed1i nh\u00f4m gia nhi\u1ec7t Heating Block cho c\u1ee5m \u0111\u00f9n m\u00e1y in 3d CR-10 Smart &amp; CR-6 SE &amp; CR-6 Max - NGE 3D Printers Services<\/title>\n<meta name=\"robots\" content=\"index, follow, max-snippet:-1, max-image-preview:large, max-video-preview:-1\" \/>\n<link rel=\"canonical\" href=\"https:\/\/nge.vn\/en\/product\/khoi-nhom-gia-nhiet-heating-block-cho-cum-dun-may-in-3d-cr-10-smart-cr-6-se-cr-6-max\/\" \/>\n<meta property=\"og:locale\" content=\"en_US\" \/>\n<meta property=\"og:type\" content=\"article\" \/>\n<meta property=\"og:title\" content=\"Kh\u1ed1i nh\u00f4m gia nhi\u1ec7t Heating Block cho c\u1ee5m \u0111\u00f9n m\u00e1y in 3d CR-10 Smart &amp; CR-6 SE &amp; CR-6 Max\" \/>\n<meta property=\"og:description\" content=\"Kh\u1ed1i nh\u00f4m gia nhi\u1ec7t Heating Block cho c\u1ee5m \u0111\u00f9n m\u00e1y in 3d CR-10 Smart &amp; CR-6 SE &amp; CR-6 Max\" \/>\n<meta property=\"og:url\" content=\"https:\/\/nge.vn\/en\/product\/khoi-nhom-gia-nhiet-heating-block-cho-cum-dun-may-in-3d-cr-10-smart-cr-6-se-cr-6-max\/\" \/>\n<meta property=\"og:site_name\" content=\"NGE 3D Printers Services\" \/>\n<meta property=\"article:modified_time\" content=\"2024-10-29T10:28:12+00:00\" \/>\n<meta property=\"og:image\" content=\"https:\/\/nge.vn\/wp-content\/uploads\/2024\/10\/images-upload-woo2F2bf1f73344f1ed3124f1d8bd2a2a8be0.jpg\" \/>\n\t<meta property=\"og:image:width\" content=\"423\" \/>\n\t<meta property=\"og:image:height\" content=\"423\" \/>\n\t<meta property=\"og:image:type\" content=\"image\/jpeg\" \/>\n<meta name=\"twitter:card\" content=\"summary_large_image\" \/>\n<meta name=\"twitter:label1\" content=\"Est. reading time\" \/>\n\t<meta name=\"twitter:data1\" content=\"1 minute\" \/>\n<script type=\"application\/ld+json\" class=\"yoast-schema-graph\">{\"@context\":\"https:\/\/schema.org\",\"@graph\":[{\"@type\":\"WebPage\",\"@id\":\"https:\/\/nge.vn\/san-pham\/khoi-nhom-gia-nhiet-heating-block-cho-cum-dun-may-in-3d-cr-10-smart-cr-6-se-cr-6-max\/\",\"url\":\"https:\/\/nge.vn\/san-pham\/khoi-nhom-gia-nhiet-heating-block-cho-cum-dun-may-in-3d-cr-10-smart-cr-6-se-cr-6-max\/\",\"name\":\"Kh\u1ed1i nh\u00f4m gia nhi\u1ec7t Heating Block cho c\u1ee5m \u0111\u00f9n m\u00e1y in 3d CR-10 Smart &amp; CR-6 SE &amp; CR-6 Max - NGE 3D Printers Services\",\"isPartOf\":{\"@id\":\"https:\/\/nge.vn\/#website\"},\"primaryImageOfPage\":{\"@id\":\"https:\/\/nge.vn\/san-pham\/khoi-nhom-gia-nhiet-heating-block-cho-cum-dun-may-in-3d-cr-10-smart-cr-6-se-cr-6-max\/#primaryimage\"},\"image\":{\"@id\":\"https:\/\/nge.vn\/san-pham\/khoi-nhom-gia-nhiet-heating-block-cho-cum-dun-may-in-3d-cr-10-smart-cr-6-se-cr-6-max\/#primaryimage\"},\"thumbnailUrl\":\"https:\/\/nge.vn\/wp-content\/uploads\/2024\/10\/images-upload-woo2F2bf1f73344f1ed3124f1d8bd2a2a8be0.jpg\",\"datePublished\":\"2024-10-25T07:50:56+00:00\",\"dateModified\":\"2024-10-29T10:28:12+00:00\",\"breadcrumb\":{\"@id\":\"https:\/\/nge.vn\/san-pham\/khoi-nhom-gia-nhiet-heating-block-cho-cum-dun-may-in-3d-cr-10-smart-cr-6-se-cr-6-max\/#breadcrumb\"},\"inLanguage\":\"en-US\",\"potentialAction\":[{\"@type\":\"ReadAction\",\"target\":[\"https:\/\/nge.vn\/san-pham\/khoi-nhom-gia-nhiet-heating-block-cho-cum-dun-may-in-3d-cr-10-smart-cr-6-se-cr-6-max\/\"]}]},{\"@type\":\"ImageObject\",\"inLanguage\":\"en-US\",\"@id\":\"https:\/\/nge.vn\/san-pham\/khoi-nhom-gia-nhiet-heating-block-cho-cum-dun-may-in-3d-cr-10-smart-cr-6-se-cr-6-max\/#primaryimage\",\"url\":\"https:\/\/nge.vn\/wp-content\/uploads\/2024\/10\/images-upload-woo2F2bf1f73344f1ed3124f1d8bd2a2a8be0.jpg\",\"contentUrl\":\"https:\/\/nge.vn\/wp-content\/uploads\/2024\/10\/images-upload-woo2F2bf1f73344f1ed3124f1d8bd2a2a8be0.jpg\",\"width\":423,\"height\":423},{\"@type\":\"BreadcrumbList\",\"@id\":\"https:\/\/nge.vn\/san-pham\/khoi-nhom-gia-nhiet-heating-block-cho-cum-dun-may-in-3d-cr-10-smart-cr-6-se-cr-6-max\/#breadcrumb\",\"itemListElement\":[{\"@type\":\"ListItem\",\"position\":1,\"name\":\"Trang ch\u1ee7\",\"item\":\"https:\/\/nge.vn\/\"},{\"@type\":\"ListItem\",\"position\":2,\"name\":\"S\u1ea3n ph\u1ea9m\",\"item\":\"https:\/\/nge.vn\/san-pham\/\"},{\"@type\":\"ListItem\",\"position\":3,\"name\":\"Kh\u1ed1i nh\u00f4m gia nhi\u1ec7t Heating Block cho c\u1ee5m \u0111\u00f9n m\u00e1y in 3d CR-10 Smart &amp; CR-6 SE &amp; CR-6 Max\"}]},{\"@type\":\"WebSite\",\"@id\":\"https:\/\/nge.vn\/#website\",\"url\":\"https:\/\/nge.vn\/\",\"name\":\"NGE 3D Printers Services\",\"description\":\"\",\"potentialAction\":[{\"@type\":\"SearchAction\",\"target\":{\"@type\":\"EntryPoint\",\"urlTemplate\":\"https:\/\/nge.vn\/?s={search_term_string}\"},\"query-input\":{\"@type\":\"PropertyValueSpecification\",\"valueRequired\":true,\"valueName\":\"search_term_string\"}}],\"inLanguage\":\"en-US\"}]}<\/script>\n<!-- \/ Yoast SEO Premium plugin. -->","yoast_head_json":{"title":"Kh\u1ed1i nh\u00f4m gia nhi\u1ec7t Heating Block cho c\u1ee5m \u0111\u00f9n m\u00e1y in 3d CR-10 Smart &amp; CR-6 SE &amp; CR-6 Max - NGE 3D Printers Services","robots":{"index":"index","follow":"follow","max-snippet":"max-snippet:-1","max-image-preview":"max-image-preview:large","max-video-preview":"max-video-preview:-1"},"canonical":"https:\/\/nge.vn\/en\/product\/khoi-nhom-gia-nhiet-heating-block-cho-cum-dun-may-in-3d-cr-10-smart-cr-6-se-cr-6-max\/","og_locale":"en_US","og_type":"article","og_title":"Kh\u1ed1i nh\u00f4m gia nhi\u1ec7t Heating Block cho c\u1ee5m \u0111\u00f9n m\u00e1y in 3d CR-10 Smart &amp; CR-6 SE &amp; CR-6 Max","og_description":"Kh\u1ed1i nh\u00f4m gia nhi\u1ec7t Heating Block cho c\u1ee5m \u0111\u00f9n m\u00e1y in 3d CR-10 Smart &amp; CR-6 SE &amp; CR-6 Max","og_url":"https:\/\/nge.vn\/en\/product\/khoi-nhom-gia-nhiet-heating-block-cho-cum-dun-may-in-3d-cr-10-smart-cr-6-se-cr-6-max\/","og_site_name":"NGE 3D Printers Services","article_modified_time":"2024-10-29T10:28:12+00:00","og_image":[{"width":423,"height":423,"url":"https:\/\/nge.vn\/wp-content\/uploads\/2024\/10\/images-upload-woo2F2bf1f73344f1ed3124f1d8bd2a2a8be0.jpg","type":"image\/jpeg"}],"twitter_card":"summary_large_image","twitter_misc":{"Est. reading time":"1 minute"},"schema":{"@context":"https:\/\/schema.org","@graph":[{"@type":"WebPage","@id":"https:\/\/nge.vn\/san-pham\/khoi-nhom-gia-nhiet-heating-block-cho-cum-dun-may-in-3d-cr-10-smart-cr-6-se-cr-6-max\/","url":"https:\/\/nge.vn\/san-pham\/khoi-nhom-gia-nhiet-heating-block-cho-cum-dun-may-in-3d-cr-10-smart-cr-6-se-cr-6-max\/","name":"Kh\u1ed1i nh\u00f4m gia nhi\u1ec7t Heating Block cho c\u1ee5m \u0111\u00f9n m\u00e1y in 3d CR-10 Smart &amp; CR-6 SE &amp; CR-6 Max - NGE 3D Printers Services","isPartOf":{"@id":"https:\/\/nge.vn\/#website"},"primaryImageOfPage":{"@id":"https:\/\/nge.vn\/san-pham\/khoi-nhom-gia-nhiet-heating-block-cho-cum-dun-may-in-3d-cr-10-smart-cr-6-se-cr-6-max\/#primaryimage"},"image":{"@id":"https:\/\/nge.vn\/san-pham\/khoi-nhom-gia-nhiet-heating-block-cho-cum-dun-may-in-3d-cr-10-smart-cr-6-se-cr-6-max\/#primaryimage"},"thumbnailUrl":"https:\/\/nge.vn\/wp-content\/uploads\/2024\/10\/images-upload-woo2F2bf1f73344f1ed3124f1d8bd2a2a8be0.jpg","datePublished":"2024-10-25T07:50:56+00:00","dateModified":"2024-10-29T10:28:12+00:00","breadcrumb":{"@id":"https:\/\/nge.vn\/san-pham\/khoi-nhom-gia-nhiet-heating-block-cho-cum-dun-may-in-3d-cr-10-smart-cr-6-se-cr-6-max\/#breadcrumb"},"inLanguage":"en-US","potentialAction":[{"@type":"ReadAction","target":["https:\/\/nge.vn\/san-pham\/khoi-nhom-gia-nhiet-heating-block-cho-cum-dun-may-in-3d-cr-10-smart-cr-6-se-cr-6-max\/"]}]},{"@type":"ImageObject","inLanguage":"en-US","@id":"https:\/\/nge.vn\/san-pham\/khoi-nhom-gia-nhiet-heating-block-cho-cum-dun-may-in-3d-cr-10-smart-cr-6-se-cr-6-max\/#primaryimage","url":"https:\/\/nge.vn\/wp-content\/uploads\/2024\/10\/images-upload-woo2F2bf1f73344f1ed3124f1d8bd2a2a8be0.jpg","contentUrl":"https:\/\/nge.vn\/wp-content\/uploads\/2024\/10\/images-upload-woo2F2bf1f73344f1ed3124f1d8bd2a2a8be0.jpg","width":423,"height":423},{"@type":"BreadcrumbList","@id":"https:\/\/nge.vn\/san-pham\/khoi-nhom-gia-nhiet-heating-block-cho-cum-dun-may-in-3d-cr-10-smart-cr-6-se-cr-6-max\/#breadcrumb","itemListElement":[{"@type":"ListItem","position":1,"name":"Trang ch\u1ee7","item":"https:\/\/nge.vn\/"},{"@type":"ListItem","position":2,"name":"S\u1ea3n ph\u1ea9m","item":"https:\/\/nge.vn\/san-pham\/"},{"@type":"ListItem","position":3,"name":"Kh\u1ed1i nh\u00f4m gia nhi\u1ec7t Heating Block cho c\u1ee5m \u0111\u00f9n m\u00e1y in 3d CR-10 Smart &amp; CR-6 SE &amp; CR-6 Max"}]},{"@type":"WebSite","@id":"https:\/\/nge.vn\/#website","url":"https:\/\/nge.vn\/","name":"NGE 3D Printers Services","description":"","potentialAction":[{"@type":"SearchAction","target":{"@type":"EntryPoint","urlTemplate":"https:\/\/nge.vn\/?s={search_term_string}"},"query-input":{"@type":"PropertyValueSpecification","valueRequired":true,"valueName":"search_term_string"}}],"inLanguage":"en-US"}]}},"_links":{"self":[{"href":"https:\/\/nge.vn\/en\/wp-json\/wp\/v2\/product\/1080","targetHints":{"allow":["GET"]}}],"collection":[{"href":"https:\/\/nge.vn\/en\/wp-json\/wp\/v2\/product"}],"about":[{"href":"https:\/\/nge.vn\/en\/wp-json\/wp\/v2\/types\/product"}],"replies":[{"embeddable":true,"href":"https:\/\/nge.vn\/en\/wp-json\/wp\/v2\/comments?post=1080"}],"wp:featuredmedia":[{"embeddable":true,"href":"https:\/\/nge.vn\/en\/wp-json\/wp\/v2\/media\/1071"}],"wp:attachment":[{"href":"https:\/\/nge.vn\/en\/wp-json\/wp\/v2\/media?parent=1080"}],"wp:term":[{"taxonomy":"product_brand","embeddable":true,"href":"https:\/\/nge.vn\/en\/wp-json\/wp\/v2\/product_brand?post=1080"},{"taxonomy":"product_cat","embeddable":true,"href":"https:\/\/nge.vn\/en\/wp-json\/wp\/v2\/product_cat?post=1080"},{"taxonomy":"product_tag","embeddable":true,"href":"https:\/\/nge.vn\/en\/wp-json\/wp\/v2\/product_tag?post=1080"}],"curies":[{"name":"wp","href":"https:\/\/api.w.org\/{rel}","templated":true}]}}