{"id":105,"date":"2024-10-15T18:30:30","date_gmt":"2024-10-15T11:30:30","guid":{"rendered":"https:\/\/nge.123websitedev.com\/san-pham\/bo-cam-bien-soi-nhua-filament-detection-sensor-kit-cho-may-in-3d-creality-ender-3-v2\/"},"modified":"2024-10-29T14:24:53","modified_gmt":"2024-10-29T07:24:53","slug":"bo-cam-bien-soi-nhua-filament-detection-sensor-kit-cho-may-in-3d-creality-ender-3-v2","status":"publish","type":"product","link":"https:\/\/nge.vn\/en\/product\/bo-cam-bien-soi-nhua-filament-detection-sensor-kit-cho-may-in-3d-creality-ender-3-v2\/","title":{"rendered":"Filament Detection Sensor Kit for Creality Ender 3 V2 3d printer"},"content":{"rendered":"<p>B\u1ed9 c\u1ea3m bi\u1ebfn s\u1ee3i nh\u1ef1a Filament Detection Device  Sensor Kit cho m\u00e1y in 3d Creality Ender 3 V2<br \/>\n_Nh\u00e3n hi\u1ec7u\uff1a Creality<br \/>\n_M\u00e0u\uff1a Black<br \/>\n_\u0110\u01b0\u1eddng k\u00ednh s\u1ee3i nh\u1ef1a\uff1a 1.75mm<br \/>\n_M\u00f4 h\u00ecnh \uff1a B\u1ed9 thi\u1ebft b\u1ecb ph\u00e1t hi\u1ec7n s\u1ee3i<\/p>\n<p>**S\u00e1ng t\u1ea1o &#8211; Th\u00f4ng minh &#8211; T\u1ef1 \u0111\u1ed9ng &#8211; Nhanh Nh\u1ea1y<br \/>\n_C\u1ea5u tr\u00fac \u0111\u01a1n gi\u1ea3n c\u00e0i \u0111\u1eb7t d\u1ec5 d\u00e0ng<br \/>\n_Thi\u1ebft k\u1ebf m\u00f4 \u0111un h\u00f3a \u0111\u1ed9c l\u1eadp<br \/>\n+N\u00f3 \u0111\u01b0\u1ee3c thi\u1ebft k\u1ebf l\u1ea1i v\u1edbi c\u1ea5u tr\u00fac b\u00ean trong m\u1edbi. V\u1ecf ngo\u00e0i \u0111\u01b0\u1ee3c l\u00e0m m\u1edd t\u1ea1o n\u00ean phong c\u00e1ch v\u00e0 \u0111\u1ed9c \u0111\u00e1o.<br \/>\n_Ph\u00e1t hi\u1ec7n ch\u00ednh x\u00e1c<br \/>\n+\u0110\u00e8n LED m\u00e0u xanh lam cho bi\u1ebft ngu\u1ed3n c\u1ea5p v\u00e0o s\u1ee3i nh\u1ef1a b\u00ecnh th\u01b0\u1eddng<br \/>\n+\u0110\u00e8n LED xanh d\u01b0\u01a1ng t\u1eaft khi s\u1ee3i nh\u1ef1a b\u1ecb h\u1ebft ho\u1eb7c \u0111\u1ee9t.<br \/>\n_Di chuy\u1ec3n s\u1ee3i nh\u1ef1a m\u01b0\u1ee3t m\u00e0<br \/>\n+Thi\u1ebft b\u1ecb ph\u00e1t hi\u1ec7n \u0111\u1ee9t g\u00e3y s\u1ee3i nh\u1ef1a Ender-6 c\u00f3 ch\u1ee9a c\u00f4ng t\u1eafc vi m\u00f4, s\u1eed d\u1ee5ng nguy\u00ean t\u1eafc chuy\u1ec3n \u0111\u1ed5i ti\u1ec7m c\u1eadn c\u01a1 h\u1ecdc, kh\u00f4ng c\u00f3 ma s\u00e1t, c\u00f3 th\u1ec3 \u0111\u1ea3m b\u1ea3o cho c\u00e1c s\u1ee3i \u0111\u01b0\u1ee3c cung c\u1ea5p tr\u01a1n tru.<br \/>\n***Note: c\u00f3 s\u1eed d\u1ee5ng thi\u1ebft b\u1ecb c\u1ea3m bi\u1ebfn cho c\u00e1c m\u00e1y kh\u00e1c c\u00f9ng d\u00f2ng Ender ho\u1eb7c CR series&#8230;v\u00e0 c\u00e1c m\u00e1y DIY<\/p>\n<p>**B\u1ed9 s\u1ea3n ph\u1ea9m Filament Detection Device  Sensor Kit g\u1ed3m:<br \/>\n+Thi\u1ebft b\u1ecb c\u1ea3m bi\u1ebfn * 1<br \/>\n+Part g\u1eafn c\u1ea3m bi\u1ebfn(c\u1ee5m g\u1eafn motor v\u00e0 c\u1ea3m bi\u1ebfn) * 1<br \/>\n+D\u00e2y \u0111i\u1ec7n cho c\u1ea3m bi\u1ebfn * 1<\/p>\n<p>**\u0110\u1ec3 \u0111\u01b0\u1ee3c nh\u1eadn h\u1ed9 tr\u1ee3 th\u00eam v\u1ec1 Gi\u00e1 v\u00e0 Th\u00f4ng tin c\u1ee7a s\u1ea3n ph\u1ea9m, vui l\u00f2ng li\u00ean h\u1ec7:<br \/>\n          0913.939.775 &#8211; 0934.156.173 g\u1eb7p A. Qu\u00e2n (for English)<br \/>\n          094.144.0951 contact A.Quynh<br \/>\n**Selling price does not include VAT (+10% if VAT invoice is issued)<\/p>","protected":false},"excerpt":{"rendered":"<p>Filament Detection Sensor Kit for Creality Ender 3 V2 3d printer<\/p>","protected":false},"featured_media":96,"comment_status":"open","ping_status":"closed","template":"","meta":{"inline_featured_image":false},"product_brand":[],"product_cat":[40,56],"product_tag":[],"class_list":{"0":"post-105","1":"product","2":"type-product","3":"status-publish","4":"has-post-thumbnail","6":"product_cat-linh-kien-va-phu-kien","7":"product_cat-linh-phu-kien-may-in-3d-creality","9":"first","10":"instock","11":"taxable","12":"shipping-taxable","13":"purchasable","14":"product-type-simple"},"yoast_head":"<!-- This site is optimized with the Yoast SEO Premium plugin v22.8 (Yoast SEO v26.9) - https:\/\/yoast.com\/product\/yoast-seo-premium-wordpress\/ -->\n<title>B\u1ed9 c\u1ea3m bi\u1ebfn s\u1ee3i nh\u1ef1a Filament Detection Sensor Kit cho m\u00e1y in 3d Creality Ender 3 V2 - NGE 3D Printers Services<\/title>\n<meta name=\"robots\" content=\"index, follow, max-snippet:-1, max-image-preview:large, max-video-preview:-1\" \/>\n<link rel=\"canonical\" href=\"https:\/\/nge.vn\/en\/product\/bo-cam-bien-soi-nhua-filament-detection-sensor-kit-cho-may-in-3d-creality-ender-3-v2\/\" \/>\n<meta property=\"og:locale\" content=\"en_US\" \/>\n<meta property=\"og:type\" content=\"article\" \/>\n<meta property=\"og:title\" content=\"B\u1ed9 c\u1ea3m bi\u1ebfn s\u1ee3i nh\u1ef1a Filament Detection Sensor Kit cho m\u00e1y in 3d Creality Ender 3 V2\" \/>\n<meta property=\"og:description\" content=\"B\u1ed9 c\u1ea3m bi\u1ebfn s\u1ee3i nh\u1ef1a Filament Detection Sensor Kit cho m\u00e1y in 3d Creality Ender 3 V2\" \/>\n<meta property=\"og:url\" content=\"https:\/\/nge.vn\/en\/product\/bo-cam-bien-soi-nhua-filament-detection-sensor-kit-cho-may-in-3d-creality-ender-3-v2\/\" \/>\n<meta property=\"og:site_name\" content=\"NGE 3D Printers Services\" \/>\n<meta property=\"article:modified_time\" content=\"2024-10-29T07:24:53+00:00\" \/>\n<meta property=\"og:image\" content=\"https:\/\/nge.vn\/wp-content\/uploads\/2024\/10\/images-upload-woo2F522eb1ada905a4b0fe0a5c1541a11422.jpg\" \/>\n\t<meta property=\"og:image:width\" content=\"1024\" \/>\n\t<meta property=\"og:image:height\" content=\"1024\" \/>\n\t<meta property=\"og:image:type\" content=\"image\/jpeg\" \/>\n<meta name=\"twitter:card\" content=\"summary_large_image\" \/>\n<meta name=\"twitter:label1\" content=\"Est. reading time\" \/>\n\t<meta name=\"twitter:data1\" content=\"2 minutes\" \/>\n<script type=\"application\/ld+json\" class=\"yoast-schema-graph\">{\"@context\":\"https:\/\/schema.org\",\"@graph\":[{\"@type\":\"WebPage\",\"@id\":\"https:\/\/nge.vn\/san-pham\/bo-cam-bien-soi-nhua-filament-detection-sensor-kit-cho-may-in-3d-creality-ender-3-v2\/\",\"url\":\"https:\/\/nge.vn\/san-pham\/bo-cam-bien-soi-nhua-filament-detection-sensor-kit-cho-may-in-3d-creality-ender-3-v2\/\",\"name\":\"B\u1ed9 c\u1ea3m bi\u1ebfn s\u1ee3i nh\u1ef1a Filament Detection Sensor Kit cho m\u00e1y in 3d Creality Ender 3 V2 - NGE 3D Printers Services\",\"isPartOf\":{\"@id\":\"https:\/\/nge.vn\/#website\"},\"primaryImageOfPage\":{\"@id\":\"https:\/\/nge.vn\/san-pham\/bo-cam-bien-soi-nhua-filament-detection-sensor-kit-cho-may-in-3d-creality-ender-3-v2\/#primaryimage\"},\"image\":{\"@id\":\"https:\/\/nge.vn\/san-pham\/bo-cam-bien-soi-nhua-filament-detection-sensor-kit-cho-may-in-3d-creality-ender-3-v2\/#primaryimage\"},\"thumbnailUrl\":\"https:\/\/nge.vn\/wp-content\/uploads\/2024\/10\/images-upload-woo2F522eb1ada905a4b0fe0a5c1541a11422.jpg\",\"datePublished\":\"2024-10-15T11:30:30+00:00\",\"dateModified\":\"2024-10-29T07:24:53+00:00\",\"breadcrumb\":{\"@id\":\"https:\/\/nge.vn\/san-pham\/bo-cam-bien-soi-nhua-filament-detection-sensor-kit-cho-may-in-3d-creality-ender-3-v2\/#breadcrumb\"},\"inLanguage\":\"en-US\",\"potentialAction\":[{\"@type\":\"ReadAction\",\"target\":[\"https:\/\/nge.vn\/san-pham\/bo-cam-bien-soi-nhua-filament-detection-sensor-kit-cho-may-in-3d-creality-ender-3-v2\/\"]}]},{\"@type\":\"ImageObject\",\"inLanguage\":\"en-US\",\"@id\":\"https:\/\/nge.vn\/san-pham\/bo-cam-bien-soi-nhua-filament-detection-sensor-kit-cho-may-in-3d-creality-ender-3-v2\/#primaryimage\",\"url\":\"https:\/\/nge.vn\/wp-content\/uploads\/2024\/10\/images-upload-woo2F522eb1ada905a4b0fe0a5c1541a11422.jpg\",\"contentUrl\":\"https:\/\/nge.vn\/wp-content\/uploads\/2024\/10\/images-upload-woo2F522eb1ada905a4b0fe0a5c1541a11422.jpg\",\"width\":1024,\"height\":1024},{\"@type\":\"BreadcrumbList\",\"@id\":\"https:\/\/nge.vn\/san-pham\/bo-cam-bien-soi-nhua-filament-detection-sensor-kit-cho-may-in-3d-creality-ender-3-v2\/#breadcrumb\",\"itemListElement\":[{\"@type\":\"ListItem\",\"position\":1,\"name\":\"Trang ch\u1ee7\",\"item\":\"https:\/\/nge.vn\/\"},{\"@type\":\"ListItem\",\"position\":2,\"name\":\"S\u1ea3n ph\u1ea9m\",\"item\":\"https:\/\/nge.vn\/san-pham\/\"},{\"@type\":\"ListItem\",\"position\":3,\"name\":\"B\u1ed9 c\u1ea3m bi\u1ebfn s\u1ee3i nh\u1ef1a Filament Detection Sensor Kit cho m\u00e1y in 3d Creality Ender 3 V2\"}]},{\"@type\":\"WebSite\",\"@id\":\"https:\/\/nge.vn\/#website\",\"url\":\"https:\/\/nge.vn\/\",\"name\":\"NGE 3D Printers Services\",\"description\":\"\",\"potentialAction\":[{\"@type\":\"SearchAction\",\"target\":{\"@type\":\"EntryPoint\",\"urlTemplate\":\"https:\/\/nge.vn\/?s={search_term_string}\"},\"query-input\":{\"@type\":\"PropertyValueSpecification\",\"valueRequired\":true,\"valueName\":\"search_term_string\"}}],\"inLanguage\":\"en-US\"}]}<\/script>\n<!-- \/ Yoast SEO Premium plugin. -->","yoast_head_json":{"title":"B\u1ed9 c\u1ea3m bi\u1ebfn s\u1ee3i nh\u1ef1a Filament Detection Sensor Kit cho m\u00e1y in 3d Creality Ender 3 V2 - NGE 3D Printers Services","robots":{"index":"index","follow":"follow","max-snippet":"max-snippet:-1","max-image-preview":"max-image-preview:large","max-video-preview":"max-video-preview:-1"},"canonical":"https:\/\/nge.vn\/en\/product\/bo-cam-bien-soi-nhua-filament-detection-sensor-kit-cho-may-in-3d-creality-ender-3-v2\/","og_locale":"en_US","og_type":"article","og_title":"B\u1ed9 c\u1ea3m bi\u1ebfn s\u1ee3i nh\u1ef1a Filament Detection Sensor Kit cho m\u00e1y in 3d Creality Ender 3 V2","og_description":"B\u1ed9 c\u1ea3m bi\u1ebfn s\u1ee3i nh\u1ef1a Filament Detection Sensor Kit cho m\u00e1y in 3d Creality Ender 3 V2","og_url":"https:\/\/nge.vn\/en\/product\/bo-cam-bien-soi-nhua-filament-detection-sensor-kit-cho-may-in-3d-creality-ender-3-v2\/","og_site_name":"NGE 3D Printers Services","article_modified_time":"2024-10-29T07:24:53+00:00","og_image":[{"width":1024,"height":1024,"url":"https:\/\/nge.vn\/wp-content\/uploads\/2024\/10\/images-upload-woo2F522eb1ada905a4b0fe0a5c1541a11422.jpg","type":"image\/jpeg"}],"twitter_card":"summary_large_image","twitter_misc":{"Est. reading time":"2 minutes"},"schema":{"@context":"https:\/\/schema.org","@graph":[{"@type":"WebPage","@id":"https:\/\/nge.vn\/san-pham\/bo-cam-bien-soi-nhua-filament-detection-sensor-kit-cho-may-in-3d-creality-ender-3-v2\/","url":"https:\/\/nge.vn\/san-pham\/bo-cam-bien-soi-nhua-filament-detection-sensor-kit-cho-may-in-3d-creality-ender-3-v2\/","name":"B\u1ed9 c\u1ea3m bi\u1ebfn s\u1ee3i nh\u1ef1a Filament Detection Sensor Kit cho m\u00e1y in 3d Creality Ender 3 V2 - NGE 3D Printers Services","isPartOf":{"@id":"https:\/\/nge.vn\/#website"},"primaryImageOfPage":{"@id":"https:\/\/nge.vn\/san-pham\/bo-cam-bien-soi-nhua-filament-detection-sensor-kit-cho-may-in-3d-creality-ender-3-v2\/#primaryimage"},"image":{"@id":"https:\/\/nge.vn\/san-pham\/bo-cam-bien-soi-nhua-filament-detection-sensor-kit-cho-may-in-3d-creality-ender-3-v2\/#primaryimage"},"thumbnailUrl":"https:\/\/nge.vn\/wp-content\/uploads\/2024\/10\/images-upload-woo2F522eb1ada905a4b0fe0a5c1541a11422.jpg","datePublished":"2024-10-15T11:30:30+00:00","dateModified":"2024-10-29T07:24:53+00:00","breadcrumb":{"@id":"https:\/\/nge.vn\/san-pham\/bo-cam-bien-soi-nhua-filament-detection-sensor-kit-cho-may-in-3d-creality-ender-3-v2\/#breadcrumb"},"inLanguage":"en-US","potentialAction":[{"@type":"ReadAction","target":["https:\/\/nge.vn\/san-pham\/bo-cam-bien-soi-nhua-filament-detection-sensor-kit-cho-may-in-3d-creality-ender-3-v2\/"]}]},{"@type":"ImageObject","inLanguage":"en-US","@id":"https:\/\/nge.vn\/san-pham\/bo-cam-bien-soi-nhua-filament-detection-sensor-kit-cho-may-in-3d-creality-ender-3-v2\/#primaryimage","url":"https:\/\/nge.vn\/wp-content\/uploads\/2024\/10\/images-upload-woo2F522eb1ada905a4b0fe0a5c1541a11422.jpg","contentUrl":"https:\/\/nge.vn\/wp-content\/uploads\/2024\/10\/images-upload-woo2F522eb1ada905a4b0fe0a5c1541a11422.jpg","width":1024,"height":1024},{"@type":"BreadcrumbList","@id":"https:\/\/nge.vn\/san-pham\/bo-cam-bien-soi-nhua-filament-detection-sensor-kit-cho-may-in-3d-creality-ender-3-v2\/#breadcrumb","itemListElement":[{"@type":"ListItem","position":1,"name":"Trang ch\u1ee7","item":"https:\/\/nge.vn\/"},{"@type":"ListItem","position":2,"name":"S\u1ea3n ph\u1ea9m","item":"https:\/\/nge.vn\/san-pham\/"},{"@type":"ListItem","position":3,"name":"B\u1ed9 c\u1ea3m bi\u1ebfn s\u1ee3i nh\u1ef1a Filament Detection Sensor Kit cho m\u00e1y in 3d Creality Ender 3 V2"}]},{"@type":"WebSite","@id":"https:\/\/nge.vn\/#website","url":"https:\/\/nge.vn\/","name":"NGE 3D Printers Services","description":"","potentialAction":[{"@type":"SearchAction","target":{"@type":"EntryPoint","urlTemplate":"https:\/\/nge.vn\/?s={search_term_string}"},"query-input":{"@type":"PropertyValueSpecification","valueRequired":true,"valueName":"search_term_string"}}],"inLanguage":"en-US"}]}},"_links":{"self":[{"href":"https:\/\/nge.vn\/en\/wp-json\/wp\/v2\/product\/105","targetHints":{"allow":["GET"]}}],"collection":[{"href":"https:\/\/nge.vn\/en\/wp-json\/wp\/v2\/product"}],"about":[{"href":"https:\/\/nge.vn\/en\/wp-json\/wp\/v2\/types\/product"}],"replies":[{"embeddable":true,"href":"https:\/\/nge.vn\/en\/wp-json\/wp\/v2\/comments?post=105"}],"wp:featuredmedia":[{"embeddable":true,"href":"https:\/\/nge.vn\/en\/wp-json\/wp\/v2\/media\/96"}],"wp:attachment":[{"href":"https:\/\/nge.vn\/en\/wp-json\/wp\/v2\/media?parent=105"}],"wp:term":[{"taxonomy":"product_brand","embeddable":true,"href":"https:\/\/nge.vn\/en\/wp-json\/wp\/v2\/product_brand?post=105"},{"taxonomy":"product_cat","embeddable":true,"href":"https:\/\/nge.vn\/en\/wp-json\/wp\/v2\/product_cat?post=105"},{"taxonomy":"product_tag","embeddable":true,"href":"https:\/\/nge.vn\/en\/wp-json\/wp\/v2\/product_tag?post=105"}],"curies":[{"name":"wp","href":"https:\/\/api.w.org\/{rel}","templated":true}]}}