{"id":1042,"date":"2024-10-25T14:47:21","date_gmt":"2024-10-25T07:47:21","guid":{"rendered":"https:\/\/nge.123websitedev.com\/san-pham\/nhua-in-3d-flashforge-petg-cao-cap-1kg-cuon\/"},"modified":"2024-10-28T14:33:51","modified_gmt":"2024-10-28T07:33:51","slug":"nhua-in-3d-flashforge-petg-cao-cap-1kg-cuon","status":"publish","type":"product","link":"https:\/\/nge.vn\/en\/product\/nhua-in-3d-flashforge-petg-cao-cap-1kg-cuon\/","title":{"rendered":"Nh\u1ef1a in 3d Flashforge PETG Cao C\u1ea5p 1kg\/Cu\u1ed9n"},"content":{"rendered":"<p>S\u1ee3i nh\u1ef1a in 3d Flashforge PETG 1.75mm 1kg\/Cu\u1ed9n<br \/>\n+\u0110\u01b0\u1eddng k\u00ednh s\u1ee3i (Filament Diameter): 1.75mm<br \/>\n+Nhi\u1ec7t \u0111\u1ed9 \u0111\u1ea7u in (Printing Temperature): 220~240\u2103<br \/>\n+T\u1ed1c \u0111\u1ed9 in (Printing Speed): 60~90mm\/s<br \/>\n+Chi\u1ec1u cao l\u1edbp in (Printing Layer Height): 0.1~0.2mm<br \/>\n+Nhi\u1ec7t \u0111\u1ed9 b\u00e0n nhi\u1ec7t (Plateform Temperaturer): 80~100\u2103<br \/>\n+B\u00e8 bottom s\u1ea3n ph\u1ea9m in (Raft): Kh\u00f4ng c\u1ea7n thi\u1ebft<br \/>\n+\u0110\u00f3ng g\u00f3i (Package): 1.0Kg<br \/>\n+T\u1ec9 tr\u1ecdng (Density): 1.27\u00b10.05g\/cm3<br \/>\n+T\u1ed1c \u0111\u1ed9 d\u00f2ng ch\u1ea3y (190\u2103\uff0c2.16Kg) (The melt flow rate) : 5~7g\/10min<br \/>\n+T\u1ef7 l\u1ec7 h\u1ea5p th\u1ee5 n\u01b0\u1edbc (\u9971\u548c\uff0c23\u2103) (Water absorption rate) (B\u00e3o h\u00f2a, 23\u2103): 0,30%<br \/>\n+S\u1ee9c c\u0103ng (Tensile Strength): \u226552MPa<br \/>\n+L\u1ef1c b\u1ebb cong (Bending strength): \u226588MPa<br \/>\n+M\u00f4 \u0111un u\u1ed1n (Flexural modulus): \u22652200MPa<br \/>\n+C\u01b0\u1eddng \u0111\u1ed9 va \u0111\u1eadp (IZOD,23\u2103) (Notched impact strength) : \u2014\u2014<br \/>\n+Ph\u1ea7n tr\u0103m \u0111\u1ed9 gi\u00e3n d\u00e0i \u0111\u1ee9t (percentage of breaking elongation): \u2265150.0%<br \/>\n+Nhi\u1ec7t \u0111\u1ed9 bi\u1ebfn d\u1ea1ng (Heat deformation temperature): \u226570\u2103<br \/>\n+\u0110\u1ed9 l\u1ec7ch \u0111\u01b0\u1eddng k\u00ednh (Diameter Deviance): \u00b10.05mm<br \/>\n+\u0110\u1ed9 l\u1ec7ch tr\u00f2n (Roundness Deviance): \u22640.05mm<\/p>\n<p>**\u0110\u1ec3 \u0111\u01b0\u1ee3c nh\u1eadn h\u1ed9 tr\u1ee3 th\u00eam v\u1ec1 Gi\u00e1 v\u00e0 Th\u00f4ng tin c\u1ee7a s\u1ea3n ph\u1ea9m, vui l\u00f2ng li\u00ean h\u1ec7:<br \/>\n0913.939.775 contact A.Quan (for English)<br \/>\n094.144.0951 contact A.Quynh<br \/>\n**Selling price does not include VAT (+10% if VAT invoice is issued)<\/p>","protected":false},"excerpt":{"rendered":"<p>Nh\u1ef1a in 3d Flashforge PETG Cao C\u1ea5p 1kg\/Cu\u1ed9n<\/p>","protected":false},"featured_media":1033,"comment_status":"open","ping_status":"closed","template":"","meta":{"inline_featured_image":false},"product_brand":[],"product_cat":[43],"product_tag":[],"class_list":{"0":"post-1042","1":"product","2":"type-product","3":"status-publish","4":"has-post-thumbnail","6":"product_cat-nhua-in-3d-resin","7":"pa_mau-sac-black-mau-den","8":"pa_mau-sac-blue","9":"pa_mau-sac-gold","10":"pa_mau-sac-grey-mau-xam","11":"pa_mau-sac-luminous-blue","12":"pa_mau-sac-luminous-green","13":"pa_mau-sac-natural","14":"pa_mau-sac-red-mau-do","15":"pa_mau-sac-silver-mau-bac","16":"pa_mau-sac-white-mau-trang","17":"pa_mau-sac-yellow-mau-vang","19":"first","20":"instock","21":"taxable","22":"shipping-taxable","23":"purchasable","24":"product-type-variable"},"yoast_head":"<!-- This site is optimized with the Yoast SEO Premium plugin v22.8 (Yoast SEO v26.9) - https:\/\/yoast.com\/product\/yoast-seo-premium-wordpress\/ -->\n<title>Nh\u1ef1a in 3d Flashforge PETG Cao C\u1ea5p 1kg\/Cu\u1ed9n - NGE 3D Printers Services<\/title>\n<meta name=\"robots\" content=\"index, follow, max-snippet:-1, max-image-preview:large, max-video-preview:-1\" \/>\n<link rel=\"canonical\" href=\"https:\/\/nge.vn\/en\/product\/nhua-in-3d-flashforge-petg-cao-cap-1kg-cuon\/\" \/>\n<meta property=\"og:locale\" content=\"en_US\" \/>\n<meta property=\"og:type\" content=\"article\" \/>\n<meta property=\"og:title\" content=\"Nh\u1ef1a in 3d Flashforge PETG Cao C\u1ea5p 1kg\/Cu\u1ed9n\" \/>\n<meta property=\"og:description\" content=\"Nh\u1ef1a in 3d Flashforge PETG Cao C\u1ea5p 1kg\/Cu\u1ed9n\" \/>\n<meta property=\"og:url\" content=\"https:\/\/nge.vn\/en\/product\/nhua-in-3d-flashforge-petg-cao-cap-1kg-cuon\/\" \/>\n<meta property=\"og:site_name\" content=\"NGE 3D Printers Services\" \/>\n<meta property=\"article:modified_time\" content=\"2024-10-28T07:33:51+00:00\" \/>\n<meta property=\"og:image\" content=\"https:\/\/nge.vn\/wp-content\/uploads\/2024\/10\/images-upload-woo2Ff5e7540b8cab29bd9b141e15eca18d46.jpg\" \/>\n\t<meta property=\"og:image:width\" content=\"700\" \/>\n\t<meta property=\"og:image:height\" content=\"700\" \/>\n\t<meta property=\"og:image:type\" content=\"image\/jpeg\" \/>\n<meta name=\"twitter:card\" content=\"summary_large_image\" \/>\n<meta name=\"twitter:label1\" content=\"Est. reading time\" \/>\n\t<meta name=\"twitter:data1\" content=\"1 minute\" \/>\n<script type=\"application\/ld+json\" class=\"yoast-schema-graph\">{\"@context\":\"https:\/\/schema.org\",\"@graph\":[{\"@type\":\"WebPage\",\"@id\":\"https:\/\/nge.vn\/san-pham\/nhua-in-3d-flashforge-petg-cao-cap-1kg-cuon\/\",\"url\":\"https:\/\/nge.vn\/san-pham\/nhua-in-3d-flashforge-petg-cao-cap-1kg-cuon\/\",\"name\":\"Nh\u1ef1a in 3d Flashforge PETG Cao C\u1ea5p 1kg\/Cu\u1ed9n - NGE 3D Printers Services\",\"isPartOf\":{\"@id\":\"https:\/\/nge.vn\/#website\"},\"primaryImageOfPage\":{\"@id\":\"https:\/\/nge.vn\/san-pham\/nhua-in-3d-flashforge-petg-cao-cap-1kg-cuon\/#primaryimage\"},\"image\":{\"@id\":\"https:\/\/nge.vn\/san-pham\/nhua-in-3d-flashforge-petg-cao-cap-1kg-cuon\/#primaryimage\"},\"thumbnailUrl\":\"https:\/\/nge.vn\/wp-content\/uploads\/2024\/10\/images-upload-woo2Ff5e7540b8cab29bd9b141e15eca18d46.jpg\",\"datePublished\":\"2024-10-25T07:47:21+00:00\",\"dateModified\":\"2024-10-28T07:33:51+00:00\",\"breadcrumb\":{\"@id\":\"https:\/\/nge.vn\/san-pham\/nhua-in-3d-flashforge-petg-cao-cap-1kg-cuon\/#breadcrumb\"},\"inLanguage\":\"en-US\",\"potentialAction\":[{\"@type\":\"ReadAction\",\"target\":[\"https:\/\/nge.vn\/san-pham\/nhua-in-3d-flashforge-petg-cao-cap-1kg-cuon\/\"]}]},{\"@type\":\"ImageObject\",\"inLanguage\":\"en-US\",\"@id\":\"https:\/\/nge.vn\/san-pham\/nhua-in-3d-flashforge-petg-cao-cap-1kg-cuon\/#primaryimage\",\"url\":\"https:\/\/nge.vn\/wp-content\/uploads\/2024\/10\/images-upload-woo2Ff5e7540b8cab29bd9b141e15eca18d46.jpg\",\"contentUrl\":\"https:\/\/nge.vn\/wp-content\/uploads\/2024\/10\/images-upload-woo2Ff5e7540b8cab29bd9b141e15eca18d46.jpg\",\"width\":700,\"height\":700},{\"@type\":\"BreadcrumbList\",\"@id\":\"https:\/\/nge.vn\/san-pham\/nhua-in-3d-flashforge-petg-cao-cap-1kg-cuon\/#breadcrumb\",\"itemListElement\":[{\"@type\":\"ListItem\",\"position\":1,\"name\":\"Trang ch\u1ee7\",\"item\":\"https:\/\/nge.vn\/\"},{\"@type\":\"ListItem\",\"position\":2,\"name\":\"S\u1ea3n ph\u1ea9m\",\"item\":\"https:\/\/nge.vn\/san-pham\/\"},{\"@type\":\"ListItem\",\"position\":3,\"name\":\"Nh\u1ef1a in 3d Flashforge PETG Cao C\u1ea5p 1kg\/Cu\u1ed9n\"}]},{\"@type\":\"WebSite\",\"@id\":\"https:\/\/nge.vn\/#website\",\"url\":\"https:\/\/nge.vn\/\",\"name\":\"NGE 3D Printers Services\",\"description\":\"\",\"potentialAction\":[{\"@type\":\"SearchAction\",\"target\":{\"@type\":\"EntryPoint\",\"urlTemplate\":\"https:\/\/nge.vn\/?s={search_term_string}\"},\"query-input\":{\"@type\":\"PropertyValueSpecification\",\"valueRequired\":true,\"valueName\":\"search_term_string\"}}],\"inLanguage\":\"en-US\"}]}<\/script>\n<!-- \/ Yoast SEO Premium plugin. -->","yoast_head_json":{"title":"Nh\u1ef1a in 3d Flashforge PETG Cao C\u1ea5p 1kg\/Cu\u1ed9n - NGE 3D Printers Services","robots":{"index":"index","follow":"follow","max-snippet":"max-snippet:-1","max-image-preview":"max-image-preview:large","max-video-preview":"max-video-preview:-1"},"canonical":"https:\/\/nge.vn\/en\/product\/nhua-in-3d-flashforge-petg-cao-cap-1kg-cuon\/","og_locale":"en_US","og_type":"article","og_title":"Nh\u1ef1a in 3d Flashforge PETG Cao C\u1ea5p 1kg\/Cu\u1ed9n","og_description":"Nh\u1ef1a in 3d Flashforge PETG Cao C\u1ea5p 1kg\/Cu\u1ed9n","og_url":"https:\/\/nge.vn\/en\/product\/nhua-in-3d-flashforge-petg-cao-cap-1kg-cuon\/","og_site_name":"NGE 3D Printers Services","article_modified_time":"2024-10-28T07:33:51+00:00","og_image":[{"width":700,"height":700,"url":"https:\/\/nge.vn\/wp-content\/uploads\/2024\/10\/images-upload-woo2Ff5e7540b8cab29bd9b141e15eca18d46.jpg","type":"image\/jpeg"}],"twitter_card":"summary_large_image","twitter_misc":{"Est. reading time":"1 minute"},"schema":{"@context":"https:\/\/schema.org","@graph":[{"@type":"WebPage","@id":"https:\/\/nge.vn\/san-pham\/nhua-in-3d-flashforge-petg-cao-cap-1kg-cuon\/","url":"https:\/\/nge.vn\/san-pham\/nhua-in-3d-flashforge-petg-cao-cap-1kg-cuon\/","name":"Nh\u1ef1a in 3d Flashforge PETG Cao C\u1ea5p 1kg\/Cu\u1ed9n - NGE 3D Printers Services","isPartOf":{"@id":"https:\/\/nge.vn\/#website"},"primaryImageOfPage":{"@id":"https:\/\/nge.vn\/san-pham\/nhua-in-3d-flashforge-petg-cao-cap-1kg-cuon\/#primaryimage"},"image":{"@id":"https:\/\/nge.vn\/san-pham\/nhua-in-3d-flashforge-petg-cao-cap-1kg-cuon\/#primaryimage"},"thumbnailUrl":"https:\/\/nge.vn\/wp-content\/uploads\/2024\/10\/images-upload-woo2Ff5e7540b8cab29bd9b141e15eca18d46.jpg","datePublished":"2024-10-25T07:47:21+00:00","dateModified":"2024-10-28T07:33:51+00:00","breadcrumb":{"@id":"https:\/\/nge.vn\/san-pham\/nhua-in-3d-flashforge-petg-cao-cap-1kg-cuon\/#breadcrumb"},"inLanguage":"en-US","potentialAction":[{"@type":"ReadAction","target":["https:\/\/nge.vn\/san-pham\/nhua-in-3d-flashforge-petg-cao-cap-1kg-cuon\/"]}]},{"@type":"ImageObject","inLanguage":"en-US","@id":"https:\/\/nge.vn\/san-pham\/nhua-in-3d-flashforge-petg-cao-cap-1kg-cuon\/#primaryimage","url":"https:\/\/nge.vn\/wp-content\/uploads\/2024\/10\/images-upload-woo2Ff5e7540b8cab29bd9b141e15eca18d46.jpg","contentUrl":"https:\/\/nge.vn\/wp-content\/uploads\/2024\/10\/images-upload-woo2Ff5e7540b8cab29bd9b141e15eca18d46.jpg","width":700,"height":700},{"@type":"BreadcrumbList","@id":"https:\/\/nge.vn\/san-pham\/nhua-in-3d-flashforge-petg-cao-cap-1kg-cuon\/#breadcrumb","itemListElement":[{"@type":"ListItem","position":1,"name":"Trang ch\u1ee7","item":"https:\/\/nge.vn\/"},{"@type":"ListItem","position":2,"name":"S\u1ea3n ph\u1ea9m","item":"https:\/\/nge.vn\/san-pham\/"},{"@type":"ListItem","position":3,"name":"Nh\u1ef1a in 3d Flashforge PETG Cao C\u1ea5p 1kg\/Cu\u1ed9n"}]},{"@type":"WebSite","@id":"https:\/\/nge.vn\/#website","url":"https:\/\/nge.vn\/","name":"NGE 3D Printers Services","description":"","potentialAction":[{"@type":"SearchAction","target":{"@type":"EntryPoint","urlTemplate":"https:\/\/nge.vn\/?s={search_term_string}"},"query-input":{"@type":"PropertyValueSpecification","valueRequired":true,"valueName":"search_term_string"}}],"inLanguage":"en-US"}]}},"_links":{"self":[{"href":"https:\/\/nge.vn\/en\/wp-json\/wp\/v2\/product\/1042","targetHints":{"allow":["GET"]}}],"collection":[{"href":"https:\/\/nge.vn\/en\/wp-json\/wp\/v2\/product"}],"about":[{"href":"https:\/\/nge.vn\/en\/wp-json\/wp\/v2\/types\/product"}],"replies":[{"embeddable":true,"href":"https:\/\/nge.vn\/en\/wp-json\/wp\/v2\/comments?post=1042"}],"wp:featuredmedia":[{"embeddable":true,"href":"https:\/\/nge.vn\/en\/wp-json\/wp\/v2\/media\/1033"}],"wp:attachment":[{"href":"https:\/\/nge.vn\/en\/wp-json\/wp\/v2\/media?parent=1042"}],"wp:term":[{"taxonomy":"product_brand","embeddable":true,"href":"https:\/\/nge.vn\/en\/wp-json\/wp\/v2\/product_brand?post=1042"},{"taxonomy":"product_cat","embeddable":true,"href":"https:\/\/nge.vn\/en\/wp-json\/wp\/v2\/product_cat?post=1042"},{"taxonomy":"product_tag","embeddable":true,"href":"https:\/\/nge.vn\/en\/wp-json\/wp\/v2\/product_tag?post=1042"}],"curies":[{"name":"wp","href":"https:\/\/api.w.org\/{rel}","templated":true}]}}