{"id":4878,"date":"2025-03-13T09:25:10","date_gmt":"2025-03-13T02:25:10","guid":{"rendered":"https:\/\/nge.vn\/?page_id=4878"},"modified":"2025-03-13T10:14:55","modified_gmt":"2025-03-13T03:14:55","slug":"tuyen-dung","status":"publish","type":"page","link":"https:\/\/nge.vn\/en\/tuyen-dung\/","title":{"rendered":"Recruitment"},"content":{"rendered":"<p><img loading=\"lazy\" decoding=\"async\" class=\"aligncenter size-full wp-image-4861\" src=\"https:\/\/nge.vn\/wp-content\/uploads\/2025\/02\/Thiet-ke-chua-co-ten-2.png\" alt=\"\" width=\"1080\" height=\"1080\" srcset=\"https:\/\/nge.vn\/wp-content\/uploads\/2025\/02\/Thiet-ke-chua-co-ten-2.png 1080w, https:\/\/nge.vn\/wp-content\/uploads\/2025\/02\/Thiet-ke-chua-co-ten-2-300x300.png 300w, https:\/\/nge.vn\/wp-content\/uploads\/2025\/02\/Thiet-ke-chua-co-ten-2-1024x1024.png 1024w, https:\/\/nge.vn\/wp-content\/uploads\/2025\/02\/Thiet-ke-chua-co-ten-2-150x150.png 150w, https:\/\/nge.vn\/wp-content\/uploads\/2025\/02\/Thiet-ke-chua-co-ten-2-768x768.png 768w, https:\/\/nge.vn\/wp-content\/uploads\/2025\/02\/Thiet-ke-chua-co-ten-2-12x12.png 12w, https:\/\/nge.vn\/wp-content\/uploads\/2025\/02\/Thiet-ke-chua-co-ten-2-247x247.png 247w, https:\/\/nge.vn\/wp-content\/uploads\/2025\/02\/Thiet-ke-chua-co-ten-2-510x510.png 510w, https:\/\/nge.vn\/wp-content\/uploads\/2025\/02\/Thiet-ke-chua-co-ten-2-100x100.png 100w\" sizes=\"auto, (max-width: 1080px) 100vw, 1080px\" \/><\/p>\n<p>_M\u00f4 t\u1ea3 c\u00f4ng vi\u1ec7c:<br \/>\u00a0\u2022 V\u1eadn h\u00e0nh m\u00e1y in 3D<br \/>\u00a0\u2022 H\u01b0\u1edbng d\u1eabn kh\u00e1ch h\u00e0ng l\u1eafp r\u00e1p, s\u1eed d\u1ee5ng ph\u1ea7n m\u1ec1m v\u00e0 m\u00e1y in 3D<br \/>_Y\u00eau c\u1ea7u :<br \/>\u00a0\u2022 T\u1ed1t nghi\u1ec7p cao \u0111\u1eb3ng tr\u1edf l\u00ean tu\u1ed5i t\u1eeb 22, \u01b0u ti\u00ean c\u00e1c b\u1ea1n tr\u1ebb, sinh vi\u00ean m\u1edbi ra tr\u01b0\u1eddng s\u1ebd \u0111\u01b0\u1ee3c \u0111\u00e0o t\u1ea1o.<br \/>\u00a0\u2022 \u01afu ti\u00ean c\u00e1c chuy\u00ean ng\u00e0nh v\u1ec1 k\u0129 thu\u1eadt, \u0111i\u1ec7n t\u1eed ho\u1eb7c \u0111\u00e3 c\u00f3 kinh nghi\u1ec7m s\u1eed d\u1ee5ng m\u00e1y in 3D, c\u00e1c ph\u1ea7n m\u1ec1m v\u1ec1 v\u1ebd 3d&#8230;<br \/>***\u0110\u01b0\u1ee3c ti\u1ebfp x\u00fac v\u1edbi c\u00e1c d\u00f2ng m\u00e1y in 3d m\u1edbi tr\u00ean th\u1ecb tr\u01b0\u1eddng, s\u1ebd \u0111\u01b0\u1ee3c \u0111\u00e0o t\u1ea1o h\u01b0\u1edbng d\u1eabn n\u1ebfu ch\u01b0a bi\u1ebft v\u1ec1 m\u00e1y in 3d<br \/>_Ch\u1ebf \u0111\u1ed9 :<br \/>\u00a0\u2022 L\u00e0m vi\u1ec7c t\u1ea1i: S\u1ed1 292 Ung V\u0103n Khi\u00eam, Ph\u01b0\u1eddng 25, Qu\u1eadn B\u00ecnh Th\u1ea1nh, Tp. HCM.<br \/>\u00a0\u2022 L\u01b0\u01a1ng c\u1ee9ng (th\u1ecfa thu\u1eadn khi ph\u1ecfng v\u1ea5n) + th\u01b0\u1edfng theo ch\u1ebf \u0111\u1ed9 c\u00f4ng ty, t\u0103ng l\u01b0\u01a1ng \u0111\u1ecbnh k\u00ec<br \/>\u00a0\u2022 K\u00ed h\u1ee3p \u0111\u1ed3ng sau khi h\u1ebft th\u1eed vi\u1ec7c + \u0111\u00f3ng b\u1ea3o hi\u1ec3m theo qui \u0111\u1ecbnh<br \/>\u00a0\u2022 Th\u01b0\u1edfng v\u00e0 ngh\u1ec9 c\u00e1c ng\u00e0y l\u1ec5 t\u1ebft theo qui \u0111\u1ecbnh c\u00f4ng ty<br \/>\u00a0\u2022 Th\u1eddi gian l\u00e0m vi\u1ec7c 8h &#8211; 17h30 c\u00e1c ng\u00e0y t\u1eeb th\u1ee9 2-th\u1ee9 7. Ngh\u1ec9 c\u00e1c ng\u00e0y CN<br \/>\u00a012 ng\u00e0y ngh\u1ec9 ph\u00e9p v\u1edbi nh\u00e2n vi\u00ean th\u00e2m ni\u00ean 1 n\u0103m<br \/>***\u1ee8ng vi\u00ean vui l\u00f2ng g\u1eedi CV v\u1ec1 :<br \/>_Mail:<br \/>\u00a0 tuyendung@nge.vn<br \/>\u00a0 nge3dprinter@gmail.com<br \/>_Phone:<br \/>\u00a0 0913939775 G\u1eb7p Anh Qu\u00e2n<br \/>\u00a0 0941440951 G\u1eb7p Anh Qu\u1ef3nh<\/p>\n<p>\u00a0<\/p>\n<p><img loading=\"lazy\" decoding=\"async\" class=\"aligncenter size-full wp-image-4884\" src=\"https:\/\/nge.vn\/wp-content\/uploads\/2025\/03\/nge-3d-printers-services1.png\" alt=\"nge3dprinterservices\" width=\"445\" height=\"259\" srcset=\"https:\/\/nge.vn\/wp-content\/uploads\/2025\/03\/nge-3d-printers-services1.png 445w, https:\/\/nge.vn\/wp-content\/uploads\/2025\/03\/nge-3d-printers-services1-300x175.png 300w, https:\/\/nge.vn\/wp-content\/uploads\/2025\/03\/nge-3d-printers-services1-18x10.png 18w, https:\/\/nge.vn\/wp-content\/uploads\/2025\/03\/nge-3d-printers-services1-247x144.png 247w\" sizes=\"auto, (max-width: 445px) 100vw, 445px\" \/><\/p>","protected":false},"excerpt":{"rendered":"<p>_M\u00f4 t\u1ea3 c\u00f4ng vi\u1ec7c:\u00a0\u2022 V\u1eadn h\u00e0nh m\u00e1y in 3D\u00a0\u2022 H\u01b0\u1edbng d\u1eabn kh\u00e1ch h\u00e0ng l\u1eafp r\u00e1p, s\u1eed d\u1ee5ng ph\u1ea7n m\u1ec1m v\u00e0 m\u00e1y in 3D_Y\u00eau c\u1ea7u :\u00a0\u2022 T\u1ed1t nghi\u1ec7p cao \u0111\u1eb3ng tr\u1edf l\u00ean tu\u1ed5i t\u1eeb 22, \u01b0u ti\u00ean c\u00e1c b\u1ea1n tr\u1ebb, sinh vi\u00ean m\u1edbi ra tr\u01b0\u1eddng s\u1ebd \u0111\u01b0\u1ee3c \u0111\u00e0o t\u1ea1o.\u00a0\u2022 \u01afu ti\u00ean c\u00e1c chuy\u00ean ng\u00e0nh v\u1ec1 k\u0129&#8230;<\/p>","protected":false},"author":1,"featured_media":0,"parent":0,"menu_order":0,"comment_status":"closed","ping_status":"closed","template":"","meta":{"inline_featured_image":false,"footnotes":""},"class_list":["post-4878","page","type-page","status-publish","hentry"],"yoast_head":"<!-- This site is optimized with the Yoast SEO Premium plugin v22.8 (Yoast SEO v26.9) - https:\/\/yoast.com\/product\/yoast-seo-premium-wordpress\/ -->\n<title>Tuy\u1ec3n D\u1ee5ng - NGE 3D Printers Services<\/title>\n<meta name=\"description\" content=\"Tuy\u1ec3n D\u1ee5ng\" \/>\n<meta name=\"robots\" content=\"index, follow, max-snippet:-1, max-image-preview:large, max-video-preview:-1\" \/>\n<link rel=\"canonical\" href=\"https:\/\/nge.vn\/en\/tuyen-dung\/\" \/>\n<meta property=\"og:locale\" content=\"en_US\" \/>\n<meta property=\"og:type\" content=\"article\" \/>\n<meta property=\"og:title\" content=\"Tuy\u1ec3n D\u1ee5ng\" \/>\n<meta property=\"og:description\" content=\"Tuy\u1ec3n D\u1ee5ng\" \/>\n<meta property=\"og:url\" content=\"https:\/\/nge.vn\/en\/tuyen-dung\/\" \/>\n<meta property=\"og:site_name\" content=\"NGE 3D Printers Services\" \/>\n<meta property=\"article:modified_time\" content=\"2025-03-13T03:14:55+00:00\" \/>\n<meta property=\"og:image\" content=\"https:\/\/nge.vn\/wp-content\/uploads\/2025\/02\/Thiet-ke-chua-co-ten-2.png\" \/>\n<meta name=\"twitter:card\" content=\"summary_large_image\" \/>\n<script type=\"application\/ld+json\" class=\"yoast-schema-graph\">{\"@context\":\"https:\/\/schema.org\",\"@graph\":[{\"@type\":\"WebPage\",\"@id\":\"https:\/\/nge.vn\/tuyen-dung\/\",\"url\":\"https:\/\/nge.vn\/tuyen-dung\/\",\"name\":\"Tuy\u1ec3n D\u1ee5ng - NGE 3D Printers Services\",\"isPartOf\":{\"@id\":\"https:\/\/nge.vn\/#website\"},\"primaryImageOfPage\":{\"@id\":\"https:\/\/nge.vn\/tuyen-dung\/#primaryimage\"},\"image\":{\"@id\":\"https:\/\/nge.vn\/tuyen-dung\/#primaryimage\"},\"thumbnailUrl\":\"https:\/\/nge.vn\/wp-content\/uploads\/2025\/02\/Thiet-ke-chua-co-ten-2.png\",\"datePublished\":\"2025-03-13T02:25:10+00:00\",\"dateModified\":\"2025-03-13T03:14:55+00:00\",\"description\":\"Tuy\u1ec3n D\u1ee5ng\",\"breadcrumb\":{\"@id\":\"https:\/\/nge.vn\/tuyen-dung\/#breadcrumb\"},\"inLanguage\":\"en-US\",\"potentialAction\":[{\"@type\":\"ReadAction\",\"target\":[\"https:\/\/nge.vn\/tuyen-dung\/\"]}]},{\"@type\":\"ImageObject\",\"inLanguage\":\"en-US\",\"@id\":\"https:\/\/nge.vn\/tuyen-dung\/#primaryimage\",\"url\":\"https:\/\/nge.vn\/wp-content\/uploads\/2025\/02\/Thiet-ke-chua-co-ten-2.png\",\"contentUrl\":\"https:\/\/nge.vn\/wp-content\/uploads\/2025\/02\/Thiet-ke-chua-co-ten-2.png\"},{\"@type\":\"BreadcrumbList\",\"@id\":\"https:\/\/nge.vn\/tuyen-dung\/#breadcrumb\",\"itemListElement\":[{\"@type\":\"ListItem\",\"position\":1,\"name\":\"Trang ch\u1ee7\",\"item\":\"https:\/\/nge.vn\/\"},{\"@type\":\"ListItem\",\"position\":2,\"name\":\"Tuy\u1ec3n D\u1ee5ng\"}]},{\"@type\":\"WebSite\",\"@id\":\"https:\/\/nge.vn\/#website\",\"url\":\"https:\/\/nge.vn\/\",\"name\":\"NGE 3D Printers Services\",\"description\":\"\",\"potentialAction\":[{\"@type\":\"SearchAction\",\"target\":{\"@type\":\"EntryPoint\",\"urlTemplate\":\"https:\/\/nge.vn\/?s={search_term_string}\"},\"query-input\":{\"@type\":\"PropertyValueSpecification\",\"valueRequired\":true,\"valueName\":\"search_term_string\"}}],\"inLanguage\":\"en-US\"}]}<\/script>\n<!-- \/ Yoast SEO Premium plugin. -->","yoast_head_json":{"title":"Tuy\u1ec3n D\u1ee5ng - NGE 3D Printers Services","description":"Tuy\u1ec3n D\u1ee5ng","robots":{"index":"index","follow":"follow","max-snippet":"max-snippet:-1","max-image-preview":"max-image-preview:large","max-video-preview":"max-video-preview:-1"},"canonical":"https:\/\/nge.vn\/en\/tuyen-dung\/","og_locale":"en_US","og_type":"article","og_title":"Tuy\u1ec3n D\u1ee5ng","og_description":"Tuy\u1ec3n D\u1ee5ng","og_url":"https:\/\/nge.vn\/en\/tuyen-dung\/","og_site_name":"NGE 3D Printers Services","article_modified_time":"2025-03-13T03:14:55+00:00","og_image":[{"url":"https:\/\/nge.vn\/wp-content\/uploads\/2025\/02\/Thiet-ke-chua-co-ten-2.png","type":"","width":"","height":""}],"twitter_card":"summary_large_image","schema":{"@context":"https:\/\/schema.org","@graph":[{"@type":"WebPage","@id":"https:\/\/nge.vn\/tuyen-dung\/","url":"https:\/\/nge.vn\/tuyen-dung\/","name":"Tuy\u1ec3n D\u1ee5ng - NGE 3D Printers Services","isPartOf":{"@id":"https:\/\/nge.vn\/#website"},"primaryImageOfPage":{"@id":"https:\/\/nge.vn\/tuyen-dung\/#primaryimage"},"image":{"@id":"https:\/\/nge.vn\/tuyen-dung\/#primaryimage"},"thumbnailUrl":"https:\/\/nge.vn\/wp-content\/uploads\/2025\/02\/Thiet-ke-chua-co-ten-2.png","datePublished":"2025-03-13T02:25:10+00:00","dateModified":"2025-03-13T03:14:55+00:00","description":"Tuy\u1ec3n D\u1ee5ng","breadcrumb":{"@id":"https:\/\/nge.vn\/tuyen-dung\/#breadcrumb"},"inLanguage":"en-US","potentialAction":[{"@type":"ReadAction","target":["https:\/\/nge.vn\/tuyen-dung\/"]}]},{"@type":"ImageObject","inLanguage":"en-US","@id":"https:\/\/nge.vn\/tuyen-dung\/#primaryimage","url":"https:\/\/nge.vn\/wp-content\/uploads\/2025\/02\/Thiet-ke-chua-co-ten-2.png","contentUrl":"https:\/\/nge.vn\/wp-content\/uploads\/2025\/02\/Thiet-ke-chua-co-ten-2.png"},{"@type":"BreadcrumbList","@id":"https:\/\/nge.vn\/tuyen-dung\/#breadcrumb","itemListElement":[{"@type":"ListItem","position":1,"name":"Trang ch\u1ee7","item":"https:\/\/nge.vn\/"},{"@type":"ListItem","position":2,"name":"Tuy\u1ec3n D\u1ee5ng"}]},{"@type":"WebSite","@id":"https:\/\/nge.vn\/#website","url":"https:\/\/nge.vn\/","name":"NGE 3D Printers Services","description":"","potentialAction":[{"@type":"SearchAction","target":{"@type":"EntryPoint","urlTemplate":"https:\/\/nge.vn\/?s={search_term_string}"},"query-input":{"@type":"PropertyValueSpecification","valueRequired":true,"valueName":"search_term_string"}}],"inLanguage":"en-US"}]}},"_links":{"self":[{"href":"https:\/\/nge.vn\/en\/wp-json\/wp\/v2\/pages\/4878","targetHints":{"allow":["GET"]}}],"collection":[{"href":"https:\/\/nge.vn\/en\/wp-json\/wp\/v2\/pages"}],"about":[{"href":"https:\/\/nge.vn\/en\/wp-json\/wp\/v2\/types\/page"}],"author":[{"embeddable":true,"href":"https:\/\/nge.vn\/en\/wp-json\/wp\/v2\/users\/1"}],"replies":[{"embeddable":true,"href":"https:\/\/nge.vn\/en\/wp-json\/wp\/v2\/comments?post=4878"}],"version-history":[{"count":4,"href":"https:\/\/nge.vn\/en\/wp-json\/wp\/v2\/pages\/4878\/revisions"}],"predecessor-version":[{"id":4893,"href":"https:\/\/nge.vn\/en\/wp-json\/wp\/v2\/pages\/4878\/revisions\/4893"}],"wp:attachment":[{"href":"https:\/\/nge.vn\/en\/wp-json\/wp\/v2\/media?parent=4878"}],"curies":[{"name":"wp","href":"https:\/\/api.w.org\/{rel}","templated":true}]}}