{"id":303,"date":"2024-10-24T14:56:41","date_gmt":"2024-10-24T07:56:41","guid":{"rendered":"https:\/\/nge.123websitedev.com\/?page_id=303"},"modified":"2025-02-24T10:49:48","modified_gmt":"2025-02-24T03:49:48","slug":"chinh-sach-bao-hanh","status":"publish","type":"page","link":"https:\/\/nge.vn\/en\/chinh-sach-bao-hanh\/","title":{"rendered":"Warranty policy"},"content":{"rendered":"<h2 style=\"text-align: center;\"><strong>Ch\u00ednh S\u00e1ch B\u1ea3o H\u00e0nh chung cho C\u00e1c d\u00f2ng m\u00e1y in 3D v\u00e0 Scan 3D c\u1ee7a c\u00e1c H\u00e3ng FlashForge, Creality, BIQU, FLSUN, eMake3D<\/strong>:<\/h2>\n<p style=\"padding-left: 40px;\">I. Ch\u00ednh S\u00e1ch b\u1ea3o h\u00e0nh s\u1ea3n ph\u1ea9m \u00e1p d\u1ee5ng t\u1ea1i NGE 3D PRINTERS SERVICES \u0111\u1ed1i v\u1edbi t\u1ea5t c\u1ea3 s\u1ea3n ph\u1ea9m M\u00e1y in 3D c\u1ee7a H\u00e3ng FlashForge, Creality, BIQU, FLSUN, eMake3D..:<br \/>\n&#8211; C\u00e1c s\u1ea3n ph\u1ea9m\u00a0NGE 3D PRINTERS SERVICES\u00a0b\u00e1n ra \u0111\u01b0\u1ee3c ki\u1ec3m tra b\u1ea3o h\u00e0nh t\u1ea1i \u0111\u1ecba ch\u1ec9:<br \/>\no <strong>T\u1ea7ng M, s\u1ed1 292 Ung V\u0103n Khi\u00eam, Ph\u01b0\u1eddng 25, Qu\u1eadn B\u00ecnh Th\u1ea1nh, TP.H\u1ed3 Ch\u00ed Minh.<\/strong><br \/>\no \u0110i\u1ec7n tho\u1ea1i li\u00ean h\u1ec7: <strong>094.144.0951<\/strong><br \/>\n&#8211; Qui tr\u00ecnh ti\u1ebfp nh\u1eadn ki\u1ec3m tra s\u1ea3n ph\u1ea9m t\u1ea1i ch\u1ed7, c\u00f3 s\u1ef1 gi\u00e1m s\u00e1t c\u1ee7a kh\u00e1ch h\u00e0ng:<br \/>\no N\u1ebfu ph\u00e1t hi\u1ec7n l\u1ed7i: x\u1eed l\u00fd b\u1ea3o h\u00e0nh<br \/>\no N\u1ebfu kh\u00f4ng ph\u00e1t hi\u1ec7n l\u1ed7i ngay: NGE 3D PRINTERS SERVICES s\u1ebd gi\u1eef l\u1ea1i s\u1ea3n ph\u1ea9m \u0111\u1ec3 ti\u1ebfp t\u1ee5c ki\u1ec3m tra, th\u1eddi gian ki\u1ec3m tra t\u1ed1i \u0111a 15 \u2013 30 ng\u00e0y l\u00e0m vi\u1ec7c.<br \/>\nII. TH\u1edcI GIAN B\u1ea2O H\u00c0NH:<br \/>\n&#8211; Th\u1eddi gian ti\u1ebfp nh\u1eadn: 8h30 \u2013 18h, t\u1ea5t c\u1ea3 c\u00e1c ng\u00e0y trong tu\u1ea7n (tr\u1eeb L\u1ec5,T\u1ebft)<br \/>\n&#8211; Qu\u00fd kh\u00e1ch vui l\u00f2ng mang s\u1ea3n ph\u1ea9m \u0111\u1ebfn\u00a0NGE 3D PRINTERS SERVICES\u00a0\u0111\u1ec3 \u0111\u01b0\u1ee3c b\u1ea3o h\u00e0nh nhanh nh\u1ea5t.<br \/>\n&#8211; Qu\u00fd kh\u00e1ch vui l\u00f2ng xu\u1ea5t tr\u00ecnh\u00a0phi\u1ebfu ti\u1ebfp nh\u1eadn\u00a0l\u00fac nh\u1eadn s\u1ea3n ph\u1ea9m tr\u1ea3 b\u1ea3o h\u00e0nh.<br \/>\nIII.\u00a0C\u00c1C S\u1ea2N PH\u1ea8M V\u00c0 LINH KI\u1ec6N, PH\u1ee4 KI\u1ec6N\u00a0KH\u00d4NG THU\u1ed8C DI\u1ec6N \u0110\u01af\u1ee2C B\u1ea2O H\u00c0NH:<br \/>\n_V\u1eadt li\u1ec7u ti\u00eau hao:<br \/>\n+M\u00e1y Resin: B\u0103ng d\u1ef1ng, T\u1ea5m d\u1ef1ng, N\u1eafp acrylic, Th\u1ebb SD, Thanh USB, C\u00e1p USB, Vat nh\u1ef1a, Film Vat, Flatfrom (B\u00e0n in), T\u1ea5m ch\u1eafn s\u00e1ng , Photopolymer Resin, Th\u00f9ng nh\u1ef1a, Scraper nh\u1ef1a, Scraper kim lo\u1ea1i, Ch\u1ed5i qu\u00e9t, M\u00e0n chi\u1ebfu, K\u00ecm c\u1eaft , C\u00f4ng t\u1eafc c\u1eeda v\u00e0 C\u1edd l\u00ea l\u1ee5c gi\u00e1c, n\u1eafp m\u00e1y&#8230;.<br \/>\n+M\u00e1y FDM: D\u00e2y Belt, \u0110\u1ea7u \u0110\u00f9n, B\u1ed9 Gear t\u1eddi nh\u1ef1a, C\u1ee5m \u0111\u00f9n, B\u00e0n PEI, Qu\u1ea1t, tr\u1ee5c Vitme, Thanh Ti, S\u01a1i Nh\u1ef1a, \u1ed0ng s\u1ee3i, Gi\u00e1 \u0111\u1ee1 \u1ed1ng ch\u1ec9\u2026v\u00e0 c\u00e1c linh ki\u1ec7n t\u1eb7ng k\u00e8m theo m\u00e1y nh\u01b0 USB, K\u1ec1m c\u1eaft nh\u1ef1a \u2026<br \/>\n+B\u1ed9 n\u00e2ng c\u1ea5p m\u00e1y \u0111\u00f9n FDM s\u1ebd kh\u00f4ng thu\u1ed9c v\u1ec1 ph\u1ee5 ki\u1ec7n b\u1ea3o tr\u00ec mi\u1ec5n ph\u00ed v\u00e0 s\u1ebd \u0111\u01b0\u1ee3c mua \u0111\u1ed9c l\u1eadp.<br \/>\nIV. NH\u1eeeNG G\u00cc KH\u00d4NG \u0110\u01af\u1ee2C B\u1ea2O H\u00c0NH:<br \/>\nA. Th\u1ebb b\u1ea3o h\u00e0nh b\u1ecb thay \u0111\u1ed5i, b\u1ecb h\u1ecfng ho\u1eb7c s\u1ed1 s\u00ea-ri thi\u1ebft b\u1ecb b\u1ecb thay \u0111\u1ed5i, x\u00f3a, h\u1ee7y;<br \/>\nB. H\u1ebft th\u1eddi h\u1ea1n b\u1ea3o h\u00e0nh;<br \/>\nC. M\u00e1y in \u0111\u00e3 b\u1ecb can thi\u1ec7p, s\u1eeda ch\u1eefa v\u00e0 \/ ho\u1eb7c s\u1eeda \u0111\u1ed5i b\u1edfi ng\u01b0\u1eddi kh\u00f4ng c\u00f3 th\u1ea9m quy\u1ec1n;<br \/>\nD. (C\u00e1c) h\u01b0 h\u1ecfng do c\u00e1c s\u1eeda \u0111\u1ed5i, thay \u0111\u1ed5i ho\u1eb7c s\u1eeda ch\u1eefa \u0111\u01b0\u1ee3c th\u1ef1c hi\u1ec7n kh\u00f4ng \u0111\u00fang c\u00e1ch v\u00e0 s\u1eeda \u0111\u1ed5i tr\u00e1i ph\u00e9p;<br \/>\nE. (C\u00e1c) h\u01b0 h\u1ecfng do l\u1eafp \u0111\u1eb7t, s\u1eed d\u1ee5ng ho\u1eb7c v\u1eadn h\u00e0nh kh\u00f4ng \u0111\u00fang c\u00e1ch;<br \/>\nF. (C\u00e1c) h\u01b0 h\u1ecfng do v\u1eadn h\u00e0nh trong m\u00f4i tr\u01b0\u1eddng kh\u00f4ng th\u00edch h\u1ee3p;<br \/>\nG. Thi\u1ec7t h\u1ea1i do l\u1ea1m d\u1ee5ng (l\u00e0m vi\u1ec7c qu\u00e1 t\u1ea3i), s\u1eed d\u1ee5ng sai m\u1ee5c \u0111\u00edch;<br \/>\nH. (C\u00e1c) h\u01b0 h\u1ecfng do s\u1eed d\u1ee5ng ph\u1ee5 t\u00f9ng thay th\u1ebf tr\u00e1i ph\u00e9p;<br \/>\nI. (C\u00e1c) h\u01b0 h\u1ecfng do s\u1eed d\u1ee5ng S\u1ee3i Nh\u1ef1a ch\u1ea5t l\u01b0\u1ee3ng k\u00e9m (S\u1ee3i Nh\u1ef1a eSun, Flashforge, Creality \u0111\u01b0\u1ee3c \u0111\u1ec1 xu\u1ea5t)<br \/>\nJ. (C\u00e1c) thi\u1ec7t h\u1ea1i do s\u1eed d\u1ee5ng ph\u1ea7n m\u1ec1m b\u00ean th\u1ee9 3 tr\u00e1i ph\u00e9p;<br \/>\nK. Hao m\u00f2n b\u00ecnh th\u01b0\u1eddng bao g\u1ed3m c\u1ea3 v\u1ebft x\u01b0\u1edbc v\u00e0 v\u1ebft n\u1ee9t;<br \/>\nM. (C\u00e1c) thi\u1ec7t h\u1ea1i do nguy\u00ean nh\u00e2n b\u1ea5t kh\u1ea3 kh\u00e1ng (ch\u1eb3ng h\u1ea1n nh\u01b0 s\u00e9t \u0111\u00e1nh, h\u1ecfa ho\u1ea1n, \u0111\u1ed9ng \u0111\u1ea5t, l\u0169 l\u1ee5t, x\u00e1o tr\u1ed9n d\u00e2n s\u1ef1 ho\u1eb7c chi\u1ebfn tranh, ho\u1eb7c b\u1ea5t k\u1ef3 s\u1ef1 ki\u1ec7n n\u00e0o kh\u00e1c ngo\u00e0i t\u1ea7m ki\u1ec3m so\u00e1t c\u1ee7a con ng\u01b0\u1eddi).<\/p>\n<p style=\"padding-left: 40px;\">* C\u00e1c tr\u01b0\u1eddng h\u1ee3p l\u1ed7i kh\u00f4ng ph\u00e1t hi\u1ec7n ngay t\u1ea1i th\u1eddi \u0111i\u1ec3m ki\u1ec3m tra, s\u1ea3n ph\u1ea9m b\u1ecb l\u1ed7i firmware, board m\u1ea1ch \u0111i\u1ec7n t\u1eed, s\u1ea3n ph\u1ea9m s\u1ebd \u0111\u01b0\u1ee3c gi\u1eef l\u1ea1i ki\u1ec3m tra v\u00e0 x\u1eed l\u00fd l\u1ed7i, th\u1eddi gian x\u1eed l\u00fd t\u1eeb 15-30 ng\u00e0y.<br \/>\nV. C\u00e1c s\u1ea3n ph\u1ea9m thu\u1ed9c di\u1ec7n B\u1ea3o H\u00e0nh:<br \/>\n+M\u00e1y Resin: M\u00e0n chi\u1ebfu LCD Printing (3 th\u00e1ng ho\u1eb7c 2000H), Board m\u1ea1ch, Screen, Motor, Ngu\u1ed3n \u0111i\u1ec7n\u2026<br \/>\n+M\u00e1y FDM: Board m\u1ea1ch, Screen, Motor, Ngu\u1ed3n \u0111i\u1ec7n\u2026<br \/>\nL\u01afU \u00dd:<br \/>\nC\u00c1C TR\u01af\u1edcNG H\u1ee2P KH\u00d4NG THU\u1ed8C DI\u1ec6N B\u1ea2O H\u00c0NH<\/p>\n<p style=\"padding-left: 40px;\">\u2666 S\u1ea3n ph\u1ea9m ti\u1ebfp nh\u1eadn kh\u00f4ng c\u00f3 tem b\u1ea3o h\u00e0nh c\u1ee7a\u00a0NGE 3D PRINTERS SERVICES\u00a0ho\u1eb7c tem h\u1ebft h\u1ea1n b\u1ea3o h\u00e0nh.<br \/>\n\u2666 Tem b\u1ea3o h\u00e0nh tr\u00ean s\u1ea3n ph\u1ea9m b\u1ecb r\u00e1ch, m\u1edd ho\u1eb7c c\u00f3 d\u1ea5u hi\u1ec7u s\u1eeda \u0111\u1ed5i, l\u00e0m gi\u1ea3.<br \/>\n\u2666 Kh\u00f4ng b\u1ea3o h\u00e0nh s\u1ea3n ph\u1ea9m \u0111\u00e3 b\u1ecb thay \u0111\u1ed5i k\u1ebft c\u1ea5u v\u00e0 Board m\u1ea1ch b\u1ecb cong ho\u1eb7c g\u00e3y ch\u00e2n, ho\u1eb7c vi ph\u1ea1m c\u00e1c qui \u0111\u1ecbnh kh\u00e1c c\u1ee7a nh\u00e0 s\u1ea3n xu\u1ea5t.<br \/>\n\u2666 S\u1ea3n ph\u1ea9m bi\u1ebfn d\u1ea1ng, tr\u1ea7y x\u01b0\u1edbc, b\u1ec3, m\u1ebb, cong, x\u00ec t\u1ee5, ch\u00e1y n\u1ed5 chip, b\u1ecb ch\u1ea5t l\u1ecfng \u0111\u1ed5 v\u00e0o.<br \/>\n\u2666 S\u1ea3n ph\u1ea9m c\u00f3 d\u1ea5u hi\u1ec7u ch\u00e1y n\u1ed5, r\u1ec9 s\u00e9t, n\u1ee9t ch\u00edp, d\u1ea5u v\u1ebft c\u1ee7a c\u00f4n tr\u00f9ng, chu\u1ed9t, c\u00e1c lo\u00e0i b\u1ecd g\u00e2y h\u01b0 h\u1ea1i s\u1ea3n ph\u1ea9m.<br \/>\n\u2666 S\u1ea3n ph\u1ea9m \u0111\u1eb7t trong m\u00f4i tr\u01b0\u1eddng \u00d4xy h\u00f3a.<br \/>\n\u2666 S\u1ea3n ph\u1ea9m ng\u01b0\u1eddi d\u00f9ng t\u1ef1 \u00fd s\u1eeda ch\u1eefa tr\u01b0\u1edbc \u0111\u00f3.<\/p>\n<p>&nbsp;<\/p>\n<div><\/div>\n<div><img loading=\"lazy\" decoding=\"async\" class=\"aligncenter size-full wp-image-4862\" src=\"https:\/\/nge.123websitedev.com\/wp-content\/uploads\/2025\/02\/cave.png\" alt=\"Ch\u00ednh S\u00e1ch B\u1ea3o H\u00e0nh-NGE 3D Printer Services\" width=\"1080\" height=\"1080\" srcset=\"https:\/\/nge.vn\/wp-content\/uploads\/2025\/02\/cave.png 1080w, https:\/\/nge.vn\/wp-content\/uploads\/2025\/02\/cave-300x300.png 300w, https:\/\/nge.vn\/wp-content\/uploads\/2025\/02\/cave-1024x1024.png 1024w, https:\/\/nge.vn\/wp-content\/uploads\/2025\/02\/cave-150x150.png 150w, https:\/\/nge.vn\/wp-content\/uploads\/2025\/02\/cave-768x768.png 768w, https:\/\/nge.vn\/wp-content\/uploads\/2025\/02\/cave-12x12.png 12w, https:\/\/nge.vn\/wp-content\/uploads\/2025\/02\/cave-247x247.png 247w, https:\/\/nge.vn\/wp-content\/uploads\/2025\/02\/cave-510x510.png 510w, https:\/\/nge.vn\/wp-content\/uploads\/2025\/02\/cave-100x100.png 100w\" sizes=\"auto, (max-width: 1080px) 100vw, 1080px\" \/><\/div>\n<div>\n<div>#nge3dprinterservices<\/div>\n<div>#nge3dprinter<\/div>\n<div>#theheketiep.com<\/div>\n<div>#nge.vn<\/div>\n<div>#mayin3d<\/div>\n<div>#mayscan3d<\/div>\n<div>#nhuain3d<\/div>\n<div>#mayin3dgiare<\/div>\n<div>#mayin3dcongnghiep<\/div>\n<div>#mayin3dnhieumau<\/div>\n<div>#esun<\/div>\n<div>#creality<\/div>\n<div>#emake3d<\/div>\n<div>#flsun<\/div>\n<div>#biqu<\/div>\n<div><\/div>\n<\/div>","protected":false},"excerpt":{"rendered":"<p>Ch\u00ednh S\u00e1ch B\u1ea3o H\u00e0nh chung cho C\u00e1c d\u00f2ng m\u00e1y in 3D v\u00e0 Scan 3D c\u1ee7a c\u00e1c H\u00e3ng FlashForge, Creality, BIQU, FLSUN, eMake3D: I. Ch\u00ednh S\u00e1ch b\u1ea3o h\u00e0nh s\u1ea3n ph\u1ea9m \u00e1p d\u1ee5ng t\u1ea1i NGE 3D PRINTERS SERVICES \u0111\u1ed1i v\u1edbi t\u1ea5t c\u1ea3 s\u1ea3n ph\u1ea9m M\u00e1y in 3D c\u1ee7a H\u00e3ng FlashForge, Creality, BIQU, FLSUN, eMake3D..: &#8211; C\u00e1c s\u1ea3n&#8230;<\/p>","protected":false},"author":1,"featured_media":4862,"parent":0,"menu_order":0,"comment_status":"closed","ping_status":"closed","template":"page-blank.php","meta":{"inline_featured_image":false,"footnotes":""},"class_list":["post-303","page","type-page","status-publish","has-post-thumbnail","hentry"],"yoast_head":"<!-- This site is optimized with the Yoast SEO Premium plugin v22.8 (Yoast SEO v26.9) - https:\/\/yoast.com\/product\/yoast-seo-premium-wordpress\/ -->\n<title>Ch\u00ednh s\u00e1ch b\u1ea3o h\u00e0nh - NGE 3D Printers Services<\/title>\n<meta name=\"description\" content=\"C\u00e1c d\u00f2ng m\u00e1y in 3d v\u00e0 Scan 3D b\u1ea3o h\u00e0nh 12 th\u00e1ng v\u1edbi c\u00e1c linh ki\u1ec7n ch\u00ednh h\u00e3ng c\u00f9ng \u0111\u1ed9i ng\u0169 k\u1ef9 thu\u1eadt chuy\u00ean nghi\u1ec7p nhi\u1ec1u n\u0103m kinh nghi\u1ec7m\" \/>\n<meta name=\"robots\" content=\"index, follow, max-snippet:-1, max-image-preview:large, max-video-preview:-1\" \/>\n<link rel=\"canonical\" href=\"https:\/\/nge.vn\/en\/chinh-sach-bao-hanh\/\" \/>\n<meta property=\"og:locale\" content=\"en_US\" \/>\n<meta property=\"og:type\" content=\"article\" \/>\n<meta property=\"og:title\" content=\"Ch\u00ednh s\u00e1ch b\u1ea3o h\u00e0nh\" \/>\n<meta property=\"og:description\" content=\"C\u00e1c d\u00f2ng m\u00e1y in 3d v\u00e0 Scan 3D b\u1ea3o h\u00e0nh 12 th\u00e1ng v\u1edbi c\u00e1c linh ki\u1ec7n ch\u00ednh h\u00e3ng c\u00f9ng \u0111\u1ed9i ng\u0169 k\u1ef9 thu\u1eadt chuy\u00ean nghi\u1ec7p nhi\u1ec1u n\u0103m kinh nghi\u1ec7m\" \/>\n<meta property=\"og:url\" content=\"https:\/\/nge.vn\/en\/chinh-sach-bao-hanh\/\" \/>\n<meta property=\"og:site_name\" content=\"NGE 3D Printers Services\" \/>\n<meta property=\"article:modified_time\" content=\"2025-02-24T03:49:48+00:00\" \/>\n<meta property=\"og:image\" content=\"https:\/\/nge.vn\/wp-content\/uploads\/2025\/02\/cave.png\" \/>\n\t<meta property=\"og:image:width\" content=\"1080\" \/>\n\t<meta property=\"og:image:height\" content=\"1080\" \/>\n\t<meta property=\"og:image:type\" content=\"image\/png\" \/>\n<meta name=\"twitter:card\" content=\"summary_large_image\" \/>\n<meta name=\"twitter:label1\" content=\"Est. reading time\" \/>\n\t<meta name=\"twitter:data1\" content=\"5 minutes\" \/>\n<script type=\"application\/ld+json\" class=\"yoast-schema-graph\">{\"@context\":\"https:\/\/schema.org\",\"@graph\":[{\"@type\":\"WebPage\",\"@id\":\"https:\/\/nge.vn\/chinh-sach-bao-hanh\/\",\"url\":\"https:\/\/nge.vn\/chinh-sach-bao-hanh\/\",\"name\":\"Ch\u00ednh s\u00e1ch b\u1ea3o h\u00e0nh - NGE 3D Printers Services\",\"isPartOf\":{\"@id\":\"https:\/\/nge.vn\/#website\"},\"primaryImageOfPage\":{\"@id\":\"https:\/\/nge.vn\/chinh-sach-bao-hanh\/#primaryimage\"},\"image\":{\"@id\":\"https:\/\/nge.vn\/chinh-sach-bao-hanh\/#primaryimage\"},\"thumbnailUrl\":\"https:\/\/nge.vn\/wp-content\/uploads\/2025\/02\/cave.png\",\"datePublished\":\"2024-10-24T07:56:41+00:00\",\"dateModified\":\"2025-02-24T03:49:48+00:00\",\"description\":\"C\u00e1c d\u00f2ng m\u00e1y in 3d v\u00e0 Scan 3D b\u1ea3o h\u00e0nh 12 th\u00e1ng v\u1edbi c\u00e1c linh ki\u1ec7n ch\u00ednh h\u00e3ng c\u00f9ng \u0111\u1ed9i ng\u0169 k\u1ef9 thu\u1eadt chuy\u00ean nghi\u1ec7p nhi\u1ec1u n\u0103m kinh nghi\u1ec7m\",\"breadcrumb\":{\"@id\":\"https:\/\/nge.vn\/chinh-sach-bao-hanh\/#breadcrumb\"},\"inLanguage\":\"en-US\",\"potentialAction\":[{\"@type\":\"ReadAction\",\"target\":[\"https:\/\/nge.vn\/chinh-sach-bao-hanh\/\"]}]},{\"@type\":\"ImageObject\",\"inLanguage\":\"en-US\",\"@id\":\"https:\/\/nge.vn\/chinh-sach-bao-hanh\/#primaryimage\",\"url\":\"https:\/\/nge.vn\/wp-content\/uploads\/2025\/02\/cave.png\",\"contentUrl\":\"https:\/\/nge.vn\/wp-content\/uploads\/2025\/02\/cave.png\",\"width\":1080,\"height\":1080,\"caption\":\"Ch\u00ednh S\u00e1ch B\u1ea3o H\u00e0nh-NGE 3D Printer Services\"},{\"@type\":\"BreadcrumbList\",\"@id\":\"https:\/\/nge.vn\/chinh-sach-bao-hanh\/#breadcrumb\",\"itemListElement\":[{\"@type\":\"ListItem\",\"position\":1,\"name\":\"Trang ch\u1ee7\",\"item\":\"https:\/\/nge.vn\/\"},{\"@type\":\"ListItem\",\"position\":2,\"name\":\"Ch\u00ednh s\u00e1ch b\u1ea3o h\u00e0nh\"}]},{\"@type\":\"WebSite\",\"@id\":\"https:\/\/nge.vn\/#website\",\"url\":\"https:\/\/nge.vn\/\",\"name\":\"NGE 3D Printers Services\",\"description\":\"\",\"potentialAction\":[{\"@type\":\"SearchAction\",\"target\":{\"@type\":\"EntryPoint\",\"urlTemplate\":\"https:\/\/nge.vn\/?s={search_term_string}\"},\"query-input\":{\"@type\":\"PropertyValueSpecification\",\"valueRequired\":true,\"valueName\":\"search_term_string\"}}],\"inLanguage\":\"en-US\"}]}<\/script>\n<!-- \/ Yoast SEO Premium plugin. -->","yoast_head_json":{"title":"Ch\u00ednh s\u00e1ch b\u1ea3o h\u00e0nh - NGE 3D Printers Services","description":"C\u00e1c d\u00f2ng m\u00e1y in 3d v\u00e0 Scan 3D b\u1ea3o h\u00e0nh 12 th\u00e1ng v\u1edbi c\u00e1c linh ki\u1ec7n ch\u00ednh h\u00e3ng c\u00f9ng \u0111\u1ed9i ng\u0169 k\u1ef9 thu\u1eadt chuy\u00ean nghi\u1ec7p nhi\u1ec1u n\u0103m kinh nghi\u1ec7m","robots":{"index":"index","follow":"follow","max-snippet":"max-snippet:-1","max-image-preview":"max-image-preview:large","max-video-preview":"max-video-preview:-1"},"canonical":"https:\/\/nge.vn\/en\/chinh-sach-bao-hanh\/","og_locale":"en_US","og_type":"article","og_title":"Ch\u00ednh s\u00e1ch b\u1ea3o h\u00e0nh","og_description":"C\u00e1c d\u00f2ng m\u00e1y in 3d v\u00e0 Scan 3D b\u1ea3o h\u00e0nh 12 th\u00e1ng v\u1edbi c\u00e1c linh ki\u1ec7n ch\u00ednh h\u00e3ng c\u00f9ng \u0111\u1ed9i ng\u0169 k\u1ef9 thu\u1eadt chuy\u00ean nghi\u1ec7p nhi\u1ec1u n\u0103m kinh nghi\u1ec7m","og_url":"https:\/\/nge.vn\/en\/chinh-sach-bao-hanh\/","og_site_name":"NGE 3D Printers Services","article_modified_time":"2025-02-24T03:49:48+00:00","og_image":[{"width":1080,"height":1080,"url":"https:\/\/nge.vn\/wp-content\/uploads\/2025\/02\/cave.png","type":"image\/png"}],"twitter_card":"summary_large_image","twitter_misc":{"Est. reading time":"5 minutes"},"schema":{"@context":"https:\/\/schema.org","@graph":[{"@type":"WebPage","@id":"https:\/\/nge.vn\/chinh-sach-bao-hanh\/","url":"https:\/\/nge.vn\/chinh-sach-bao-hanh\/","name":"Ch\u00ednh s\u00e1ch b\u1ea3o h\u00e0nh - NGE 3D Printers Services","isPartOf":{"@id":"https:\/\/nge.vn\/#website"},"primaryImageOfPage":{"@id":"https:\/\/nge.vn\/chinh-sach-bao-hanh\/#primaryimage"},"image":{"@id":"https:\/\/nge.vn\/chinh-sach-bao-hanh\/#primaryimage"},"thumbnailUrl":"https:\/\/nge.vn\/wp-content\/uploads\/2025\/02\/cave.png","datePublished":"2024-10-24T07:56:41+00:00","dateModified":"2025-02-24T03:49:48+00:00","description":"C\u00e1c d\u00f2ng m\u00e1y in 3d v\u00e0 Scan 3D b\u1ea3o h\u00e0nh 12 th\u00e1ng v\u1edbi c\u00e1c linh ki\u1ec7n ch\u00ednh h\u00e3ng c\u00f9ng \u0111\u1ed9i ng\u0169 k\u1ef9 thu\u1eadt chuy\u00ean nghi\u1ec7p nhi\u1ec1u n\u0103m kinh nghi\u1ec7m","breadcrumb":{"@id":"https:\/\/nge.vn\/chinh-sach-bao-hanh\/#breadcrumb"},"inLanguage":"en-US","potentialAction":[{"@type":"ReadAction","target":["https:\/\/nge.vn\/chinh-sach-bao-hanh\/"]}]},{"@type":"ImageObject","inLanguage":"en-US","@id":"https:\/\/nge.vn\/chinh-sach-bao-hanh\/#primaryimage","url":"https:\/\/nge.vn\/wp-content\/uploads\/2025\/02\/cave.png","contentUrl":"https:\/\/nge.vn\/wp-content\/uploads\/2025\/02\/cave.png","width":1080,"height":1080,"caption":"Ch\u00ednh S\u00e1ch B\u1ea3o H\u00e0nh-NGE 3D Printer Services"},{"@type":"BreadcrumbList","@id":"https:\/\/nge.vn\/chinh-sach-bao-hanh\/#breadcrumb","itemListElement":[{"@type":"ListItem","position":1,"name":"Trang ch\u1ee7","item":"https:\/\/nge.vn\/"},{"@type":"ListItem","position":2,"name":"Ch\u00ednh s\u00e1ch b\u1ea3o h\u00e0nh"}]},{"@type":"WebSite","@id":"https:\/\/nge.vn\/#website","url":"https:\/\/nge.vn\/","name":"NGE 3D Printers Services","description":"","potentialAction":[{"@type":"SearchAction","target":{"@type":"EntryPoint","urlTemplate":"https:\/\/nge.vn\/?s={search_term_string}"},"query-input":{"@type":"PropertyValueSpecification","valueRequired":true,"valueName":"search_term_string"}}],"inLanguage":"en-US"}]}},"_links":{"self":[{"href":"https:\/\/nge.vn\/en\/wp-json\/wp\/v2\/pages\/303","targetHints":{"allow":["GET"]}}],"collection":[{"href":"https:\/\/nge.vn\/en\/wp-json\/wp\/v2\/pages"}],"about":[{"href":"https:\/\/nge.vn\/en\/wp-json\/wp\/v2\/types\/page"}],"author":[{"embeddable":true,"href":"https:\/\/nge.vn\/en\/wp-json\/wp\/v2\/users\/1"}],"replies":[{"embeddable":true,"href":"https:\/\/nge.vn\/en\/wp-json\/wp\/v2\/comments?post=303"}],"version-history":[{"count":7,"href":"https:\/\/nge.vn\/en\/wp-json\/wp\/v2\/pages\/303\/revisions"}],"predecessor-version":[{"id":4866,"href":"https:\/\/nge.vn\/en\/wp-json\/wp\/v2\/pages\/303\/revisions\/4866"}],"wp:featuredmedia":[{"embeddable":true,"href":"https:\/\/nge.vn\/en\/wp-json\/wp\/v2\/media\/4862"}],"wp:attachment":[{"href":"https:\/\/nge.vn\/en\/wp-json\/wp\/v2\/media?parent=303"}],"curies":[{"name":"wp","href":"https:\/\/api.w.org\/{rel}","templated":true}]}}