{"id":222,"date":"2024-10-24T10:11:21","date_gmt":"2024-10-24T03:11:21","guid":{"rendered":"https:\/\/nge.123websitedev.com\/?page_id=222"},"modified":"2024-10-28T08:19:56","modified_gmt":"2024-10-28T01:19:56","slug":"gioi-thieu","status":"publish","type":"page","link":"https:\/\/nge.vn\/en\/gioi-thieu\/","title":{"rendered":"Introduce"},"content":{"rendered":"<section class=\"section\" id=\"section_2021322629\">\n\t\t<div class=\"section-bg fill\" >\n\t\t\t\t\t\t\t\t\t\n\t\t\t\n\n\t\t<\/div>\n\n\t\t\n\n\t\t<div class=\"section-content relative\">\n\t\t\t\n<div class=\"row\"  id=\"row-1355145484\">\n\n\t<div id=\"col-1183236794\" class=\"col small-12 large-12\"  >\n\t\t\t\t<div class=\"col-inner\"  >\n\t\t\t\n\t\t\t\n<p>NGE 3D Printers Services l\u00e0 c\u00f4ng ty h\u00e0ng \u0111\u1ea7u t\u1ea1i Vi\u1ec7t Nam trong l\u0129nh v\u1ef1c cung c\u1ea5p c\u00e1c gi\u1ea3i ph\u00e1p c\u00f4ng ngh\u1ec7 in 3D hi\u1ec7n \u0111\u1ea1i v\u00e0 to\u00e0n di\u1ec7n. Ch\u00fang t\u00f4i chuy\u00ean ph\u00e2n ph\u1ed1i v\u00e0 cung c\u1ea5p c\u00e1c s\u1ea3n ph\u1ea9m ch\u1ea5t l\u01b0\u1ee3ng cao ph\u1ee5c v\u1ee5 cho ng\u00e0nh in 3D, bao g\u1ed3m: M\u00e1y in 3D, nh\u1ef1a in 3D FDM, linh ki\u1ec7n v\u00e0 ph\u1ee5 ki\u1ec7n, c\u00f9ng v\u1edbi m\u00e1y qu\u00e9t scan. V\u1edbi ph\u01b0\u01a1ng ch\u00e2m ho\u1ea1t \u0111\u1ed9ng l\u00e0 mang l\u1ea1i s\u1ef1 ch\u00ednh x\u00e1c v\u00e0 s\u00e1ng t\u1ea1o, NGE cam k\u1ebft \u0111em \u0111\u1ebfn cho kh\u00e1ch h\u00e0ng nh\u1eefng s\u1ea3n ph\u1ea9m v\u00e0 d\u1ecbch v\u1ee5 t\u1ed1t nh\u1ea5t nh\u1eb1m th\u00fac \u0111\u1ea9y kh\u1ea3 n\u0103ng s\u00e1ng t\u1ea1o, c\u1ea3i ti\u1ebfn s\u1ea3n ph\u1ea9m, v\u00e0 t\u1ed1i \u01b0u h\u00f3a quy tr\u00ecnh s\u1ea3n xu\u1ea5t.<\/p>\n<h3>1. <strong>3D Printer<\/strong><\/h3>\n<p>NGE 3D Printers Services t\u1ef1 h\u00e0o cung c\u1ea5p c\u00e1c d\u00f2ng m\u00e1y in 3D ti\u00ean ti\u1ebfn, \u0111\u00e1p \u1ee9ng m\u1ecdi nhu c\u1ea7u t\u1eeb s\u1ea3n xu\u1ea5t c\u00f4ng nghi\u1ec7p \u0111\u1ebfn nh\u1eefng d\u1ef1 \u00e1n c\u00e1 nh\u00e2n, nghi\u00ean c\u1ee9u, v\u00e0 gi\u00e1o d\u1ee5c. C\u00e1c s\u1ea3n ph\u1ea9m m\u00e1y in 3D c\u1ee7a ch\u00fang t\u00f4i kh\u00f4ng ch\u1ec9 c\u00f3 \u0111\u1ed9 ch\u00ednh x\u00e1c cao m\u00e0 c\u00f2n d\u1ec5 s\u1eed d\u1ee5ng, b\u1ec1n b\u1ec9, v\u00e0 hi\u1ec7u su\u1ea5t m\u1ea1nh m\u1ebd, gi\u00fap c\u00e1c doanh nghi\u1ec7p v\u00e0 c\u00e1 nh\u00e2n th\u1ef1c hi\u1ec7n m\u1ecdi \u00fd t\u01b0\u1edfng ph\u1ee9c t\u1ea1p nh\u1ea5t.<\/p>\n<h3>2. <strong>FDM 3D Printing Plastic<\/strong><\/h3>\n<p>Ch\u00fang t\u00f4i mang \u0111\u1ebfn s\u1ef1 l\u1ef1a ch\u1ecdn phong ph\u00fa v\u1ec1 v\u1eadt li\u1ec7u nh\u1ef1a in 3D FDM \u2013 t\u1eeb c\u00e1c lo\u1ea1i nh\u1ef1a th\u00f4ng th\u01b0\u1eddng \u0111\u1ebfn nh\u1ef1a cao c\u1ea5p c\u00f3 \u0111\u1ed9 b\u1ec1n v\u00e0 t\u00ednh n\u0103ng \u0111\u1eb7c bi\u1ec7t. M\u1ed7i s\u1ea3n ph\u1ea9m nh\u1ef1a \u0111\u1ec1u \u0111\u01b0\u1ee3c ki\u1ec3m \u0111\u1ecbnh ch\u1eb7t ch\u1ebd v\u1ec1 ch\u1ea5t l\u01b0\u1ee3ng, \u0111\u1ea3m b\u1ea3o t\u00ednh t\u01b0\u01a1ng th\u00edch cao v\u1edbi \u0111a s\u1ed1 m\u00e1y in 3D FDM, gi\u00fap kh\u00e1ch h\u00e0ng \u0111\u1ea1t hi\u1ec7u qu\u1ea3 t\u1ed1i \u01b0u trong t\u1eebng d\u1ef1 \u00e1n.<\/p>\n<h3>3. <strong>Linh ki\u1ec7n v\u00e0 Ph\u1ee5 Ki\u1ec7n<\/strong><\/h3>\n<p>NGE 3D Printers Services kh\u00f4ng ch\u1ec9 cung c\u1ea5p m\u00e1y in v\u00e0 v\u1eadt li\u1ec7u m\u00e0 c\u00f2n c\u00f3 c\u00e1c lo\u1ea1i linh ki\u1ec7n v\u00e0 ph\u1ee5 ki\u1ec7n thi\u1ebft y\u1ebfu, \u0111\u1ea3m b\u1ea3o thi\u1ebft b\u1ecb c\u1ee7a b\u1ea1n lu\u00f4n v\u1eadn h\u00e0nh \u1ed5n \u0111\u1ecbnh v\u00e0 hi\u1ec7u qu\u1ea3. Ch\u00fang t\u00f4i cung c\u1ea5p \u0111\u1ea7y \u0111\u1ee7 t\u1eeb c\u00e1c b\u1ed9 ph\u1eadn thay th\u1ebf, n\u00e2ng c\u1ea5p cho \u0111\u1ebfn c\u00e1c ph\u1ee5 ki\u1ec7n h\u1ed7 tr\u1ee3, gi\u00fap kh\u00e1ch h\u00e0ng d\u1ec5 d\u00e0ng s\u1eeda ch\u1eefa v\u00e0 t\u00f9y ch\u1ec9nh m\u00e1y in 3D theo nhu c\u1ea7u ri\u00eang.<\/p>\n<h3>4. <strong>Scan Machine<\/strong><\/h3>\n<p>M\u00e1y qu\u00e9t 3D l\u00e0 c\u00f4ng c\u1ee5 quan tr\u1ecdng trong vi\u1ec7c chuy\u1ec3n \u0111\u1ed5i c\u00e1c v\u1eadt th\u1ec3 th\u1ef1c sang m\u00f4 h\u00ecnh k\u1ef9 thu\u1eadt s\u1ed1 ch\u00ednh x\u00e1c v\u00e0 chi ti\u1ebft. NGE 3D Printers Services cung c\u1ea5p c\u00e1c d\u00f2ng m\u00e1y qu\u00e9t 3D ch\u1ea5t l\u01b0\u1ee3ng cao, d\u1ec5 s\u1eed d\u1ee5ng, h\u1ed7 tr\u1ee3 \u0111\u1eafc l\u1ef1c trong c\u00e1c l\u0129nh v\u1ef1c nh\u01b0 thi\u1ebft k\u1ebf s\u1ea3n ph\u1ea9m, k\u1ef9 thu\u1eadt, v\u00e0 ngh\u1ec7 thu\u1eadt. Ch\u00fang t\u00f4i cung c\u1ea5p gi\u1ea3i ph\u00e1p to\u00e0n di\u1ec7n, t\u1eeb vi\u1ec7c ch\u1ecdn m\u00e1y qu\u00e9t ph\u00f9 h\u1ee3p \u0111\u1ebfn h\u1ed7 tr\u1ee3 k\u1ef9 thu\u1eadt chuy\u00ean nghi\u1ec7p.<\/p>\n<h3><strong>Cam K\u1ebft Ch\u1ea5t L\u01b0\u1ee3ng v\u00e0 D\u1ecbch V\u1ee5 Kh\u00e1ch H\u00e0ng<\/strong><\/h3>\n<p>V\u1edbi \u0111\u1ed9i ng\u0169 k\u1ef9 s\u01b0, chuy\u00ean vi\u00ean gi\u00e0u kinh nghi\u1ec7m v\u00e0 ki\u1ebfn th\u1ee9c chuy\u00ean s\u00e2u v\u1ec1 c\u00f4ng ngh\u1ec7 3D, NGE 3D Printers Services lu\u00f4n s\u1eb5n s\u00e0ng h\u1ed7 tr\u1ee3 kh\u00e1ch h\u00e0ng t\u1eeb kh\u00e2u t\u01b0 v\u1ea5n ch\u1ecdn s\u1ea3n ph\u1ea9m \u0111\u1ebfn b\u1ea3o tr\u00ec, s\u1eeda ch\u1eefa v\u00e0 h\u01b0\u1edbng d\u1eabn s\u1eed d\u1ee5ng. Ch\u00fang t\u00f4i cam k\u1ebft cung c\u1ea5p d\u1ecbch v\u1ee5 kh\u00e1ch h\u00e0ng t\u1eadn t\u00e2m, nhanh ch\u00f3ng v\u00e0 chuy\u00ean nghi\u1ec7p, gi\u00fap kh\u00e1ch h\u00e0ng an t\u00e2m trong m\u1ecdi qu\u00e1 tr\u00ecnh tr\u1ea3i nghi\u1ec7m s\u1ea3n ph\u1ea9m.<\/p>\n<p><strong>NGE 3D Printers Services \u2013 Gi\u1ea3i Ph\u00e1p C\u00f4ng Ngh\u1ec7 3D To\u00e0n Di\u1ec7n cho M\u1ecdi Ng\u00e0nh C\u00f4ng Nghi\u1ec7p<\/strong><\/p>\n\t\t<\/div>\n\t\t\t\t\t<\/div>\n\n\t\n<\/div>\n\t\t<\/div>\n\n\t\t\n<style>\n#section_2021322629 {\n  padding-top: 30px;\n  padding-bottom: 30px;\n}\n<\/style>\n\t<\/section>","protected":false},"excerpt":{"rendered":"","protected":false},"author":1,"featured_media":0,"parent":0,"menu_order":0,"comment_status":"closed","ping_status":"closed","template":"page-blank.php","meta":{"inline_featured_image":false,"footnotes":""},"class_list":["post-222","page","type-page","status-publish","hentry"],"yoast_head":"<!-- This site is optimized with the Yoast SEO Premium plugin v22.8 (Yoast SEO v26.9) - https:\/\/yoast.com\/product\/yoast-seo-premium-wordpress\/ -->\n<title>Gi\u1edbi thi\u1ec7u - NGE 3D Printers Services<\/title>\n<meta name=\"robots\" content=\"index, follow, max-snippet:-1, max-image-preview:large, max-video-preview:-1\" \/>\n<link rel=\"canonical\" href=\"https:\/\/nge.vn\/en\/gioi-thieu\/\" \/>\n<meta property=\"og:locale\" content=\"en_US\" \/>\n<meta property=\"og:type\" content=\"article\" \/>\n<meta property=\"og:title\" content=\"Gi\u1edbi thi\u1ec7u\" \/>\n<meta property=\"og:url\" content=\"https:\/\/nge.vn\/en\/gioi-thieu\/\" \/>\n<meta property=\"og:site_name\" content=\"NGE 3D Printers Services\" \/>\n<meta property=\"article:modified_time\" content=\"2024-10-28T01:19:56+00:00\" \/>\n<meta name=\"twitter:card\" content=\"summary_large_image\" \/>\n<meta name=\"twitter:label1\" content=\"Est. reading time\" \/>\n\t<meta name=\"twitter:data1\" content=\"4 minutes\" \/>\n<script type=\"application\/ld+json\" class=\"yoast-schema-graph\">{\"@context\":\"https:\/\/schema.org\",\"@graph\":[{\"@type\":\"WebPage\",\"@id\":\"https:\/\/nge.vn\/gioi-thieu\/\",\"url\":\"https:\/\/nge.vn\/gioi-thieu\/\",\"name\":\"Gi\u1edbi thi\u1ec7u - NGE 3D Printers Services\",\"isPartOf\":{\"@id\":\"https:\/\/nge.vn\/#website\"},\"datePublished\":\"2024-10-24T03:11:21+00:00\",\"dateModified\":\"2024-10-28T01:19:56+00:00\",\"breadcrumb\":{\"@id\":\"https:\/\/nge.vn\/gioi-thieu\/#breadcrumb\"},\"inLanguage\":\"en-US\",\"potentialAction\":[{\"@type\":\"ReadAction\",\"target\":[\"https:\/\/nge.vn\/gioi-thieu\/\"]}]},{\"@type\":\"BreadcrumbList\",\"@id\":\"https:\/\/nge.vn\/gioi-thieu\/#breadcrumb\",\"itemListElement\":[{\"@type\":\"ListItem\",\"position\":1,\"name\":\"Trang ch\u1ee7\",\"item\":\"https:\/\/nge.vn\/\"},{\"@type\":\"ListItem\",\"position\":2,\"name\":\"Gi\u1edbi thi\u1ec7u\"}]},{\"@type\":\"WebSite\",\"@id\":\"https:\/\/nge.vn\/#website\",\"url\":\"https:\/\/nge.vn\/\",\"name\":\"NGE 3D Printers Services\",\"description\":\"\",\"potentialAction\":[{\"@type\":\"SearchAction\",\"target\":{\"@type\":\"EntryPoint\",\"urlTemplate\":\"https:\/\/nge.vn\/?s={search_term_string}\"},\"query-input\":{\"@type\":\"PropertyValueSpecification\",\"valueRequired\":true,\"valueName\":\"search_term_string\"}}],\"inLanguage\":\"en-US\"}]}<\/script>\n<!-- \/ Yoast SEO Premium plugin. -->","yoast_head_json":{"title":"Gi\u1edbi thi\u1ec7u - NGE 3D Printers Services","robots":{"index":"index","follow":"follow","max-snippet":"max-snippet:-1","max-image-preview":"max-image-preview:large","max-video-preview":"max-video-preview:-1"},"canonical":"https:\/\/nge.vn\/en\/gioi-thieu\/","og_locale":"en_US","og_type":"article","og_title":"Gi\u1edbi thi\u1ec7u","og_url":"https:\/\/nge.vn\/en\/gioi-thieu\/","og_site_name":"NGE 3D Printers Services","article_modified_time":"2024-10-28T01:19:56+00:00","twitter_card":"summary_large_image","twitter_misc":{"Est. reading time":"4 minutes"},"schema":{"@context":"https:\/\/schema.org","@graph":[{"@type":"WebPage","@id":"https:\/\/nge.vn\/gioi-thieu\/","url":"https:\/\/nge.vn\/gioi-thieu\/","name":"Gi\u1edbi thi\u1ec7u - NGE 3D Printers Services","isPartOf":{"@id":"https:\/\/nge.vn\/#website"},"datePublished":"2024-10-24T03:11:21+00:00","dateModified":"2024-10-28T01:19:56+00:00","breadcrumb":{"@id":"https:\/\/nge.vn\/gioi-thieu\/#breadcrumb"},"inLanguage":"en-US","potentialAction":[{"@type":"ReadAction","target":["https:\/\/nge.vn\/gioi-thieu\/"]}]},{"@type":"BreadcrumbList","@id":"https:\/\/nge.vn\/gioi-thieu\/#breadcrumb","itemListElement":[{"@type":"ListItem","position":1,"name":"Trang ch\u1ee7","item":"https:\/\/nge.vn\/"},{"@type":"ListItem","position":2,"name":"Gi\u1edbi thi\u1ec7u"}]},{"@type":"WebSite","@id":"https:\/\/nge.vn\/#website","url":"https:\/\/nge.vn\/","name":"NGE 3D Printers Services","description":"","potentialAction":[{"@type":"SearchAction","target":{"@type":"EntryPoint","urlTemplate":"https:\/\/nge.vn\/?s={search_term_string}"},"query-input":{"@type":"PropertyValueSpecification","valueRequired":true,"valueName":"search_term_string"}}],"inLanguage":"en-US"}]}},"_links":{"self":[{"href":"https:\/\/nge.vn\/en\/wp-json\/wp\/v2\/pages\/222","targetHints":{"allow":["GET"]}}],"collection":[{"href":"https:\/\/nge.vn\/en\/wp-json\/wp\/v2\/pages"}],"about":[{"href":"https:\/\/nge.vn\/en\/wp-json\/wp\/v2\/types\/page"}],"author":[{"embeddable":true,"href":"https:\/\/nge.vn\/en\/wp-json\/wp\/v2\/users\/1"}],"replies":[{"embeddable":true,"href":"https:\/\/nge.vn\/en\/wp-json\/wp\/v2\/comments?post=222"}],"version-history":[{"count":3,"href":"https:\/\/nge.vn\/en\/wp-json\/wp\/v2\/pages\/222\/revisions"}],"predecessor-version":[{"id":4249,"href":"https:\/\/nge.vn\/en\/wp-json\/wp\/v2\/pages\/222\/revisions\/4249"}],"wp:attachment":[{"href":"https:\/\/nge.vn\/en\/wp-json\/wp\/v2\/media?parent=222"}],"curies":[{"name":"wp","href":"https:\/\/api.w.org\/{rel}","templated":true}]}}